{"id":9213,"date":"2021-01-26T21:42:56","date_gmt":"2021-01-26T21:42:56","guid":{"rendered":"https:\/\/bruderklaus.com\/flueeli-ranft\/"},"modified":"2026-04-17T09:24:03","modified_gmt":"2026-04-17T07:24:03","slug":"flueeli-ranft","status":"publish","type":"page","link":"https:\/\/bruderklaus.com\/it\/orte-informationen\/flueeli-ranft\/","title":{"rendered":"Fl\u00fceli"},"content":{"rendered":"\n<h2 class=\"wp-block-heading\"><strong><strong>Il villaggio di Fl\u00fceli<\/strong> (Fl\u00fceli-Ranft)<\/strong><\/h2>\n\n\n\n<p>Il villaggio di Fl\u00fceli \u00e8 situato su un altopiano a 4 km sopra di Sachseln. Qui nacque Nicolao della Flue, qui visse con sua moglie Dorotea Wyss e con i figli. I luoghi dove ha vissuto e lavorato sono aperte al pubblico.<\/p>\n","protected":false},"excerpt":{"rendered":"<p>Il villaggio di Fl\u00fceli (Fl\u00fceli-Ranft) Il villaggio di Fl\u00fceli \u00e8 situato su un altopiano a 4 km sopra di Sachseln. Qui nacque Nicolao della Flue, qui visse con sua moglie Dorotea Wyss e con i figli. I luoghi dove ha vissuto e lavorato sono aperte al pubblico.<\/p>\n","protected":false},"author":3,"featured_media":1318,"parent":9592,"menu_order":120,"comment_status":"closed","ping_status":"closed","template":"","meta":{"_acf_changed":false,"footnotes":""},"acf":[],"_links":{"self":[{"href":"https:\/\/bruderklaus.com\/it\/wp-json\/wp\/v2\/pages\/9213"}],"collection":[{"href":"https:\/\/bruderklaus.com\/it\/wp-json\/wp\/v2\/pages"}],"about":[{"href":"https:\/\/bruderklaus.com\/it\/wp-json\/wp\/v2\/types\/page"}],"author":[{"embeddable":true,"href":"https:\/\/bruderklaus.com\/it\/wp-json\/wp\/v2\/users\/3"}],"replies":[{"embeddable":true,"href":"https:\/\/bruderklaus.com\/it\/wp-json\/wp\/v2\/comments?post=9213"}],"version-history":[{"count":2,"href":"https:\/\/bruderklaus.com\/it\/wp-json\/wp\/v2\/pages\/9213\/revisions"}],"predecessor-version":[{"id":25257,"href":"https:\/\/bruderklaus.com\/it\/wp-json\/wp\/v2\/pages\/9213\/revisions\/25257"}],"up":[{"embeddable":true,"href":"https:\/\/bruderklaus.com\/it\/wp-json\/wp\/v2\/pages\/9592"}],"wp:featuredmedia":[{"embeddable":true,"href":"https:\/\/bruderklaus.com\/it\/wp-json\/wp\/v2\/media\/1318"}],"wp:attachment":[{"href":"https:\/\/bruderklaus.com\/it\/wp-json\/wp\/v2\/media?parent=9213"}],"curies":[{"name":"wp","href":"https:\/\/api.w.org\/{rel}","templated":true}]}}