{"id":11126,"date":"2021-01-26T21:45:10","date_gmt":"2021-01-26T21:45:10","guid":{"rendered":"https:\/\/bruderklaus.com\/angebote-wallfahrt\/schulen\/ton-spur\/"},"modified":"2021-05-30T16:33:42","modified_gmt":"2021-05-30T14:33:42","slug":"ton-spur","status":"publish","type":"page","link":"https:\/\/bruderklaus.com\/it\/angebote-wallfahrt\/schulen\/ton-spur\/","title":{"rendered":"Ton Spur"},"content":{"rendered":"\n<div class=\"wp-block-group\"><div class=\"wp-block-group__inner-container is-layout-flow wp-block-group-is-layout-flow\">\n<div class=\"wp-block-columns is-layout-flex wp-container-core-columns-layout-1 wp-block-columns-is-layout-flex\">\n<div class=\"wp-block-column is-layout-flow wp-block-column-is-layout-flow\" style=\"flex-basis:33.33%\">\n<figure class=\"wp-block-image size-large\"><img decoding=\"async\" width=\"1024\" height=\"681\" src=\"https:\/\/bruderklaus.com\/wp-content\/uploads\/2021\/03\/tonspur_bild-neu1-1024x681.jpg\" alt=\"\" class=\"wp-image-1861\" srcset=\"https:\/\/bruderklaus.com\/wp-content\/uploads\/2021\/03\/tonspur_bild-neu1-1024x681.jpg 1024w, https:\/\/bruderklaus.com\/wp-content\/uploads\/2021\/03\/tonspur_bild-neu1-300x200.jpg 300w, https:\/\/bruderklaus.com\/wp-content\/uploads\/2021\/03\/tonspur_bild-neu1-768x511.jpg 768w, https:\/\/bruderklaus.com\/wp-content\/uploads\/2021\/03\/tonspur_bild-neu1-1536x1022.jpg 1536w, https:\/\/bruderklaus.com\/wp-content\/uploads\/2021\/03\/tonspur_bild-neu1.jpg 2048w, https:\/\/bruderklaus.com\/wp-content\/uploads\/2021\/03\/tonspur_bild-neu1-600x399.jpg 600w\" sizes=\"(max-width: 1024px) 100vw, 1024px\" \/><\/figure>\n<\/div>\n\n\n\n<div class=\"wp-block-column is-layout-flow wp-block-column-is-layout-flow\" style=\"flex-basis:66.66%\">\n<p><strong>TonSpur Fl\u00fceli-Ranft, ein bebildertes H\u00f6rspiel <\/strong><\/p>\n\n\n\n<p>Lena im Gespr\u00e4ch mit Bruder Klaus und Dorothee. Der Bogen spannt zwischen der Spiritualit\u00e4t von Niklaus von Fl\u00fce und den Fragen an das Leben von heute. <\/p>\n\n\n\n<p>Die TonSpur Fl\u00fceli-Ranft entstand im Gedenkjahr 2017. QR-Codes zum Download sind an diversen Orten im Fl\u00fceli sowie im Museum Bruder Klaus Sachseln angebracht.<\/p>\n\n\n\n<p>Geeignet f\u00fcr&nbsp;Jugendliche und junge Erwachsene, auch&nbsp;zur Vor- oder Nachbereitung eines Besuchs bei Bruder Klaus.<\/p>\n\n\n\n<p><a href=\"http:\/\/www.ton-spur.ch\/flueli-ranft\">Download<\/a><\/p>\n<\/div>\n<\/div>\n<\/div><\/div>\n","protected":false},"excerpt":{"rendered":"<p>TonSpur Fl\u00fceli-Ranft, ein bebildertes H\u00f6rspiel Lena im Gespr\u00e4ch mit Bruder Klaus und Dorothee. Der Bogen spannt zwischen der Spiritualit\u00e4t von Niklaus von Fl\u00fce und den Fragen an das Leben von heute. Die TonSpur Fl\u00fceli-Ranft entstand im Gedenkjahr 2017. QR-Codes zum Download sind an diversen Orten im Fl\u00fceli sowie im Museum Bruder Klaus Sachseln angebracht. Geeignet [&hellip;]<\/p>\n","protected":false},"author":3,"featured_media":3139,"parent":9814,"menu_order":80,"comment_status":"closed","ping_status":"closed","template":"","meta":{"_acf_changed":false,"footnotes":""},"acf":[],"_links":{"self":[{"href":"https:\/\/bruderklaus.com\/it\/wp-json\/wp\/v2\/pages\/11126"}],"collection":[{"href":"https:\/\/bruderklaus.com\/it\/wp-json\/wp\/v2\/pages"}],"about":[{"href":"https:\/\/bruderklaus.com\/it\/wp-json\/wp\/v2\/types\/page"}],"author":[{"embeddable":true,"href":"https:\/\/bruderklaus.com\/it\/wp-json\/wp\/v2\/users\/3"}],"replies":[{"embeddable":true,"href":"https:\/\/bruderklaus.com\/it\/wp-json\/wp\/v2\/comments?post=11126"}],"version-history":[{"count":1,"href":"https:\/\/bruderklaus.com\/it\/wp-json\/wp\/v2\/pages\/11126\/revisions"}],"predecessor-version":[{"id":11150,"href":"https:\/\/bruderklaus.com\/it\/wp-json\/wp\/v2\/pages\/11126\/revisions\/11150"}],"up":[{"embeddable":true,"href":"https:\/\/bruderklaus.com\/it\/wp-json\/wp\/v2\/pages\/9814"}],"wp:featuredmedia":[{"embeddable":true,"href":"https:\/\/bruderklaus.com\/it\/wp-json\/wp\/v2\/media\/3139"}],"wp:attachment":[{"href":"https:\/\/bruderklaus.com\/it\/wp-json\/wp\/v2\/media?parent=11126"}],"curies":[{"name":"wp","href":"https:\/\/api.w.org\/{rel}","templated":true}]}}