{"id":11120,"date":"2021-01-26T21:45:10","date_gmt":"2021-01-26T21:45:10","guid":{"rendered":"https:\/\/bruderklaus.com\/angebote-wallfahrt\/schulen\/mission-klaus\/"},"modified":"2021-07-04T17:56:06","modified_gmt":"2021-07-04T15:56:06","slug":"mission-klaus","status":"publish","type":"page","link":"https:\/\/bruderklaus.com\/it\/angebote-wallfahrt\/schulen\/mission-klaus\/","title":{"rendered":"Mission Klaus"},"content":{"rendered":"\n<h2 class=\"wp-block-heading\">Mission Klaus \u2013 R\u00e4tselpfad Fl\u00fceli-Ranft<\/h2>\n\n\n\n<p>Entdecke Bruder Klaus und seine Frau Dorothee auf lustvolle Art \u2013 digital und analog. Mit dem \u00abKlaus-Sack\u00bb, Smartphone (mobiles Internet und QR Code Reader) und 3 Stunden Zeit bist du ger\u00fcstet. Das R\u00e4tselerlebnis kann beginnen. Garantiert: Spass und Lerneffekt.<\/p>\n\n\n\n<div class=\"wp-block-columns is-layout-flex wp-container-core-columns-layout-1 wp-block-columns-is-layout-flex\">\n<div class=\"wp-block-column is-layout-flow wp-block-column-is-layout-flow\">\n<figure class=\"wp-block-image size-large\"><img decoding=\"async\" width=\"1024\" height=\"683\" src=\"https:\/\/bruderklaus.com\/wp-content\/uploads\/2021\/03\/girls-vor-wohnhaus1-1024x683.jpg\" alt=\"\" class=\"wp-image-2266\" srcset=\"https:\/\/bruderklaus.com\/wp-content\/uploads\/2021\/03\/girls-vor-wohnhaus1-1024x683.jpg 1024w, https:\/\/bruderklaus.com\/wp-content\/uploads\/2021\/03\/girls-vor-wohnhaus1-300x200.jpg 300w, https:\/\/bruderklaus.com\/wp-content\/uploads\/2021\/03\/girls-vor-wohnhaus1-768x512.jpg 768w, https:\/\/bruderklaus.com\/wp-content\/uploads\/2021\/03\/girls-vor-wohnhaus1-1536x1024.jpg 1536w, https:\/\/bruderklaus.com\/wp-content\/uploads\/2021\/03\/girls-vor-wohnhaus1.jpg 2048w, https:\/\/bruderklaus.com\/wp-content\/uploads\/2021\/03\/girls-vor-wohnhaus1-600x400.jpg 600w\" sizes=\"(max-width: 1024px) 100vw, 1024px\" \/><\/figure>\n<\/div>\n\n\n\n<div class=\"wp-block-column is-layout-flow wp-block-column-is-layout-flow\">\n<figure class=\"wp-block-image size-large\"><img decoding=\"async\" width=\"1024\" height=\"682\" src=\"https:\/\/bruderklaus.com\/wp-content\/uploads\/2021\/03\/bk-statue-u.-familie1-1024x682.jpg\" alt=\"\" class=\"wp-image-2251\" srcset=\"https:\/\/bruderklaus.com\/wp-content\/uploads\/2021\/03\/bk-statue-u.-familie1-1024x682.jpg 1024w, https:\/\/bruderklaus.com\/wp-content\/uploads\/2021\/03\/bk-statue-u.-familie1.jpg 2000w, https:\/\/bruderklaus.com\/wp-content\/uploads\/2021\/03\/bk-statue-u.-familie1-300x200.jpg 300w, https:\/\/bruderklaus.com\/wp-content\/uploads\/2021\/03\/bk-statue-u.-familie1-768x512.jpg 768w, https:\/\/bruderklaus.com\/wp-content\/uploads\/2021\/03\/bk-statue-u.-familie1-1536x1024.jpg 1536w, https:\/\/bruderklaus.com\/wp-content\/uploads\/2021\/03\/bk-statue-u.-familie1-600x400.jpg 600w\" sizes=\"(max-width: 1024px) 100vw, 1024px\" \/><\/figure>\n<\/div>\n\n\n\n<div class=\"wp-block-column is-layout-flow wp-block-column-is-layout-flow\">\n<figure class=\"wp-block-image size-large\"><img decoding=\"async\" width=\"1800\" height=\"1200\" src=\"https:\/\/bruderklaus.com\/wp-content\/uploads\/2021\/03\/auf-und-los_fr-briefmarke.jpg\" alt=\"\" class=\"wp-image-4854\"\/><\/figure>\n<\/div>\n<\/div>\n\n\n\n<p><strong>F\u00fcr Neugierige mit K\u00f6pfchen<\/strong><\/p>\n\n\n\n<ul><li>junge Menschen jeden Alters<\/li><li>Familien, Teamausfl\u00fcge, Freundeskreis, Jugendgruppen, Vereine etc.<\/li><li>alle, die gerne Kniffel-R\u00e4tsel l\u00f6sen und mehr \u00fcber Niklaus von Fl\u00fce erfahren wollen<\/li><li>ideal f\u00fcr von 2 bis 7 Personen (gr\u00f6ssere Gruppen starten zeitlich verschoben)<\/li><\/ul>\n\n\n\n<p><strong>Wie und wo?<\/strong><\/p>\n\n\n\n<p>Start an der Reception des Hotel Paxmontana, Fl\u00fceli-Ranft<br>Hier erh\u00e4ltst du die Startunterlagen und erf\u00e4hrst alles Notwendige<\/p>\n\n\n\n<p><strong>\u00d6ffnungszeiten<\/strong><\/p>\n\n\n\n<ul><li>ganzj\u00e4hrig, 7 Tage die Woche<\/li><li>tags\u00fcber<\/li><li>ohne Anmeldung<\/li><li>du brauchst 2\u20133 Stunden, je nachdem wie rasch du die Kniffelaufgaben knacken kannst<\/li><\/ul>\n\n\n\n<p><strong>Kosten?<\/strong><\/p>\n\n\n\n<ul><li>Mission Klaus ist kostenlos<\/li><li>Spenden sind herzlich willkommen<\/li><li>IBAN CH80 0078 0000 3517 4215 4<\/li><\/ul>\n\n\n\n<p><strong>Fragen?<\/strong> kontakt@bruderklaus.com oder +41 (0)41 660 44 18<\/p>\n\n\n\n<p><strong>Mach dich auf den Weg und knack die R\u00e4tsel rund um Klaus und Dorothee<\/strong>.<\/p>\n\n\n\n<div class=\"wp-block-columns is-layout-flex wp-container-core-columns-layout-2 wp-block-columns-is-layout-flex\">\n<div class=\"wp-block-column is-layout-flow wp-block-column-is-layout-flow\">\n<figure class=\"wp-block-image size-large\"><img decoding=\"async\" width=\"1024\" height=\"768\" src=\"https:\/\/bruderklaus.com\/wp-content\/uploads\/2021\/03\/Mission-4_Fernrohr1.-Probelauf-76-1-1024x768.jpg\" alt=\"\" class=\"wp-image-3020\" srcset=\"https:\/\/bruderklaus.com\/wp-content\/uploads\/2021\/03\/Mission-4_Fernrohr1.-Probelauf-76-1-1024x768.jpg 1024w, https:\/\/bruderklaus.com\/wp-content\/uploads\/2021\/03\/Mission-4_Fernrohr1.-Probelauf-76-1-300x225.jpg 300w, https:\/\/bruderklaus.com\/wp-content\/uploads\/2021\/03\/Mission-4_Fernrohr1.-Probelauf-76-1-768x576.jpg 768w, https:\/\/bruderklaus.com\/wp-content\/uploads\/2021\/03\/Mission-4_Fernrohr1.-Probelauf-76-1-1536x1152.jpg 1536w, https:\/\/bruderklaus.com\/wp-content\/uploads\/2021\/03\/Mission-4_Fernrohr1.-Probelauf-76-1.jpg 2048w, https:\/\/bruderklaus.com\/wp-content\/uploads\/2021\/03\/Mission-4_Fernrohr1.-Probelauf-76-1-600x450.jpg 600w\" sizes=\"(max-width: 1024px) 100vw, 1024px\" \/><\/figure>\n<\/div>\n\n\n\n<div class=\"wp-block-column is-layout-flow wp-block-column-is-layout-flow\">\n<figure class=\"wp-block-image size-large\"><img decoding=\"async\" width=\"1024\" height=\"768\" src=\"https:\/\/bruderklaus.com\/wp-content\/uploads\/2021\/03\/mission-5_kapellengang1.-probelauf-6-scaled1-1024x768.jpg\" alt=\"\" class=\"wp-image-2173\" srcset=\"https:\/\/bruderklaus.com\/wp-content\/uploads\/2021\/03\/mission-5_kapellengang1.-probelauf-6-scaled1-1024x768.jpg 1024w, https:\/\/bruderklaus.com\/wp-content\/uploads\/2021\/03\/mission-5_kapellengang1.-probelauf-6-scaled1-300x225.jpg 300w, https:\/\/bruderklaus.com\/wp-content\/uploads\/2021\/03\/mission-5_kapellengang1.-probelauf-6-scaled1-768x576.jpg 768w, https:\/\/bruderklaus.com\/wp-content\/uploads\/2021\/03\/mission-5_kapellengang1.-probelauf-6-scaled1-1536x1152.jpg 1536w, https:\/\/bruderklaus.com\/wp-content\/uploads\/2021\/03\/mission-5_kapellengang1.-probelauf-6-scaled1.jpg 2048w, https:\/\/bruderklaus.com\/wp-content\/uploads\/2021\/03\/mission-5_kapellengang1.-probelauf-6-scaled1-600x450.jpg 600w\" sizes=\"(max-width: 1024px) 100vw, 1024px\" \/><\/figure>\n<\/div>\n\n\n\n<div class=\"wp-block-column is-layout-flow wp-block-column-is-layout-flow\">\n<figure class=\"wp-block-image size-large\"><img decoding=\"async\" src=\"https:\/\/bruderklaus.com\/wp-content\/uploads\/2021\/03\/IMG-20190919-WA0007-2-1024x768.jpg\" alt=\"\" class=\"wp-image-5355\"\/><\/figure>\n<\/div>\n<\/div>\n","protected":false},"excerpt":{"rendered":"<p>Mission Klaus \u2013 R\u00e4tselpfad Fl\u00fceli-Ranft Entdecke Bruder Klaus und seine Frau Dorothee auf lustvolle Art \u2013 digital und analog. Mit dem \u00abKlaus-Sack\u00bb, Smartphone (mobiles Internet und QR Code Reader) und 3 Stunden Zeit bist du ger\u00fcstet. Das R\u00e4tselerlebnis kann beginnen. Garantiert: Spass und Lerneffekt. F\u00fcr Neugierige mit K\u00f6pfchen junge Menschen jeden Alters Familien, Teamausfl\u00fcge, Freundeskreis, [&hellip;]<\/p>\n","protected":false},"author":3,"featured_media":2262,"parent":9814,"menu_order":15,"comment_status":"closed","ping_status":"closed","template":"","meta":{"_acf_changed":false,"footnotes":""},"acf":[],"_links":{"self":[{"href":"https:\/\/bruderklaus.com\/it\/wp-json\/wp\/v2\/pages\/11120"}],"collection":[{"href":"https:\/\/bruderklaus.com\/it\/wp-json\/wp\/v2\/pages"}],"about":[{"href":"https:\/\/bruderklaus.com\/it\/wp-json\/wp\/v2\/types\/page"}],"author":[{"embeddable":true,"href":"https:\/\/bruderklaus.com\/it\/wp-json\/wp\/v2\/users\/3"}],"replies":[{"embeddable":true,"href":"https:\/\/bruderklaus.com\/it\/wp-json\/wp\/v2\/comments?post=11120"}],"version-history":[{"count":2,"href":"https:\/\/bruderklaus.com\/it\/wp-json\/wp\/v2\/pages\/11120\/revisions"}],"predecessor-version":[{"id":13210,"href":"https:\/\/bruderklaus.com\/it\/wp-json\/wp\/v2\/pages\/11120\/revisions\/13210"}],"up":[{"embeddable":true,"href":"https:\/\/bruderklaus.com\/it\/wp-json\/wp\/v2\/pages\/9814"}],"wp:featuredmedia":[{"embeddable":true,"href":"https:\/\/bruderklaus.com\/it\/wp-json\/wp\/v2\/media\/2262"}],"wp:attachment":[{"href":"https:\/\/bruderklaus.com\/it\/wp-json\/wp\/v2\/media?parent=11120"}],"curies":[{"name":"wp","href":"https:\/\/api.w.org\/{rel}","templated":true}]}}