{"id":11118,"date":"2021-01-26T21:45:10","date_gmt":"2021-01-26T21:45:10","guid":{"rendered":"https:\/\/bruderklaus.com\/angebote-wallfahrt\/schulen\/unterrichtsbox\/"},"modified":"2021-07-04T18:02:25","modified_gmt":"2021-07-04T16:02:25","slug":"unterrichtsbox","status":"publish","type":"page","link":"https:\/\/bruderklaus.com\/it\/angebote-wallfahrt\/schulen\/unterrichtsbox\/","title":{"rendered":"Scatola didattica"},"content":{"rendered":"\n<div class=\"wp-block-columns is-layout-flex wp-container-core-columns-layout-1 wp-block-columns-is-layout-flex\">\n<div class=\"wp-block-column is-layout-flow wp-block-column-is-layout-flow\" style=\"flex-basis:33.33%\">\n<figure class=\"wp-block-image size-large\"><img decoding=\"async\" width=\"250\" height=\"166\" src=\"https:\/\/bruderklaus.com\/wp-content\/uploads\/2021\/04\/250_Pixel-IMG_5898.jpg\" alt=\"\" class=\"wp-image-8224\"\/><\/figure>\n<\/div>\n\n\n\n<div class=\"wp-block-column is-layout-flow wp-block-column-is-layout-flow\" style=\"flex-basis:66.66%\">\n<p><strong>Una scatola didattica per una doppia lezione su Nicolao della Fl\u00fce<\/strong><br><strong>Prestito di materiale (in tedesco)<\/strong><\/p>\n\n\n\n<p><strong>Contenuto di una scatola<\/strong><br>Costumi e testo per un gioco di ruolo, schede di attivit\u00e0, film in DVD &#8220;La giovent\u00f9 spiega Nicolao della Fl\u00fce&#8221;, presentazione PP, giochi di domino, poster, Bruder Klaus comic (in italiano), pianificazione della lezione.<\/p>\n\n\n\n<p>Noleggio di materiale gratuito. Una tariffa forfettaria di CHF 20 sar\u00e0 addebitata per la consegna postale (solo in Svizzera).<br>Adatto al livello 1 della scuola primaria e secondaria.<\/p>\n<\/div>\n<\/div>\n\n\n\n<p><\/p>\n","protected":false},"excerpt":{"rendered":"<p>Una scatola didattica per una doppia lezione su Nicolao della Fl\u00fcePrestito di materiale (in tedesco) Contenuto di una scatolaCostumi e testo per un gioco di ruolo, schede di attivit\u00e0, film in DVD &#8220;La giovent\u00f9 spiega Nicolao della Fl\u00fce&#8221;, presentazione PP, giochi di domino, poster, Bruder Klaus comic (in italiano), pianificazione della lezione. Noleggio di materiale [&hellip;]<\/p>\n","protected":false},"author":3,"featured_media":1929,"parent":9814,"menu_order":10,"comment_status":"closed","ping_status":"closed","template":"","meta":{"_acf_changed":false,"footnotes":""},"acf":[],"_links":{"self":[{"href":"https:\/\/bruderklaus.com\/it\/wp-json\/wp\/v2\/pages\/11118"}],"collection":[{"href":"https:\/\/bruderklaus.com\/it\/wp-json\/wp\/v2\/pages"}],"about":[{"href":"https:\/\/bruderklaus.com\/it\/wp-json\/wp\/v2\/types\/page"}],"author":[{"embeddable":true,"href":"https:\/\/bruderklaus.com\/it\/wp-json\/wp\/v2\/users\/3"}],"replies":[{"embeddable":true,"href":"https:\/\/bruderklaus.com\/it\/wp-json\/wp\/v2\/comments?post=11118"}],"version-history":[{"count":3,"href":"https:\/\/bruderklaus.com\/it\/wp-json\/wp\/v2\/pages\/11118\/revisions"}],"predecessor-version":[{"id":13215,"href":"https:\/\/bruderklaus.com\/it\/wp-json\/wp\/v2\/pages\/11118\/revisions\/13215"}],"up":[{"embeddable":true,"href":"https:\/\/bruderklaus.com\/it\/wp-json\/wp\/v2\/pages\/9814"}],"wp:featuredmedia":[{"embeddable":true,"href":"https:\/\/bruderklaus.com\/it\/wp-json\/wp\/v2\/media\/1929"}],"wp:attachment":[{"href":"https:\/\/bruderklaus.com\/it\/wp-json\/wp\/v2\/media?parent=11118"}],"curies":[{"name":"wp","href":"https:\/\/api.w.org\/{rel}","templated":true}]}}