{"id":11083,"date":"2021-01-26T21:44:34","date_gmt":"2021-01-26T21:44:34","guid":{"rendered":"https:\/\/bruderklaus.com\/niklaus-von-fluee-dorothee-wyss\/gebete\/ursprung-des-bk-gebets\/"},"modified":"2021-07-04T17:14:49","modified_gmt":"2021-07-04T15:14:49","slug":"ursprung-des-bk-gebets","status":"publish","type":"page","link":"https:\/\/bruderklaus.com\/it\/niklaus-von-fluee-dorothee-wyss\/gebete\/ursprung-des-bk-gebets\/","title":{"rendered":"Origine della preghiera"},"content":{"rendered":"\n<h2 class=\"wp-block-heading\">Origine della preghiera di Bruder Klaus<\/h2>\n\n\n\n<p>La Preghiera di Bruder Klaus permette di approfondire la comprensione di Nicolao della Fl\u00fce come mistico e ricercatore di Dio. Non manca in nessuna chiesa o cappella a lui dedicata. Anche quando c&#8217;\u00e8 poco spazio per una descrizione della sua vita, viene citata. \u00c8 l&#8217;inno pi\u00f9 cantato sia nella chiesa riformata che in quella cattolica in Svizzera (Suisa, 2014).<\/p>\n\n\n\n<p>La grande stima di cui gode la breve e memorabile \u00abPreghiera per la serenit\u00e0\u00bb (Pirmin Meier) si riflette anche nel fatto che \u00e8 stata inserita nel catechismo mondiale (cattolico). Viene immediatamente prima della ben pi\u00f9 famosa preghiera \u00abNada te turbe\u2026\u00bb di Teresa d&#8217;Avila.<\/p>\n\n\n\n<div class=\"wp-block-columns is-layout-flex wp-container-core-columns-layout-1 wp-block-columns-is-layout-flex\">\n<div class=\"wp-block-column is-layout-flow wp-block-column-is-layout-flow\">\n<hr class=\"wp-block-separator\"\/>\n<\/div>\n<\/div>\n\n\n\n<h2 class=\"wp-block-heading\"><strong><em>Bruder Claussen gewohnliches gebeth um 1500<\/em><\/strong><\/h2>\n\n\n\n<div class=\"wp-block-columns is-layout-flex wp-container-core-columns-layout-2 wp-block-columns-is-layout-flex\">\n<div class=\"wp-block-column is-layout-flow wp-block-column-is-layout-flow\" style=\"flex-basis:33.33%\">\n<figure class=\"wp-block-image size-large\"><img decoding=\"async\" width=\"470\" height=\"1024\" src=\"https:\/\/bruderklaus.com\/wp-content\/uploads\/2021\/03\/aeltestes-Bild_Datei-von-von-Ah-Druck-\u00a9-Bruder-Klaus-Sachseln-470x1024.jpg\" alt=\"\" class=\"wp-image-2741\" srcset=\"https:\/\/bruderklaus.com\/wp-content\/uploads\/2021\/03\/aeltestes-Bild_Datei-von-von-Ah-Druck-\u00a9-Bruder-Klaus-Sachseln-470x1024.jpg 470w, https:\/\/bruderklaus.com\/wp-content\/uploads\/2021\/03\/aeltestes-Bild_Datei-von-von-Ah-Druck-\u00a9-Bruder-Klaus-Sachseln-138x300.jpg 138w, https:\/\/bruderklaus.com\/wp-content\/uploads\/2021\/03\/aeltestes-Bild_Datei-von-von-Ah-Druck-\u00a9-Bruder-Klaus-Sachseln-768x1673.jpg 768w, https:\/\/bruderklaus.com\/wp-content\/uploads\/2021\/03\/aeltestes-Bild_Datei-von-von-Ah-Druck-\u00a9-Bruder-Klaus-Sachseln-705x1536.jpg 705w, https:\/\/bruderklaus.com\/wp-content\/uploads\/2021\/03\/aeltestes-Bild_Datei-von-von-Ah-Druck-\u00a9-Bruder-Klaus-Sachseln.jpg 940w, https:\/\/bruderklaus.com\/wp-content\/uploads\/2021\/03\/aeltestes-Bild_Datei-von-von-Ah-Druck-\u00a9-Bruder-Klaus-Sachseln-600x1307.jpg 600w\" sizes=\"(max-width: 470px) 100vw, 470px\" \/><\/figure>\n<\/div>\n\n\n\n<div class=\"wp-block-column is-layout-flow wp-block-column-is-layout-flow\" style=\"flex-basis:66.66%\">\n<p>\u00abO myn got unde min here nym mich mir und gyb mich gancz zcu eygen dyr.\u00bb<br>\u00abO myn got und myn here nym von myr alles das mich hynert gegen dyr.\u00bb<br>\u00abO myn got unde myn here gyb myr alles das mich furdert zu dyr. Amen.\u00bb<\/p>\n\n\n\n<p>Die massgebliche Studie zu \u00ab<em>Klausens gewonlich bet<\/em>\u00bb stammt von Prof. Heinrich Stirnimann op von 1981. Besonders bemerkenswert ist, dass die bei weitem popul\u00e4rere Version des Gebets nicht den \u00e4ltesten Fassungen entspricht:<\/p>\n\n\n\n<p><strong>\u00c4ltere Version<br><\/strong>Mein Herr und mein Gott,<br>nimm mich mir und gib mich ganz zu eigen dir.<\/p>\n\n\n\n<p>Mein Herr und mein Gott<br>Gibt alles mir, was mich f\u00f6rdert zu dir.<\/p>\n\n\n\n<p>Mein Herr und mein Gott,<br>nimm alles von mir, was mich hindert zu dir.<\/p>\n\n\n\n<p><strong>J\u00fcngere Version<br><\/strong>Mein Herr und mein Gott,<br>nimm alles von mir, was mich hindert zu dir.<\/p>\n\n\n\n<p>Mein Herr und mein Gott,<br>gib alles mir, was mich f\u00f6rdert zu dir.<\/p>\n\n\n\n<p>Mein Herr und mein Gott,<br>nimm mich mir und gib mich ganz zu eigen dir.<\/p>\n<\/div>\n<\/div>\n\n\n\n<div class=\"wp-block-columns is-layout-flex wp-container-core-columns-layout-3 wp-block-columns-is-layout-flex\">\n<div class=\"wp-block-column is-layout-flow wp-block-column-is-layout-flow\">\n<hr class=\"wp-block-separator\"\/>\n<\/div>\n<\/div>\n\n\n\n<h2 class=\"wp-block-heading\">J\u00fcngere Version des Gebets ist eing\u00e4ngiger, die \u00e4ltere sperriger<\/h2>\n\n\n\n<div class=\"wp-block-columns is-layout-flex wp-container-core-columns-layout-4 wp-block-columns-is-layout-flex\">\n<div class=\"wp-block-column is-layout-flow wp-block-column-is-layout-flow\" style=\"flex-basis:33.33%\">\n<figure class=\"wp-block-image size-large\"><img decoding=\"async\" width=\"1024\" height=\"1021\" src=\"https:\/\/bruderklaus.com\/wp-content\/uploads\/2021\/03\/rad-symbol-bruder-klaus-sachseln-1024x1021.gif\" alt=\"\" class=\"wp-image-914\" srcset=\"https:\/\/bruderklaus.com\/wp-content\/uploads\/2021\/03\/rad-symbol-bruder-klaus-sachseln-1024x1021.gif 1024w, https:\/\/bruderklaus.com\/wp-content\/uploads\/2021\/03\/rad-symbol-bruder-klaus-sachseln-300x300.gif 300w, https:\/\/bruderklaus.com\/wp-content\/uploads\/2021\/03\/rad-symbol-bruder-klaus-sachseln-1536x1532.gif 1536w, https:\/\/bruderklaus.com\/wp-content\/uploads\/2021\/03\/rad-symbol-bruder-klaus-sachseln-600x598.gif 600w, https:\/\/bruderklaus.com\/wp-content\/uploads\/2021\/03\/rad-symbol-bruder-klaus-sachseln-100x100.gif 100w, https:\/\/bruderklaus.com\/wp-content\/uploads\/2021\/03\/rad-symbol-bruder-klaus-sachseln-768x766.gif 768w, https:\/\/bruderklaus.com\/wp-content\/uploads\/2021\/03\/rad-symbol-bruder-klaus-sachseln-150x150.gif 150w, https:\/\/bruderklaus.com\/wp-content\/uploads\/2021\/03\/rad-symbol-bruder-klaus-sachseln.gif 2560w\" sizes=\"(max-width: 1024px) 100vw, 1024px\" \/><\/figure>\n<\/div>\n\n\n\n<div class=\"wp-block-column is-layout-flow wp-block-column-is-layout-flow\" style=\"flex-basis:66.66%\">\n<p>Die j\u00fcngere Version ist eing\u00e4ngiger, meist wird diese verwendet.<br>Sie entspricht dem dreistufigen Weg der Mystik:<\/p>\n\n\n\n<p>Erste Bitte:<br>Stufe der Reinigung \u00abNimm alles von mir\u00bb<br>Sie geh\u00f6rt zum<em> anfangenden<\/em> Menschen.<br>Zweite Bitte:<br>Stufe der Erleuchtung \u00abGib alles mir\u00bb<br>Sie geh\u00f6rt zum <em>zunehmenden <\/em>Menschen.<br>Dritte Bitte:<br>Stufe der Vereinigung \u00abNimm mich mir und gib mich ganz zu eigen Dir\u00bb<br>Sie geh\u00f6rt zum <em>vollkommenen <\/em>Menschen.<\/p>\n<\/div>\n<\/div>\n\n\n\n<p>La versione originale, pi\u00f9 vecchia, \u00e8 pi\u00f9 ingombrante. Ma corrisponde alla vita reale di Nicolao della Fl\u00fce. La sua volont\u00e0 di darsi completamente a Dio porta ad un fallimento doloroso, certamente anche umiliante. Cos\u00ec vuole andare via come un pellegrino, ma presto ritorna.<\/p>\n","protected":false},"excerpt":{"rendered":"<p>Origine della preghiera di Bruder Klaus La Preghiera di Bruder Klaus permette di approfondire la comprensione di Nicolao della Fl\u00fce come mistico e ricercatore di Dio. Non manca in nessuna chiesa o cappella a lui dedicata. Anche quando c&#8217;\u00e8 poco spazio per una descrizione della sua vita, viene citata. \u00c8 l&#8217;inno pi\u00f9 cantato sia nella [&hellip;]<\/p>\n","protected":false},"author":3,"featured_media":1887,"parent":10921,"menu_order":100,"comment_status":"closed","ping_status":"closed","template":"","meta":{"_acf_changed":false,"footnotes":""},"acf":[],"_links":{"self":[{"href":"https:\/\/bruderklaus.com\/it\/wp-json\/wp\/v2\/pages\/11083"}],"collection":[{"href":"https:\/\/bruderklaus.com\/it\/wp-json\/wp\/v2\/pages"}],"about":[{"href":"https:\/\/bruderklaus.com\/it\/wp-json\/wp\/v2\/types\/page"}],"author":[{"embeddable":true,"href":"https:\/\/bruderklaus.com\/it\/wp-json\/wp\/v2\/users\/3"}],"replies":[{"embeddable":true,"href":"https:\/\/bruderklaus.com\/it\/wp-json\/wp\/v2\/comments?post=11083"}],"version-history":[{"count":3,"href":"https:\/\/bruderklaus.com\/it\/wp-json\/wp\/v2\/pages\/11083\/revisions"}],"predecessor-version":[{"id":13193,"href":"https:\/\/bruderklaus.com\/it\/wp-json\/wp\/v2\/pages\/11083\/revisions\/13193"}],"up":[{"embeddable":true,"href":"https:\/\/bruderklaus.com\/it\/wp-json\/wp\/v2\/pages\/10921"}],"wp:featuredmedia":[{"embeddable":true,"href":"https:\/\/bruderklaus.com\/it\/wp-json\/wp\/v2\/media\/1887"}],"wp:attachment":[{"href":"https:\/\/bruderklaus.com\/it\/wp-json\/wp\/v2\/media?parent=11083"}],"curies":[{"name":"wp","href":"https:\/\/api.w.org\/{rel}","templated":true}]}}