{"id":11064,"date":"2021-01-26T21:44:34","date_gmt":"2021-01-26T21:44:34","guid":{"rendered":"https:\/\/bruderklaus.com\/niklaus-von-fluee-dorothee-wyss\/leben-und-wirken\/meditationsbild-2\/"},"modified":"2021-07-04T15:47:39","modified_gmt":"2021-07-04T13:47:39","slug":"meditationsbild-2","status":"publish","type":"page","link":"https:\/\/bruderklaus.com\/it\/niklaus-von-fluee-dorothee-wyss\/leben-und-wirken\/meditationsbild-2\/","title":{"rendered":"Tavola di meditazione"},"content":{"rendered":"\n<h2 class=\"wp-block-heading\">La tavola di meditazione di Nicolao della Fl\u00fce<\/h2>\n\n\n\n<div class=\"wp-block-columns is-layout-flex wp-container-core-columns-layout-1 wp-block-columns-is-layout-flex\">\n<div class=\"wp-block-column is-layout-flow wp-block-column-is-layout-flow\">\n<p>La tavola di meditazione di Nicolao della Fl\u00fce \u00e8 ancora oggi una testimonianza pittorica davvero unica che il Santo adott\u00f2 come manifesto della sua esperienza spirituale. La tela \u00e8 stata oggetto di studi specifici a carattere teologico e scientifico (Heinrich Stirnimann 1981, Werner T. Huber 1981) e ha conosciuto un\u2019ampia diffusione come velo quaresimale in Svizzera per Sacrificio Quaresimale e Pane per Tutti (1981 e 1987) e in Germania per Misereor (1980 e 1998).<\/p>\n<\/div>\n<\/div>\n\n\n\n<div class=\"wp-block-columns is-layout-flex wp-container-core-columns-layout-3 wp-block-columns-is-layout-flex\">\n<div class=\"wp-block-column is-layout-flow wp-block-column-is-layout-flow\" style=\"flex-basis:33.33%\">\n<figure class=\"wp-block-image size-large\"><img decoding=\"async\" width=\"947\" height=\"1024\" src=\"https:\/\/bruderklaus.com\/wp-content\/uploads\/2021\/03\/DSC_0002_geschn-947x1024.jpg\" alt=\"\" class=\"wp-image-3200\" srcset=\"https:\/\/bruderklaus.com\/wp-content\/uploads\/2021\/03\/DSC_0002_geschn-947x1024.jpg 947w, https:\/\/bruderklaus.com\/wp-content\/uploads\/2021\/03\/DSC_0002_geschn-278x300.jpg 278w, https:\/\/bruderklaus.com\/wp-content\/uploads\/2021\/03\/DSC_0002_geschn-768x830.jpg 768w, https:\/\/bruderklaus.com\/wp-content\/uploads\/2021\/03\/DSC_0002_geschn-1421x1536.jpg 1421w, https:\/\/bruderklaus.com\/wp-content\/uploads\/2021\/03\/DSC_0002_geschn.jpg 1895w, https:\/\/bruderklaus.com\/wp-content\/uploads\/2021\/03\/DSC_0002_geschn-600x649.jpg 600w\" sizes=\"(max-width: 947px) 100vw, 947px\" \/><\/figure>\n\n\n\n<div class=\"wp-block-columns is-layout-flex wp-container-core-columns-layout-2 wp-block-columns-is-layout-flex\">\n<div class=\"wp-block-column is-layout-flow wp-block-column-is-layout-flow\"><\/div>\n\n\n\n<div class=\"wp-block-column is-layout-flow wp-block-column-is-layout-flow\"><\/div>\n<\/div>\n<\/div>\n\n\n\n<div class=\"wp-block-column is-layout-flow wp-block-column-is-layout-flow\" style=\"flex-basis:66.66%\">\n<p>La tavola di meditazione \u00e8 stato ampiamente distribuito come \u00abtela della fame\u00bb (Hungertuch) da Sacrificio Quaresimale (Fastenopfer) e Pane per tutti (Brot f\u00fcr alle), 1981 e 1987 e da Misereor in Germania, 1980 e 1998. Ancora oggi si trova in molte chiese e centri comunitari in Svizzera e in Germania. Scientificamente autorevole per la valutazione dell tavola di meditazione di Bruder Klaus \u00e8 il lavoro fondamentale del Prof. Heinrich Stirnimann OP (1920-2005) del 1981. La fonte pi\u00f9 importante per la valutazione scientifico-critica di questo quadro \u00e8 il Pilgertraktat stampato per la prima volta intorno al 1487 ad Augsburg.<\/p>\n\n\n\n<p>Discostandosi dalla letteratura, egli suppone che la tavola di meditazione sia arrivata al Ranft come un dono e che la semplice immagine della ruota sia stata creata solo dopo.<\/p>\n<\/div>\n<\/div>\n\n\n\n<div class=\"wp-block-columns is-layout-flex wp-container-core-columns-layout-4 wp-block-columns-is-layout-flex\">\n<div class=\"wp-block-column is-layout-flow wp-block-column-is-layout-flow\">\n<figure class=\"wp-block-image size-large\"><img decoding=\"async\" width=\"1024\" height=\"680\" src=\"https:\/\/bruderklaus.com\/wp-content\/uploads\/2021\/03\/DSC_0082-1024x680.jpg\" alt=\"\" class=\"wp-image-3203\" srcset=\"https:\/\/bruderklaus.com\/wp-content\/uploads\/2021\/03\/DSC_0082-1024x680.jpg 1024w, https:\/\/bruderklaus.com\/wp-content\/uploads\/2021\/03\/DSC_0082-300x199.jpg 300w, https:\/\/bruderklaus.com\/wp-content\/uploads\/2021\/03\/DSC_0082-768x510.jpg 768w, https:\/\/bruderklaus.com\/wp-content\/uploads\/2021\/03\/DSC_0082-1536x1020.jpg 1536w, https:\/\/bruderklaus.com\/wp-content\/uploads\/2021\/03\/DSC_0082.jpg 2048w, https:\/\/bruderklaus.com\/wp-content\/uploads\/2021\/03\/DSC_0082-600x398.jpg 600w\" sizes=\"(max-width: 1024px) 100vw, 1024px\" \/><\/figure>\n<\/div>\n\n\n\n<div class=\"wp-block-column is-layout-flow wp-block-column-is-layout-flow\">\n<figure class=\"wp-block-image size-large\"><img decoding=\"async\" width=\"1024\" height=\"680\" src=\"https:\/\/bruderklaus.com\/wp-content\/uploads\/2021\/03\/DSC_0088-1024x680.jpg\" alt=\"\" class=\"wp-image-3206\" srcset=\"https:\/\/bruderklaus.com\/wp-content\/uploads\/2021\/03\/DSC_0088-1024x680.jpg 1024w, https:\/\/bruderklaus.com\/wp-content\/uploads\/2021\/03\/DSC_0088-300x199.jpg 300w, https:\/\/bruderklaus.com\/wp-content\/uploads\/2021\/03\/DSC_0088-768x510.jpg 768w, https:\/\/bruderklaus.com\/wp-content\/uploads\/2021\/03\/DSC_0088-1536x1020.jpg 1536w, https:\/\/bruderklaus.com\/wp-content\/uploads\/2021\/03\/DSC_0088.jpg 2048w, https:\/\/bruderklaus.com\/wp-content\/uploads\/2021\/03\/DSC_0088-600x398.jpg 600w\" sizes=\"(max-width: 1024px) 100vw, 1024px\" \/><\/figure>\n<\/div>\n\n\n\n<div class=\"wp-block-column is-layout-flow wp-block-column-is-layout-flow\">\n<figure class=\"wp-block-image size-large\"><img decoding=\"async\" width=\"1024\" height=\"680\" src=\"https:\/\/bruderklaus.com\/wp-content\/uploads\/2021\/03\/DSC_0089-1024x680.jpg\" alt=\"\" class=\"wp-image-3209\" srcset=\"https:\/\/bruderklaus.com\/wp-content\/uploads\/2021\/03\/DSC_0089-1024x680.jpg 1024w, https:\/\/bruderklaus.com\/wp-content\/uploads\/2021\/03\/DSC_0089-300x199.jpg 300w, https:\/\/bruderklaus.com\/wp-content\/uploads\/2021\/03\/DSC_0089-768x510.jpg 768w, https:\/\/bruderklaus.com\/wp-content\/uploads\/2021\/03\/DSC_0089-1536x1020.jpg 1536w, https:\/\/bruderklaus.com\/wp-content\/uploads\/2021\/03\/DSC_0089.jpg 2048w, https:\/\/bruderklaus.com\/wp-content\/uploads\/2021\/03\/DSC_0089-600x398.jpg 600w\" sizes=\"(max-width: 1024px) 100vw, 1024px\" \/><\/figure>\n<\/div>\n<\/div>\n\n\n\n<div class=\"wp-block-columns is-layout-flex wp-container-core-columns-layout-5 wp-block-columns-is-layout-flex\">\n<div class=\"wp-block-column is-layout-flow wp-block-column-is-layout-flow\" style=\"flex-basis:33.33%\">\n<figure class=\"wp-block-image size-large\"><img decoding=\"async\" width=\"1024\" height=\"1021\" src=\"https:\/\/bruderklaus.com\/wp-content\/uploads\/2021\/03\/rad-symbol-bruder-klaus-sachseln-1024x1021.gif\" alt=\"\" class=\"wp-image-914\" srcset=\"https:\/\/bruderklaus.com\/wp-content\/uploads\/2021\/03\/rad-symbol-bruder-klaus-sachseln-1024x1021.gif 1024w, https:\/\/bruderklaus.com\/wp-content\/uploads\/2021\/03\/rad-symbol-bruder-klaus-sachseln-300x300.gif 300w, https:\/\/bruderklaus.com\/wp-content\/uploads\/2021\/03\/rad-symbol-bruder-klaus-sachseln-1536x1532.gif 1536w, https:\/\/bruderklaus.com\/wp-content\/uploads\/2021\/03\/rad-symbol-bruder-klaus-sachseln-600x598.gif 600w, https:\/\/bruderklaus.com\/wp-content\/uploads\/2021\/03\/rad-symbol-bruder-klaus-sachseln-100x100.gif 100w, https:\/\/bruderklaus.com\/wp-content\/uploads\/2021\/03\/rad-symbol-bruder-klaus-sachseln-768x766.gif 768w, https:\/\/bruderklaus.com\/wp-content\/uploads\/2021\/03\/rad-symbol-bruder-klaus-sachseln-150x150.gif 150w, https:\/\/bruderklaus.com\/wp-content\/uploads\/2021\/03\/rad-symbol-bruder-klaus-sachseln.gif 2560w\" sizes=\"(max-width: 1024px) 100vw, 1024px\" \/><\/figure>\n<\/div>\n\n\n\n<div class=\"wp-block-column is-layout-flow wp-block-column-is-layout-flow\" style=\"flex-basis:66.66%\">\n<p><strong>La ruota di San Nicolao della Fl\u00fce<br><\/strong>La struttura di base dell&#8217;immagine \u00e8 un cerchio (il divino) inscritto in un quadrato (il terrestre, l&#8217;umano). Il suo movimento parte dal centro e riporta al centro. Esercita una forza ordinatrice e concentrante sull&#8217;osservatore e permette l&#8217;accesso alla spiritualit\u00e0 di Bruder Klaus. Come motivo religioso, non esiste una figura geometrica identica prima di lui, quindi consideriamo Nicolao della Fl\u00fce come il creatore di questo mandala pi\u00f9 semplice possibile.<\/p>\n\n\n\n<p>\u00ab<em>Vedi questa figura?<\/em>\u00bb chiese ad un visitatore, spiegando: \u00ab<em>Questo \u00e8 il modo in cui \u00e8 l&#8217;essere divino. Il centro \u00e8 la Divinit\u00e0 indivisa<\/em>\u00bb. La potenza divina emana da questo centro, abbraccia il cielo e tutto il mondo, riconduce in esso, ed \u00e8 indivisibile nella potenza eterna. Dio era e rimase per lui il centro del suo pensiero e del suo agire.<\/p>\n<\/div>\n<\/div>\n\n\n\n<div class=\"wp-block-columns is-layout-flex wp-container-core-columns-layout-6 wp-block-columns-is-layout-flex\">\n<div class=\"wp-block-column is-layout-flow wp-block-column-is-layout-flow\">\n<p>La tavola fu presumibilimente un regalo che Bruder Klaus ricevette intorno all&#8217;anno 1480 a seguente dichiarazione dello stesso Bruder Klaus:  \u00abQuesto \u00e8 il mio libro, in cui imparo e cerco l&#8217;arte di questo insegnamento.\u00bb Bruder Klaus chiama la ruota la figura in cui contempla l&#8217;essenza di Dio. \u00abNel punto centrale c&#8217;\u00e8 la Divinit\u00e0 indivisa. Come i tre raggi, le tre Persone procedono dall&#8217;unica Divinit\u00e0 e hanno abbracciato i cieli e il mondo intero\u00bb.  <\/p>\n\n\n\n<p>L&#8217;immagine della ruota e l&#8217;immagine della meditazione hanno ispirato artisti e scienziati delle pi\u00f9 diverse direzioni. Un esempio \u00e8 l&#8217;architetto lucernese Otto Sch\u00e4rli (*1930). Nel suo libro \u00abWerkstatt des Lebens\u00bb (Officina della vita) tratta in dettaglio la \u00abruota della meditazione\u00bb di Bruder Klaus.<\/p>\n\n\n\n<p>Il teologo riformato Christoph H\u00fcrlimann (*1938) tratta intensamente l&#8217;immagine di meditazione e i medaglioni individuali nel libro \u00abAus der Einheit leben\u00bb (Vivere dall&#8217;unit\u00e0). Nel 2018 \u00e8 apparsa una pubblicazione dell&#8217;Abb\u00e9 Bernard Schubiger \u00abLe tissu de m\u00e9ditation de Nicolas de Flue &#8211; une boussole pour la vie\u00bb.. <a href=\"https:\/\/bruderklaus.com\/wp-content\/uploads\/2021\/07\/BKS-Circular-1802-IT-web.pdf\">Pi\u00f9<\/a> (p. 4-5)<\/p>\n\n\n<p><a class=\"c-btn-main\"  href=\"https:\/\/bruderklaus.com\/produkt\/le-tissu-de-meditation-de-nicolas-de-flue\/\">Zum Buch<\/a><\/p><\/div>\n<\/div>\n\n\n\n<p><\/p>\n","protected":false},"excerpt":{"rendered":"<p>La tavola di meditazione di Nicolao della Fl\u00fce La tavola di meditazione di Nicolao della Fl\u00fce \u00e8 ancora oggi una testimonianza pittorica davvero unica che il Santo adott\u00f2 come manifesto della sua esperienza spirituale. La tela \u00e8 stata oggetto di studi specifici a carattere teologico e scientifico (Heinrich Stirnimann 1981, Werner T. Huber 1981) e [&hellip;]<\/p>\n","protected":false},"author":3,"featured_media":3198,"parent":10912,"menu_order":40,"comment_status":"closed","ping_status":"closed","template":"","meta":{"_acf_changed":false,"footnotes":""},"acf":[],"_links":{"self":[{"href":"https:\/\/bruderklaus.com\/it\/wp-json\/wp\/v2\/pages\/11064"}],"collection":[{"href":"https:\/\/bruderklaus.com\/it\/wp-json\/wp\/v2\/pages"}],"about":[{"href":"https:\/\/bruderklaus.com\/it\/wp-json\/wp\/v2\/types\/page"}],"author":[{"embeddable":true,"href":"https:\/\/bruderklaus.com\/it\/wp-json\/wp\/v2\/users\/3"}],"replies":[{"embeddable":true,"href":"https:\/\/bruderklaus.com\/it\/wp-json\/wp\/v2\/comments?post=11064"}],"version-history":[{"count":6,"href":"https:\/\/bruderklaus.com\/it\/wp-json\/wp\/v2\/pages\/11064\/revisions"}],"predecessor-version":[{"id":13162,"href":"https:\/\/bruderklaus.com\/it\/wp-json\/wp\/v2\/pages\/11064\/revisions\/13162"}],"up":[{"embeddable":true,"href":"https:\/\/bruderklaus.com\/it\/wp-json\/wp\/v2\/pages\/10912"}],"wp:featuredmedia":[{"embeddable":true,"href":"https:\/\/bruderklaus.com\/it\/wp-json\/wp\/v2\/media\/3198"}],"wp:attachment":[{"href":"https:\/\/bruderklaus.com\/it\/wp-json\/wp\/v2\/media?parent=11064"}],"curies":[{"name":"wp","href":"https:\/\/api.w.org\/{rel}","templated":true}]}}