{"id":11052,"date":"2021-05-30T12:48:14","date_gmt":"2021-05-30T10:48:14","guid":{"rendered":"https:\/\/bruderklaus.com\/orte-informationen\/pilgerwege\/bruderklausenweg-2\/"},"modified":"2022-04-24T16:40:55","modified_gmt":"2022-04-24T14:40:55","slug":"bruderklausenweg-2","status":"publish","type":"page","link":"https:\/\/bruderklaus.com\/it\/orte-informationen\/pilgerwege\/bruderklausenweg-2\/","title":{"rendered":"Bruderklausenweg"},"content":{"rendered":"\n<h2 class=\"wp-block-heading\">Bruderklausenweg<\/h2>\n\n\n\n<p>Il \u00abBruderklausenweg\u00bb conduce lungo il Cammino di Santiago da Stans al Ranft.<\/p>\n\n\n\n<p>Il sentiero tra la citt\u00e0 principale di Nidwalden Stans e il Ranft \u00e8 stato aperto nel 1981 per commemorare il 500\u00b0 anniversario dello \u00abStanser Verkommnis\u00bb del 1481. Segue le orme del prete di Stans Heimo Amgrund, che percorse questo sentiero la notte del 21\/22 dicembre 1481 per consultarsi con Bruder Klaus nel Ranft. Il pastore Amgrund si affrett\u00f2 a consegnare il consiglio del Ranfteremite alla riunione di Stans e ottenne cos\u00ec un accordo tra i confederati in lite. L&#8217;evento storico-politico \u00e8 entrato nei libri di storia come la \u00abPace di Stans\u00bb.<\/p>\n\n\n\n<p>Per l&#8217;anno commemorativo 2017 \u00ab600 anni di Nicolao della Fl\u00fce\u00bb, il Bruderklausenweg \u00e8 stato rinnovato. \u00c8 segnalato con cartelli gialli e con l&#8217;immagine della bicicletta, nonch\u00e9 con i campi verdi del percorso Svizzera Mobile n. 571.<\/p>\n\n\n\n<p>Distanza: 20 km \/ Salita: 800 m \/ Discesa: 780 m \/ Tempo di percorrenza circa 5 \u00bd ore.<\/p>\n\n\n\n<p><a href=\"https:\/\/bruderklaus.com\/wp-content\/uploads\/2022\/04\/Bruderklausenweg-Stans-Ranft-1.pdf\">Piu<\/a><\/p>\n\n\n\n<p><a rel=\"noreferrer noopener\" href=\"https:\/\/map.schweizmobil.ch\/?lang=de&amp;land=wanderland&amp;route=571&amp;bgLayer=pk&amp;season=summer&amp;resolution=16.56&amp;E=2665826&amp;N=1195928&amp;photos=yes&amp;logo=yes&amp;layers=Wanderland\" target=\"_blank\">P<\/a><a rel=\"noreferrer noopener\" href=\"https:\/\/map.schweizmobil.ch\/?lang=de&amp;land=wanderland&amp;route=571&amp;bgLayer=pk&amp;season=summer&amp;resolution=16.56&amp;E=2665826&amp;N=1195928&amp;photos=yes&amp;logo=yes&amp;layers=Wanderland\" target=\"_blank\">e<\/a><a rel=\"noreferrer noopener\" href=\"https:\/\/map.schweizmobil.ch\/?lang=de&amp;land=wanderland&amp;route=571&amp;bgLayer=pk&amp;season=summer&amp;resolution=16.56&amp;E=2665826&amp;N=1195928&amp;photos=yes&amp;logo=yes&amp;layers=Wanderland\" target=\"_blank\">r<\/a><a rel=\"noreferrer noopener\" href=\"https:\/\/map.schweizmobil.ch\/?lang=de&amp;land=wanderland&amp;route=571&amp;bgLayer=pk&amp;season=summer&amp;resolution=16.56&amp;E=2665826&amp;N=1195928&amp;photos=yes&amp;logo=yes&amp;layers=Wanderland\" target=\"_blank\">s<\/a><a rel=\"noreferrer noopener\" href=\"https:\/\/map.schweizmobil.ch\/?lang=de&amp;land=wanderland&amp;route=571&amp;bgLayer=pk&amp;season=summer&amp;resolution=16.56&amp;E=2665826&amp;N=1195928&amp;photos=yes&amp;logo=yes&amp;layers=Wanderland\" target=\"_blank\">o<\/a><a rel=\"noreferrer noopener\" href=\"https:\/\/map.schweizmobil.ch\/?lang=de&amp;land=wanderland&amp;route=571&amp;bgLayer=pk&amp;season=summer&amp;resolution=16.56&amp;E=2665826&amp;N=1195928&amp;photos=yes&amp;logo=yes&amp;layers=Wanderland\" target=\"_blank\">r<\/a><a rel=\"noreferrer noopener\" href=\"https:\/\/map.schweizmobil.ch\/?lang=de&amp;land=wanderland&amp;route=571&amp;bgLayer=pk&amp;season=summer&amp;resolution=16.56&amp;E=2665826&amp;N=1195928&amp;photos=yes&amp;logo=yes&amp;layers=Wanderland\" target=\"_blank\">s<\/a><a rel=\"noreferrer noopener\" href=\"https:\/\/map.schweizmobil.ch\/?lang=de&amp;land=wanderland&amp;route=571&amp;bgLayer=pk&amp;season=summer&amp;resolution=16.56&amp;E=2665826&amp;N=1195928&amp;photos=yes&amp;logo=yes&amp;layers=Wanderland\" target=\"_blank\">o<\/a><\/p>\n\n\n\n<div class=\"wp-block-columns is-layout-flex wp-container-core-columns-layout-1 wp-block-columns-is-layout-flex\">\n<div class=\"wp-block-column is-layout-flow wp-block-column-is-layout-flow\">\n<figure class=\"wp-block-image size-large\"><img decoding=\"async\" src=\"https:\/\/bruderklaus.com\/wp-content\/uploads\/2021\/03\/Bruderklausenweg_Besinnungsweg-Ennetmoos20200719_105901-1-1024x768.jpg\" alt=\"\" class=\"wp-image-3585\"\/><\/figure>\n<\/div>\n\n\n\n<div class=\"wp-block-column is-layout-flow wp-block-column-is-layout-flow\">\n<h2 class=\"wp-block-heading\">Percorso di riflessione Ennetmoos<\/h2>\n\n\n\n<p>Sei pannelli d&#8217;impulso per riflettere sulla vita e il lavoro di Niklaus von Fl\u00fce e il significato per noi oggi.<\/p>\n\n\n\n<p><a href=\"https:\/\/www.kirche-ennetmoos.ch\/category\/aus-dem-leben-der-pfarrei\/page\/113\/?nggpage=10\">Piu<\/a><\/p>\n<\/div>\n<\/div>\n","protected":false},"excerpt":{"rendered":"<p>Bruderklausenweg Il \u00abBruderklausenweg\u00bb conduce lungo il Cammino di Santiago da Stans al Ranft. Il sentiero tra la citt\u00e0 principale di Nidwalden Stans e il Ranft \u00e8 stato aperto nel 1981 per commemorare il 500\u00b0 anniversario dello \u00abStanser Verkommnis\u00bb del 1481. Segue le orme del prete di Stans Heimo Amgrund, che percorse questo sentiero la notte [&hellip;]<\/p>\n","protected":false},"author":7,"featured_media":1664,"parent":9604,"menu_order":270,"comment_status":"closed","ping_status":"closed","template":"","meta":{"_acf_changed":false,"footnotes":""},"acf":[],"_links":{"self":[{"href":"https:\/\/bruderklaus.com\/it\/wp-json\/wp\/v2\/pages\/11052"}],"collection":[{"href":"https:\/\/bruderklaus.com\/it\/wp-json\/wp\/v2\/pages"}],"about":[{"href":"https:\/\/bruderklaus.com\/it\/wp-json\/wp\/v2\/types\/page"}],"author":[{"embeddable":true,"href":"https:\/\/bruderklaus.com\/it\/wp-json\/wp\/v2\/users\/7"}],"replies":[{"embeddable":true,"href":"https:\/\/bruderklaus.com\/it\/wp-json\/wp\/v2\/comments?post=11052"}],"version-history":[{"count":5,"href":"https:\/\/bruderklaus.com\/it\/wp-json\/wp\/v2\/pages\/11052\/revisions"}],"predecessor-version":[{"id":15879,"href":"https:\/\/bruderklaus.com\/it\/wp-json\/wp\/v2\/pages\/11052\/revisions\/15879"}],"up":[{"embeddable":true,"href":"https:\/\/bruderklaus.com\/it\/wp-json\/wp\/v2\/pages\/9604"}],"wp:featuredmedia":[{"embeddable":true,"href":"https:\/\/bruderklaus.com\/it\/wp-json\/wp\/v2\/media\/1664"}],"wp:attachment":[{"href":"https:\/\/bruderklaus.com\/it\/wp-json\/wp\/v2\/media?parent=11052"}],"curies":[{"name":"wp","href":"https:\/\/api.w.org\/{rel}","templated":true}]}}