{"id":10918,"date":"2021-01-26T21:44:34","date_gmt":"2021-01-26T21:44:34","guid":{"rendered":"https:\/\/bruderklaus.com\/niklaus-von-fluee-dorothee-wyss\/leben-und-wirken\/leitfigur-2\/"},"modified":"2021-05-22T00:17:45","modified_gmt":"2021-05-21T22:17:45","slug":"leitfigur-2","status":"publish","type":"page","link":"https:\/\/bruderklaus.com\/it\/niklaus-von-fluee-dorothee-wyss\/leben-und-wirken\/leitfigur-2\/","title":{"rendered":"Figura di spicco &#8211; ricordi"},"content":{"rendered":"\n<h2 class=\"wp-block-heading\">Niklaus von Fl\u00fce &#8211; Leitfigur<\/h2>\n\n\n\n<div class=\"wp-block-columns is-layout-flex wp-container-core-columns-layout-1 wp-block-columns-is-layout-flex\">\n<div class=\"wp-block-column is-layout-flow wp-block-column-is-layout-flow\" style=\"flex-basis:33.33%\">\n<figure class=\"wp-block-image size-large\"><img decoding=\"async\" width=\"800\" height=\"499\" src=\"https:\/\/bruderklaus.com\/wp-content\/uploads\/2021\/03\/gebetsbildli_litanei-11.jpg\" alt=\"\" class=\"wp-image-2040\"\/><\/figure>\n<\/div>\n\n\n\n<div class=\"wp-block-column is-layout-flow wp-block-column-is-layout-flow\" style=\"flex-basis:66.66%\">\n<p>Niklaus von Fl\u00fce (1417\u20131487) geh\u00f6rt zu den wirkungsm\u00e4chtigsten Leitfiguren der Schweiz. Er ist Vorbild in Mystik und Spiritualit\u00e4t, Gesellschaft und Politik sowie als Mensch mit seinen St\u00e4rken und Schw\u00e4chen. Die Bedeutung seiner Frau Dorothee Wyss (1430\/2\u20131495\/6) f\u00fcr seinen Lebensweg ist unbestritten.<\/p>\n\n\n\n<p>Unterst\u00fctzt von Dorothee Wyss trug Niklaus von Fl\u00fce Verantwortung in Familie, Beruf und \u00d6ffentlichkeit.<\/p>\n<\/div>\n<\/div>\n\n\n\n<div class=\"wp-block-columns is-layout-flex wp-container-core-columns-layout-2 wp-block-columns-is-layout-flex\">\n<div class=\"wp-block-column is-layout-flow wp-block-column-is-layout-flow\" style=\"flex-basis:33.33%\">\n<figure class=\"wp-block-image size-large\"><img decoding=\"async\" width=\"1024\" height=\"709\" src=\"https:\/\/bruderklaus.com\/wp-content\/uploads\/2021\/03\/bk-und-dorothee-stalden-m.-spinnwebe0002211-1024x709.jpg\" alt=\"\" class=\"wp-image-2062\" srcset=\"https:\/\/bruderklaus.com\/wp-content\/uploads\/2021\/03\/bk-und-dorothee-stalden-m.-spinnwebe0002211-1024x709.jpg 1024w, https:\/\/bruderklaus.com\/wp-content\/uploads\/2021\/03\/bk-und-dorothee-stalden-m.-spinnwebe0002211-300x208.jpg 300w, https:\/\/bruderklaus.com\/wp-content\/uploads\/2021\/03\/bk-und-dorothee-stalden-m.-spinnwebe0002211-768x532.jpg 768w, https:\/\/bruderklaus.com\/wp-content\/uploads\/2021\/03\/bk-und-dorothee-stalden-m.-spinnwebe0002211-1536x1064.jpg 1536w, https:\/\/bruderklaus.com\/wp-content\/uploads\/2021\/03\/bk-und-dorothee-stalden-m.-spinnwebe0002211.jpg 2048w, https:\/\/bruderklaus.com\/wp-content\/uploads\/2021\/03\/bk-und-dorothee-stalden-m.-spinnwebe0002211-600x416.jpg 600w\" sizes=\"(max-width: 1024px) 100vw, 1024px\" \/><\/figure>\n<\/div>\n\n\n\n<div class=\"wp-block-column is-layout-flow wp-block-column-is-layout-flow\" style=\"flex-basis:66.66%\">\n<p>Mit 50 Jahren verliess Niklaus alles, was ihm lieb war und lebte fortan als Gottsucher und Beter \u00abBruder Klaus\u00bb im Ranft. Dorothee wurde zum Oberhaupt der Familie.<\/p>\n\n\n\n<p>Niklaus und Dorothee stehen f\u00fcr eine Welt mit tiefgreifenden Werten, echten Begegnungen und pers\u00f6nlicher Bescheidenheit. Dazu geh\u00f6ren Verzicht und Gottessuche, das Streben nach Vermittlung und Ausgleich ebenso wie ein positiv gepr\u00e4gtes Gottesbild.<\/p>\n<\/div>\n<\/div>\n\n\n\n<div class=\"wp-block-columns is-layout-flex wp-container-core-columns-layout-3 wp-block-columns-is-layout-flex\">\n<div class=\"wp-block-column is-layout-flow wp-block-column-is-layout-flow\" style=\"flex-basis:33.33%\">\n<figure class=\"wp-block-image size-large\"><img decoding=\"async\" width=\"1024\" height=\"654\" src=\"https:\/\/bruderklaus.com\/wp-content\/uploads\/2021\/03\/orte_geburtshaus_lindenholzstatue0001621-1-11-1024x654.jpg\" alt=\"\" class=\"wp-image-2026\" srcset=\"https:\/\/bruderklaus.com\/wp-content\/uploads\/2021\/03\/orte_geburtshaus_lindenholzstatue0001621-1-11-1024x654.jpg 1024w, https:\/\/bruderklaus.com\/wp-content\/uploads\/2021\/03\/orte_geburtshaus_lindenholzstatue0001621-1-11.jpg 2000w, https:\/\/bruderklaus.com\/wp-content\/uploads\/2021\/03\/orte_geburtshaus_lindenholzstatue0001621-1-11-300x192.jpg 300w, https:\/\/bruderklaus.com\/wp-content\/uploads\/2021\/03\/orte_geburtshaus_lindenholzstatue0001621-1-11-768x490.jpg 768w, https:\/\/bruderklaus.com\/wp-content\/uploads\/2021\/03\/orte_geburtshaus_lindenholzstatue0001621-1-11-1536x981.jpg 1536w, https:\/\/bruderklaus.com\/wp-content\/uploads\/2021\/03\/orte_geburtshaus_lindenholzstatue0001621-1-11-600x383.jpg 600w\" sizes=\"(max-width: 1024px) 100vw, 1024px\" \/><\/figure>\n<\/div>\n\n\n\n<div class=\"wp-block-column is-layout-flow wp-block-column-is-layout-flow\" style=\"flex-basis:66.66%\">\n<p>Als Einsiedler lebte Bruder Klaus von Fl\u00fce 20 Jahre im Ranft. Er wurde zum vielbesuchten Ratgeber, Mittler und Friedensstifter. Zeitgenossen sahen in ihm einen \u00ablebendigen Heiligen\u00bb. Diese Hochachtung und Verehrung \u00fcberdauerte die Jahrhunderte und erlebte neuen Aufschwung nach der Heiligsprechung 1947.<\/p>\n\n\n\n<p>Bruder Klaus, ein sperriger Heiliger. Sein Weggehen sowie sein 20-j\u00e4hriges Fasten stossen bis heute an. <\/p>\n<\/div>\n<\/div>\n\n\n\n<div class=\"wp-block-group\"><div class=\"wp-block-group__inner-container is-layout-flow wp-block-group-is-layout-flow\">\n<div class=\"wp-block-columns is-layout-flex wp-container-core-columns-layout-4 wp-block-columns-is-layout-flex\">\n<div class=\"wp-block-column is-layout-flow wp-block-column-is-layout-flow\">\n<h2 class=\"wp-block-heading\">Erinnerungskultur<\/h2>\n<\/div>\n<\/div>\n\n\n\n<p>Sp\u00e4testens 1481 wurde Niklaus von Fl\u00fce im Zusammenhang mit dem \u00abStanser Verkommnis\u00bb zu einer nationalen, historisch bedeutsamen Pers\u00f6nlichkeit. Die Faszination f\u00fcr den Ranft-Eremiten riss mit seinem Tod nicht ab. Mehr und mehr wurde er zu einem \u00abeidgen\u00f6ssischen Moses\u00bb, einem \u00abVater des Vaterlandes\u00bb. Bei ihm suchten Menschen in Zeiten der Not und Bedr\u00e4ngnis Hilfe und Zuversicht. Er wurde zur Gew\u00e4hrsperson und hoch anerkannten Autorit\u00e4t.<\/p>\n\n\n\n<p>Im Zusammenhang mit der Erinnerungskultur, dem Wachsen eines Nationalbewusstseins, das auch nationale Heldenfiguren bedingt, sowie der Reflexion von Geschichtsbildern im Lauf der Jahrhunderte, wurde und wird Niklaus von Fl\u00fce in aktuelleren Forschungsbeitr\u00e4gen zitiert, und als eine der geschichtswirksamsten Pers\u00f6nlichkeiten als Beispiel beigezogen.<\/p>\n\n\n\n<p>Im 20. Jahrhundert wurde Niklaus von Fl\u00fce, der \u00abvielselige Landesvater\u00bb, zur moralischen St\u00fctze und zum Tr\u00f6ster. Der f\u00fcr die Schweiz gl\u00fcckliche Ausgang beider Weltkriege festigte seine Stellung als Landesvater und Landespatron. <\/p>\n\n\n\n<div class=\"wp-block-columns is-layout-flex wp-container-core-columns-layout-5 wp-block-columns-is-layout-flex\">\n<div class=\"wp-block-column is-layout-flow wp-block-column-is-layout-flow\" style=\"flex-basis:33.33%\">\n<figure class=\"wp-block-image size-large\"><img decoding=\"async\" width=\"500\" height=\"409\" src=\"https:\/\/bruderklaus.com\/wp-content\/uploads\/2021\/03\/Ranft_untere-Kapelle_Fresko-000346-\u00a9-Bruder-Klaus-Sachseln.jpg\" alt=\"\" class=\"wp-image-3237\"\/><\/figure>\n<\/div>\n\n\n\n<div class=\"wp-block-column is-layout-flow wp-block-column-is-layout-flow\" style=\"flex-basis:66.66%\">\n<p>Ein pr\u00e4gendes, nicht nur als Zeitzeugnis eindr\u00fcckliches Beispiel f\u00fcr die auch politisch relevante Deutung findet sich auf der R\u00fcckwand der unteren Ranftkapelle.<\/p>\n\n\n\n<p>1921 hat der Maler Albert Hinter das Gem\u00e4lde nach dem Entwurf von Robert Durrer ausgef\u00fchrt. Die \u00fcbergrosse Votivtafel schildert den v\u00f6lkermordenden Totentanz des Ersten Weltkrieges. Initiert 1914 vom Katholischen Volksverein. <\/p>\n\n\n\n<p>Der Schweizer Historiker Guy P. Marchal (*1938) beschrieb Geschichte und Deutung des Votivbildes 2006 in \u00abSchweizer Gebrauchsgeschichte\u00bb. Aus einem Meer von Mord und Brand und Tod erhebt sich die Friedensinsel Schweiz. Mit erhobenen H\u00e4nden bittet Bruder Klaus den dreieinigen Gott \u2013 dargestellt im Glasgem\u00e4lde des Rundfensters \u2013 um die Rettung der Heimat, die von einem Kranz von Engeln sch\u00fctzend umgeben ist. Robert Durrer brach dieses allzu idyllische Bild durch zahlreiche, bewusst \u00abkritische Zweideutigkeiten\u00bb.<\/p>\n<\/div>\n<\/div>\n\n\n\n<div class=\"wp-block-columns is-layout-flex wp-container-core-columns-layout-6 wp-block-columns-is-layout-flex\">\n<div class=\"wp-block-column is-layout-flow wp-block-column-is-layout-flow\">\n<p>Dieses Bild erfuhr im Zweiten Weltkrieg eine Steigerung, als am 13. Mai 1940 einige Menschen in Waldenburg (Baselland) sch\u00fctzende H\u00e4nde am Himmel sahen.<\/p>\n\n\n\n<p>Der 13. Mai 1940 fiel in eine spannungsvolle Zeit. Hitler-Deutschland hatte wenige Tage zuvor Frankreich angegriffen. W\u00e4hrend weitere Truppen an die Grenze verlegt wurden, fl\u00fcchteten Frauen und Kinder der Mittel- und Oberschicht Richtung Innerschweiz und Alpen. Da formte sich um 21:30 Uhr eine Wolke f\u00fcr einige Zeit in eine wunderliche Form und verfl\u00fcchtigte sich alsbald in weiteren Kr\u00fcmmungen und Drehungen. Einige Menschen wollten eine Hand erkannt haben, andere nicht. Von den vielen befragten Zeugen hatte nur eine Person spontan an Niklaus von Fl\u00fce gedacht. Vier Tage sp\u00e4ter erschien dar\u00fcber im Basler Volksblatt eine kurze Bemerkung \u00fcber zwei verkl\u00e4rte H\u00e4nde am Himmel und stellte sie in eine Beziehung mit Bruder Klaus. Alles Weitere war und ist Geschichte.<\/p>\n\n\n\n<p>Die Zeitzeugen jener Epoche sind heute zumeist verstorben. Das \u00abWunder von Waldenburg\u00bb ist aber Teil der lebendigen Erinnerungskultur im Zusammenhang mit dem Zweiten Weltkrieg. In der Wallfahrtskirche Melchtal erinnert ein Wandfresko an der Chorwand an das Ereignis.<\/p>\n<\/div>\n<\/div>\n<\/div><\/div>\n\n\n\n<div class=\"wp-block-columns is-layout-flex wp-container-core-columns-layout-7 wp-block-columns-is-layout-flex\">\n<div class=\"wp-block-column is-layout-flow wp-block-column-is-layout-flow\" style=\"flex-basis:33.33%\">\n<figure class=\"wp-block-image size-large\"><img decoding=\"async\" width=\"486\" height=\"728\" src=\"https:\/\/bruderklaus.com\/wp-content\/uploads\/2021\/03\/6063_stalden_brunnen-imfeld-6.jpg\" alt=\"\" class=\"wp-image-902\" srcset=\"https:\/\/bruderklaus.com\/wp-content\/uploads\/2021\/03\/6063_stalden_brunnen-imfeld-6.jpg 486w, https:\/\/bruderklaus.com\/wp-content\/uploads\/2021\/03\/6063_stalden_brunnen-imfeld-6-200x300.jpg 200w\" sizes=\"(max-width: 486px) 100vw, 486px\" \/><\/figure>\n<\/div>\n\n\n\n<div class=\"wp-block-column is-layout-flow wp-block-column-is-layout-flow\" style=\"flex-basis:66.66%\">\n<p><strong>Einf\u00fchrung in Leben und Wirken von Niklaus von Fl\u00fce<\/strong><br>Aufsatz von Dr. Roland Gr\u00f6bli im Auftrag des Tr\u00e4gervereins \u00ab600 Jahre Niklaus von Fl\u00fce 1417\u20132017\u00bb, gek\u00fcrzt. <a href=\"https:\/\/bruderklaus.com\/wp-content\/uploads\/2021\/05\/MEHR-RANFT_Leben-und-Wirken-von-NvF_Gedenkjahr-2017_20160815-v2.pdf\">Weiterlesen<\/a><\/p>\n\n\n\n<p><\/p>\n\n\n\n<p><strong>Leben und Bedeutung einer aussergew\u00f6hnlichen Frau<\/strong><br>Aufsatz von Dr. Roland Gr\u00f6bli zu Dorothee Wyss von Fl\u00fce (1430\/2-1495\/6)<br><a href=\"https:\/\/bruderklaus.com\/wp-content\/uploads\/2021\/03\/m-dossier-leben-dorothee-wyss-20210321-v22-endnoten.pdf\" target=\"_blank\" rel=\"noreferrer noopener\">Weiterlesen<\/a><\/p>\n\n\n\n<p>Ein Leseheft zu Dorothee Wyss von Fl\u00fce, das aus dem Grundlagendossier von Roland Gr\u00f6bli sch\u00f6pft, erschien zum Todestag von Niklaus von Fl\u00fce am 21. M\u00e4rz 2021.<br>ISBN 978-3-905197-24-2, erh\u00e4ltlich am Wallfahrtsort, im Buchhandel sowie im online <a href=\"https:\/\/bruderklaus.com\/shop\/\">Shop<\/a><\/p>\n<\/div>\n<\/div>\n","protected":false},"excerpt":{"rendered":"<p>Niklaus von Fl\u00fce &#8211; Leitfigur Niklaus von Fl\u00fce (1417\u20131487) geh\u00f6rt zu den wirkungsm\u00e4chtigsten Leitfiguren der Schweiz. Er ist Vorbild in Mystik und Spiritualit\u00e4t, Gesellschaft und Politik sowie als Mensch mit seinen St\u00e4rken und Schw\u00e4chen. Die Bedeutung seiner Frau Dorothee Wyss (1430\/2\u20131495\/6) f\u00fcr seinen Lebensweg ist unbestritten. Unterst\u00fctzt von Dorothee Wyss trug Niklaus von Fl\u00fce Verantwortung [&hellip;]<\/p>\n","protected":false},"author":3,"featured_media":3189,"parent":10912,"menu_order":30,"comment_status":"closed","ping_status":"closed","template":"","meta":{"_acf_changed":false,"footnotes":""},"acf":[],"_links":{"self":[{"href":"https:\/\/bruderklaus.com\/it\/wp-json\/wp\/v2\/pages\/10918"}],"collection":[{"href":"https:\/\/bruderklaus.com\/it\/wp-json\/wp\/v2\/pages"}],"about":[{"href":"https:\/\/bruderklaus.com\/it\/wp-json\/wp\/v2\/types\/page"}],"author":[{"embeddable":true,"href":"https:\/\/bruderklaus.com\/it\/wp-json\/wp\/v2\/users\/3"}],"replies":[{"embeddable":true,"href":"https:\/\/bruderklaus.com\/it\/wp-json\/wp\/v2\/comments?post=10918"}],"version-history":[{"count":1,"href":"https:\/\/bruderklaus.com\/it\/wp-json\/wp\/v2\/pages\/10918\/revisions"}],"predecessor-version":[{"id":10919,"href":"https:\/\/bruderklaus.com\/it\/wp-json\/wp\/v2\/pages\/10918\/revisions\/10919"}],"up":[{"embeddable":true,"href":"https:\/\/bruderklaus.com\/it\/wp-json\/wp\/v2\/pages\/10912"}],"wp:featuredmedia":[{"embeddable":true,"href":"https:\/\/bruderklaus.com\/it\/wp-json\/wp\/v2\/media\/3189"}],"wp:attachment":[{"href":"https:\/\/bruderklaus.com\/it\/wp-json\/wp\/v2\/media?parent=10918"}],"curies":[{"name":"wp","href":"https:\/\/api.w.org\/{rel}","templated":true}]}}