{"id":10894,"date":"2021-03-24T16:33:41","date_gmt":"2021-03-24T16:33:41","guid":{"rendered":"https:\/\/bruderklaus.com\/online-gebete\/"},"modified":"2021-05-22T00:05:25","modified_gmt":"2021-05-21T22:05:25","slug":"online-gebete","status":"publish","type":"page","link":"https:\/\/bruderklaus.com\/it\/online-gebete\/","title":{"rendered":"Preghiere Online"},"content":{"rendered":"<ul class=\"comment-list clear\" data-pages=\"0\"><li class=\"comment-li\"> <div class=\"comment-box\">  <p class=\"comment-post\">Als Dank f\u00fcr alle empfangenen Wohltaten und Freundschaften.<\/p>  <p class=\"clear\"><span class=\"comment-date fleft\">17.04.2026 15:20<\/span>  <span class=\"comment-by fright\">Tobias<\/span><\/p> <\/div><\/li><li class=\"comment-li\"> <div class=\"comment-box\">  <p class=\"comment-post\">Eine Kerze brennt f\u00fcr dich bei Bruder Klaus und Dorothee.<\/p>  <p class=\"clear\"><span class=\"comment-date fleft\">09.04.2026 07:11<\/span>  <span class=\"comment-by fright\">Nico<\/span><\/p> <\/div><\/li><li class=\"comment-li\"> <div class=\"comment-box\">  <p class=\"comment-post\">Bruder Klaus, ich bitte f\u00fcr unseren Priester Nico Jans.\r\nSt\u00e4rke ihn in seinem Dienst, schenke ihm weiterhin Freude an seiner Berufung und lass ihn die Liebe Gottes t\u00e4glich neu erfahren.\r\n\r\nAmen<\/p>  <p class=\"clear\"><span class=\"comment-date fleft\">23.03.2026 14:57<\/span>  <span class=\"comment-by fright\">Emile A.<\/span><\/p> <\/div><\/li><li class=\"comment-li\"> <div class=\"comment-box\">  <p class=\"comment-post\">Ich bete f\u00fcr Florian, einen jungen Priester in Deutschland.<\/p>  <p class=\"clear\"><span class=\"comment-date fleft\">22.03.2026 18:33<\/span>  <span class=\"comment-by fright\">Sabine<\/span><\/p> <\/div><\/li><li class=\"comment-li\"> <div class=\"comment-box\">  <p class=\"comment-post\">Bruder Klaus, ich m\u00f6chte und w\u00fcnsche, dass mit der St. Michaelsvereinigung in Dozwil TG alles gut kommt.<\/p>  <p class=\"clear\"><span class=\"comment-date fleft\">11.03.2026 20:58<\/span>  <span class=\"comment-by fright\">Philipp Paul<\/span><\/p> <\/div><\/li><li class=\"comment-li\"> <div class=\"comment-box\">  <p class=\"comment-post\">Heiliger Bruder Klaus, ich bitte Dich, hilf dass mein Bruder Josef die Krankheit gut ertr\u00e4gt und alles wieder gut kommt.\r\nIch empfehle unsere Familien deiner Hilfe mit F\u00fcrbitten.<\/p>  <p class=\"clear\"><span class=\"comment-date fleft\">06.03.2026 08:47<\/span>  <span class=\"comment-by fright\">Fabian<\/span><\/p> <\/div><\/li><li class=\"comment-li\"> <div class=\"comment-box\">  <p class=\"comment-post\">Eine Kerze brennt bei Bruder Klaus.<\/p>  <p class=\"clear\"><span class=\"comment-date fleft\">04.03.2026 09:40<\/span>  <span class=\"comment-by fright\">BaMa<\/span><\/p> <\/div><\/li><li class=\"comment-li\"> <div class=\"comment-box\">  <p class=\"comment-post\">Liebes Mami, das Licht soll Dich auf Deinem schweren Weg begleiten und Dir die Zuversicht geben f\u00fcr die Aufnahme beim lieben Gott im Himmel. Wir danken Dir f\u00fcr die grossartige Liebe und die Zeit die Du uns geschenkt hast. Wir werden immer an Dich denken und Dich im Herzen behalten.<\/p>  <p class=\"clear\"><span class=\"comment-date fleft\">03.03.2026 10:39<\/span>  <span class=\"comment-by fright\">Deine Familie<\/span><\/p> <\/div><\/li><li class=\"comment-li\"> <div class=\"comment-box\">  <p class=\"comment-post\">Heiliger Bruder Klaus bitte bete mit allen helfenden Engeln und Schutzengeln dass diese Fasnachtsanl\u00e4sse heute und morgen Sonntag glimpflich und schadlos an unserem Haus und Heim hier in Schattdorf vor\u00fcber gehen. Heiliger Bruder Klaus halte die Sch\u00fctzende Hand heute und morgen Sonntag  und allzeit \u00fcber uns und unser Haus und Heim hier in Schattdorf und haltet jeden Vandalismus von uns fern. \r\nHeiliger Bruder Klaus ich danke dir und allen helfenden Engeln f\u00fcr deine grosse Hilfe. Vielen Dank.<\/p>  <p class=\"clear\"><span class=\"comment-date fleft\">14.02.2026 11:09<\/span>  <span class=\"comment-by fright\">Edwin Schuler<\/span><\/p> <\/div><\/li><li class=\"comment-li\"> <div class=\"comment-box\">  <p class=\"comment-post\">Eine Kerze f\u00fcr Matteo brennt bei Bruder Klaus und Dorothee.<\/p>  <p class=\"clear\"><span class=\"comment-date fleft\">13.02.2026 09:09<\/span>  <span class=\"comment-by fright\"><\/span><\/p> <\/div><\/li><\/ul><div class=\"page-load-status\">  <div class=\"loader-ellips infinite-scroll-request\">    <span class=\"loader-ellips__dot\"><\/span>    <span class=\"loader-ellips__dot\"><\/span>    <span class=\"loader-ellips__dot\"><\/span>    <span class=\"loader-ellips__dot\"><\/span>  <\/div>  <p class=\"infinite-scroll-last\">End of content<\/p>  <p class=\"infinite-scroll-error\">No more pages to load<\/p><\/div>\n","protected":false},"excerpt":{"rendered":"","protected":false},"author":7,"featured_media":2820,"parent":0,"menu_order":88,"comment_status":"closed","ping_status":"closed","template":"","meta":{"_acf_changed":false,"footnotes":""},"acf":[],"_links":{"self":[{"href":"https:\/\/bruderklaus.com\/it\/wp-json\/wp\/v2\/pages\/10894"}],"collection":[{"href":"https:\/\/bruderklaus.com\/it\/wp-json\/wp\/v2\/pages"}],"about":[{"href":"https:\/\/bruderklaus.com\/it\/wp-json\/wp\/v2\/types\/page"}],"author":[{"embeddable":true,"href":"https:\/\/bruderklaus.com\/it\/wp-json\/wp\/v2\/users\/7"}],"replies":[{"embeddable":true,"href":"https:\/\/bruderklaus.com\/it\/wp-json\/wp\/v2\/comments?post=10894"}],"version-history":[{"count":1,"href":"https:\/\/bruderklaus.com\/it\/wp-json\/wp\/v2\/pages\/10894\/revisions"}],"predecessor-version":[{"id":10895,"href":"https:\/\/bruderklaus.com\/it\/wp-json\/wp\/v2\/pages\/10894\/revisions\/10895"}],"wp:featuredmedia":[{"embeddable":true,"href":"https:\/\/bruderklaus.com\/it\/wp-json\/wp\/v2\/media\/2820"}],"wp:attachment":[{"href":"https:\/\/bruderklaus.com\/it\/wp-json\/wp\/v2\/media?parent=10894"}],"curies":[{"name":"wp","href":"https:\/\/api.w.org\/{rel}","templated":true}]}}