{"id":8166,"date":"2019-03-03T16:42:03","date_gmt":"2019-03-03T16:42:03","guid":{"rendered":"https:\/\/2021.bruderklaus.com\/produkt\/kapelle-st-niklausen-und-kapelle-moesli\/"},"modified":"2021-04-09T08:56:14","modified_gmt":"2021-04-09T08:56:14","slug":"kapelle-st-niklausen-und-kapelle-moesli","status":"publish","type":"product","link":"https:\/\/bruderklaus.com\/fr\/produkt\/kapelle-st-niklausen-und-kapelle-moesli\/","title":{"rendered":"Kapelle St. Niklausen und Kapelle M\u00f6sli"},"content":{"rendered":"<p>Kleiner F\u00fchrer der Kapelle St. Niklausen ob Kerns und Bruder-Ulrich-Kapelle im M\u00f6sli von Jutta Betz<br \/>\n32 S., reich bebildert<\/p>\n","protected":false},"excerpt":{"rendered":"<p>Kleiner F\u00fchrer der Kapelle St. Niklausen ob Kerns und Bruder-Ulrich-Kapelle im M\u00f6sli von Jutta Betz 32 S., reich bebildert<\/p>\n","protected":false},"featured_media":8167,"template":"","meta":{"_acf_changed":false},"product_cat":[94,102,118],"product_tag":[],"acf":[],"_links":{"self":[{"href":"https:\/\/bruderklaus.com\/fr\/wp-json\/wp\/v2\/product\/8166"}],"collection":[{"href":"https:\/\/bruderklaus.com\/fr\/wp-json\/wp\/v2\/product"}],"about":[{"href":"https:\/\/bruderklaus.com\/fr\/wp-json\/wp\/v2\/types\/product"}],"wp:featuredmedia":[{"embeddable":true,"href":"https:\/\/bruderklaus.com\/fr\/wp-json\/wp\/v2\/media\/8167"}],"wp:attachment":[{"href":"https:\/\/bruderklaus.com\/fr\/wp-json\/wp\/v2\/media?parent=8166"}],"wp:term":[{"taxonomy":"product_cat","embeddable":true,"href":"https:\/\/bruderklaus.com\/fr\/wp-json\/wp\/v2\/product_cat?post=8166"},{"taxonomy":"product_tag","embeddable":true,"href":"https:\/\/bruderklaus.com\/fr\/wp-json\/wp\/v2\/product_tag?post=8166"}],"curies":[{"name":"wp","href":"https:\/\/api.w.org\/{rel}","templated":true}]}}