{"id":8116,"date":"2020-10-28T12:27:54","date_gmt":"2020-10-28T12:27:54","guid":{"rendered":"https:\/\/2021.bruderklaus.com\/produkt\/karte-bruder-klaus-gebet\/"},"modified":"2024-07-04T12:06:33","modified_gmt":"2024-07-04T10:06:33","slug":"karte-bruder-klaus-gebet","status":"publish","type":"product","link":"https:\/\/bruderklaus.com\/fr\/produkt\/karte-bruder-klaus-gebet\/","title":{"rendered":"Karte | Bruder Klaus Gebet"},"content":{"rendered":"<p>Falt-Karte mit Bruder Klaus Gebet<\/p>\n<p>R\u00fcckseite blau | Gr\u00f6sse A6<br \/>\nSprachen Deutsch, Franz\u00f6sisch, Italienisch<br \/>\nerh\u00e4ltlich mit oder ohne Kuvert<\/p>\n<p>&nbsp;<\/p>\n","protected":false},"excerpt":{"rendered":"<p>Falt-Karte mit Bruder Klaus Gebet R\u00fcckseite blau | Gr\u00f6sse A6 Sprachen Deutsch, Franz\u00f6sisch, Italienisch erh\u00e4ltlich mit oder ohne Kuvert &nbsp;<\/p>\n","protected":false},"featured_media":8117,"template":"","meta":{"_acf_changed":false},"product_cat":[118,120,125,162],"product_tag":[],"acf":[],"_links":{"self":[{"href":"https:\/\/bruderklaus.com\/fr\/wp-json\/wp\/v2\/product\/8116"}],"collection":[{"href":"https:\/\/bruderklaus.com\/fr\/wp-json\/wp\/v2\/product"}],"about":[{"href":"https:\/\/bruderklaus.com\/fr\/wp-json\/wp\/v2\/types\/product"}],"wp:featuredmedia":[{"embeddable":true,"href":"https:\/\/bruderklaus.com\/fr\/wp-json\/wp\/v2\/media\/8117"}],"wp:attachment":[{"href":"https:\/\/bruderklaus.com\/fr\/wp-json\/wp\/v2\/media?parent=8116"}],"wp:term":[{"taxonomy":"product_cat","embeddable":true,"href":"https:\/\/bruderklaus.com\/fr\/wp-json\/wp\/v2\/product_cat?post=8116"},{"taxonomy":"product_tag","embeddable":true,"href":"https:\/\/bruderklaus.com\/fr\/wp-json\/wp\/v2\/product_tag?post=8116"}],"curies":[{"name":"wp","href":"https:\/\/api.w.org\/{rel}","templated":true}]}}