{"id":8065,"date":"2020-10-18T14:47:07","date_gmt":"2020-10-18T14:47:07","guid":{"rendered":"https:\/\/2021.bruderklaus.com\/produkt\/mein-herr-und-mein-gott-gebetsbueechli\/"},"modified":"2021-04-09T08:51:27","modified_gmt":"2021-04-09T08:51:27","slug":"mein-herr-und-mein-gott-gebetsbueechli","status":"publish","type":"product","link":"https:\/\/bruderklaus.com\/fr\/produkt\/mein-herr-und-mein-gott-gebetsbueechli\/","title":{"rendered":"Mein Herr und mein Gott &#8211; Gebetsb\u00fcechli"},"content":{"rendered":"<p>Meditation \u00fcber das Bruder Klaus Gebet &#8220;Mein Herr und mein Gott&#8221; mit F\u00fcrbitten sowie dem Gebet des heiligen Vaters Papst Johannes Paul II am Grab von Bruder Klaus am 14. Juni 1984.<\/p>\n<p>F\u00f6rderverein Niklaus von Fl\u00fce und Dorothee Wyss, 2020<br \/>\nA6, 16 Seiten<br \/>\nISBN 978-3-905197-21-1<\/p>\n","protected":false},"excerpt":{"rendered":"<p>Meditation \u00fcber das Bruder Klaus Gebet &#8220;Mein Herr und mein Gott&#8221; mit F\u00fcrbitten sowie dem Gebet des heiligen Vaters Papst Johannes Paul II am Grab von Bruder Klaus am 14. Juni 1984. F\u00f6rderverein Niklaus von Fl\u00fce und Dorothee Wyss, 2020 A6, 16 Seiten ISBN 978-3-905197-21-1<\/p>\n","protected":false},"featured_media":8066,"template":"","meta":{"_acf_changed":false},"product_cat":[94,101,118],"product_tag":[],"acf":[],"_links":{"self":[{"href":"https:\/\/bruderklaus.com\/fr\/wp-json\/wp\/v2\/product\/8065"}],"collection":[{"href":"https:\/\/bruderklaus.com\/fr\/wp-json\/wp\/v2\/product"}],"about":[{"href":"https:\/\/bruderklaus.com\/fr\/wp-json\/wp\/v2\/types\/product"}],"wp:featuredmedia":[{"embeddable":true,"href":"https:\/\/bruderklaus.com\/fr\/wp-json\/wp\/v2\/media\/8066"}],"wp:attachment":[{"href":"https:\/\/bruderklaus.com\/fr\/wp-json\/wp\/v2\/media?parent=8065"}],"wp:term":[{"taxonomy":"product_cat","embeddable":true,"href":"https:\/\/bruderklaus.com\/fr\/wp-json\/wp\/v2\/product_cat?post=8065"},{"taxonomy":"product_tag","embeddable":true,"href":"https:\/\/bruderklaus.com\/fr\/wp-json\/wp\/v2\/product_tag?post=8065"}],"curies":[{"name":"wp","href":"https:\/\/api.w.org\/{rel}","templated":true}]}}