{"id":7678,"date":"2024-12-02T15:02:51","date_gmt":"2024-12-02T14:02:51","guid":{"rendered":"https:\/\/2021.bruderklaus.com\/produkt\/holztafel-bruder-klaus-aeltestes-bild\/"},"modified":"2024-12-04T13:21:42","modified_gmt":"2024-12-04T12:21:42","slug":"holztafel-bruder-klaus-aeltestes-bild","status":"publish","type":"product","link":"https:\/\/bruderklaus.com\/fr\/produkt\/holztafel-bruder-klaus-aeltestes-bild\/","title":{"rendered":"Holztafel | \u00e4ltestes Bild des Bruder Klaus von Fl\u00fce"},"content":{"rendered":"<p><strong>Holz-Tafelbild<br \/>\n<\/strong>Nach dem \u00e4ltesten Bild von Bruder Klaus von Fl\u00fce (1417-1487).<\/p>\n<p><strong>Material<br \/>\n<\/strong>Hergestellt in Obwalden. Farbdruck auf Holz, MDF-Faserplatte (Recyclingmaterial) bei FAMO, Alpnach &#8211; echt Obwalden.<\/p>\n<p><strong>Gr\u00f6sse<\/strong><br \/>\n8.5 x 19.5 cm<br \/>\nWeitere Gr\u00f6ssen auf Bestellung. Gr\u00f6ssere Mengen, Preis auf Anfrage.<\/p>\n<p><strong>Geschichte<\/strong><br \/>\nDer Altarfl\u00fcgel entstand 1492, wenige Jahre nach dem Tod der Ranftheiligen. Er wird im Museum Bruder Klaus Sachseln gezeigt und ist das wertvollste Objekt im Museum.<\/p>\n<p>&nbsp;<\/p>\n","protected":false},"excerpt":{"rendered":"<p>Holz-Tafelbild Nach dem \u00e4ltesten Bild von Bruder Klaus von Fl\u00fce (1417-1487). Material Hergestellt in Obwalden. Farbdruck auf Holz, MDF-Faserplatte (Recyclingmaterial) bei FAMO, Alpnach &#8211; echt Obwalden. Gr\u00f6sse 8.5 x 19.5 cm Weitere Gr\u00f6ssen auf Bestellung. Gr\u00f6ssere Mengen, Preis auf Anfrage. Geschichte Der Altarfl\u00fcgel entstand 1492, wenige Jahre nach dem Tod der Ranftheiligen. Er wird im [&hellip;]<\/p>\n","protected":false},"featured_media":22013,"template":"","meta":{"_acf_changed":false},"product_cat":[106,113,118,120,176],"product_tag":[],"acf":[],"_links":{"self":[{"href":"https:\/\/bruderklaus.com\/fr\/wp-json\/wp\/v2\/product\/7678"}],"collection":[{"href":"https:\/\/bruderklaus.com\/fr\/wp-json\/wp\/v2\/product"}],"about":[{"href":"https:\/\/bruderklaus.com\/fr\/wp-json\/wp\/v2\/types\/product"}],"wp:featuredmedia":[{"embeddable":true,"href":"https:\/\/bruderklaus.com\/fr\/wp-json\/wp\/v2\/media\/22013"}],"wp:attachment":[{"href":"https:\/\/bruderklaus.com\/fr\/wp-json\/wp\/v2\/media?parent=7678"}],"wp:term":[{"taxonomy":"product_cat","embeddable":true,"href":"https:\/\/bruderklaus.com\/fr\/wp-json\/wp\/v2\/product_cat?post=7678"},{"taxonomy":"product_tag","embeddable":true,"href":"https:\/\/bruderklaus.com\/fr\/wp-json\/wp\/v2\/product_tag?post=7678"}],"curies":[{"name":"wp","href":"https:\/\/api.w.org\/{rel}","templated":true}]}}