{"id":7640,"date":"2024-12-03T14:29:36","date_gmt":"2024-12-03T13:29:36","guid":{"rendered":"https:\/\/2021.bruderklaus.com\/produkt\/armband-gebetsschnur-bruder-klaus-rad\/"},"modified":"2025-12-19T17:28:52","modified_gmt":"2025-12-19T16:28:52","slug":"armband-gebetsschnur-bruder-klaus-rad","status":"publish","type":"product","link":"https:\/\/bruderklaus.com\/fr\/produkt\/armband-gebetsschnur-bruder-klaus-rad\/","title":{"rendered":"Handarbeit aus Obwalden | Gebets-Armband mit Radbild"},"content":{"rendered":"<p>Die Gebetsarmb\u00e4nder kn\u00fcpfen Hausbetreurerinnen der historischen H\u00e4user bei Niklaus von Fl\u00fce und Dorothee.<br \/>\nDas Bruder Klaus-Radbild in Bronce wird in Kleinstserie in Obwalden gegossen. Jedes Armband ist ein UNIKAT &#8211; HANDARBEIT PUR &#8211; echt Obwalden.<\/p>\n<p>Erh\u00e4ltlich in den Farben weiss, blau, rosa, rot, goldgelb, zitronengelb, gr\u00fcn, schwarz.<br \/>\nSpezialanfertigungen auf Anfrage.<\/p>\n","protected":false},"excerpt":{"rendered":"<p>Die Gebetsarmb\u00e4nder kn\u00fcpfen Hausbetreurerinnen der historischen H\u00e4user bei Niklaus von Fl\u00fce und Dorothee. Das Bruder Klaus-Radbild in Bronce wird in Kleinstserie in Obwalden gegossen. Jedes Armband ist ein UNIKAT &#8211; HANDARBEIT PUR &#8211; echt Obwalden. Erh\u00e4ltlich in den Farben weiss, blau, rosa, rot, goldgelb, zitronengelb, gr\u00fcn, schwarz. Spezialanfertigungen auf Anfrage.<\/p>\n","protected":false},"featured_media":22003,"template":"","meta":{"_acf_changed":false},"product_cat":[101,106,107,176],"product_tag":[],"acf":[],"_links":{"self":[{"href":"https:\/\/bruderklaus.com\/fr\/wp-json\/wp\/v2\/product\/7640"}],"collection":[{"href":"https:\/\/bruderklaus.com\/fr\/wp-json\/wp\/v2\/product"}],"about":[{"href":"https:\/\/bruderklaus.com\/fr\/wp-json\/wp\/v2\/types\/product"}],"wp:featuredmedia":[{"embeddable":true,"href":"https:\/\/bruderklaus.com\/fr\/wp-json\/wp\/v2\/media\/22003"}],"wp:attachment":[{"href":"https:\/\/bruderklaus.com\/fr\/wp-json\/wp\/v2\/media?parent=7640"}],"wp:term":[{"taxonomy":"product_cat","embeddable":true,"href":"https:\/\/bruderklaus.com\/fr\/wp-json\/wp\/v2\/product_cat?post=7640"},{"taxonomy":"product_tag","embeddable":true,"href":"https:\/\/bruderklaus.com\/fr\/wp-json\/wp\/v2\/product_tag?post=7640"}],"curies":[{"name":"wp","href":"https:\/\/api.w.org\/{rel}","templated":true}]}}