{"id":7393,"date":"2018-07-17T08:56:06","date_gmt":"2018-07-17T08:56:06","guid":{"rendered":"https:\/\/2021.bruderklaus.com\/produkt\/niklaus-von-fluee-botschafter-des-friedens\/"},"modified":"2021-04-11T19:48:31","modified_gmt":"2021-04-11T19:48:31","slug":"niklaus-von-fluee-botschafter-des-friedens","status":"publish","type":"product","link":"https:\/\/bruderklaus.com\/fr\/produkt\/niklaus-von-fluee-botschafter-des-friedens\/","title":{"rendered":"Niklaus von Fl\u00fce  &#8211; Botschafter des Friedens"},"content":{"rendered":"<p>Ein liebliches Bilderbuch f\u00fcr Kinder im Vorschul- und Primarschulalter.<\/p>\n<p>Text und Bilder von Ariane Jaquet, Editions du Parvis, 2017, 35 S.<\/p>\n<p>erh\u00e4ltlich in Deutsch und Franz\u00f6sisch<\/p>\n","protected":false},"excerpt":{"rendered":"<p>Ein liebliches Bilderbuch f\u00fcr Kinder im Vorschul- und Primarschulalter. Text und Bilder von Ariane Jaquet, Editions du Parvis, 2017, 35 S. erh\u00e4ltlich in Deutsch und Franz\u00f6sisch<\/p>\n","protected":false},"featured_media":7394,"template":"","meta":{"_acf_changed":false},"product_cat":[94,96,118,120],"product_tag":[],"acf":[],"_links":{"self":[{"href":"https:\/\/bruderklaus.com\/fr\/wp-json\/wp\/v2\/product\/7393"}],"collection":[{"href":"https:\/\/bruderklaus.com\/fr\/wp-json\/wp\/v2\/product"}],"about":[{"href":"https:\/\/bruderklaus.com\/fr\/wp-json\/wp\/v2\/types\/product"}],"wp:featuredmedia":[{"embeddable":true,"href":"https:\/\/bruderklaus.com\/fr\/wp-json\/wp\/v2\/media\/7394"}],"wp:attachment":[{"href":"https:\/\/bruderklaus.com\/fr\/wp-json\/wp\/v2\/media?parent=7393"}],"wp:term":[{"taxonomy":"product_cat","embeddable":true,"href":"https:\/\/bruderklaus.com\/fr\/wp-json\/wp\/v2\/product_cat?post=7393"},{"taxonomy":"product_tag","embeddable":true,"href":"https:\/\/bruderklaus.com\/fr\/wp-json\/wp\/v2\/product_tag?post=7393"}],"curies":[{"name":"wp","href":"https:\/\/api.w.org\/{rel}","templated":true}]}}