{"id":7384,"date":"2024-07-06T08:44:22","date_gmt":"2024-07-06T06:44:22","guid":{"rendered":"https:\/\/2021.bruderklaus.com\/produkt\/wallfahrtsfuehrer-der-schweiz\/"},"modified":"2025-12-01T00:00:20","modified_gmt":"2025-11-30T23:00:20","slug":"wallfahrtsfuehrer-der-schweiz","status":"publish","type":"product","link":"https:\/\/bruderklaus.com\/fr\/produkt\/wallfahrtsfuehrer-der-schweiz\/","title":{"rendered":"Wallfahrtsf\u00fchrer der Schweiz"},"content":{"rendered":"<p>Im reich illustrierten Wallfahrtsf\u00fchrer werden mehr als 100 Wallfahrtsorte der Schweiz \u00fcbersichtlich vorgestellt, inkl. Sachseln und Fl\u00fceli-Ranft.<\/p>\n<p>Lothar E. Kaiser, Verlag Kirchen- und Wallfahrtsf\u00fchrer, Emmen, 2013, 190 S.<\/p>\n","protected":false},"excerpt":{"rendered":"<p>Im reich illustrierten Wallfahrtsf\u00fchrer werden mehr als 100 Wallfahrtsorte der Schweiz \u00fcbersichtlich vorgestellt, inkl. Sachseln und Fl\u00fceli-Ranft. Lothar E. Kaiser, Verlag Kirchen- und Wallfahrtsf\u00fchrer, Emmen, 2013, 190 S.<\/p>\n","protected":false},"featured_media":7385,"template":"","meta":{"_acf_changed":false},"product_cat":[94,102,118],"product_tag":[],"acf":[],"_links":{"self":[{"href":"https:\/\/bruderklaus.com\/fr\/wp-json\/wp\/v2\/product\/7384"}],"collection":[{"href":"https:\/\/bruderklaus.com\/fr\/wp-json\/wp\/v2\/product"}],"about":[{"href":"https:\/\/bruderklaus.com\/fr\/wp-json\/wp\/v2\/types\/product"}],"wp:featuredmedia":[{"embeddable":true,"href":"https:\/\/bruderklaus.com\/fr\/wp-json\/wp\/v2\/media\/7385"}],"wp:attachment":[{"href":"https:\/\/bruderklaus.com\/fr\/wp-json\/wp\/v2\/media?parent=7384"}],"wp:term":[{"taxonomy":"product_cat","embeddable":true,"href":"https:\/\/bruderklaus.com\/fr\/wp-json\/wp\/v2\/product_cat?post=7384"},{"taxonomy":"product_tag","embeddable":true,"href":"https:\/\/bruderklaus.com\/fr\/wp-json\/wp\/v2\/product_tag?post=7384"}],"curies":[{"name":"wp","href":"https:\/\/api.w.org\/{rel}","templated":true}]}}