{"id":7319,"date":"2025-10-19T17:18:13","date_gmt":"2025-10-19T15:18:13","guid":{"rendered":"https:\/\/2021.bruderklaus.com\/produkt\/mystiker-mittler-mensch-offizielle-gedenkpublikation-2017\/"},"modified":"2025-10-20T13:21:39","modified_gmt":"2025-10-20T11:21:39","slug":"mystiker-mittler-mensch-offizielle-gedenkpublikation-2017","status":"publish","type":"product","link":"https:\/\/bruderklaus.com\/fr\/produkt\/mystiker-mittler-mensch-offizielle-gedenkpublikation-2017\/","title":{"rendered":"Mystiker Mittler Mensch \u2013 Gedenkpublikation"},"content":{"rendered":"<p>Der Gedenkband weitet den Blick auf Niklaus von Fl\u00fce und Dorothee Wyss und ihr Leben und Wirken \u00fcber das kirchennahe Milieu hinaus. Mit umfangreicher Sammlung von Aufs\u00e4tzen zu Dorothee Wyss und Mystik aus Sicht von Frauen.<\/p>\n<p>Impulsen von 60 Autorinnen und Autoren aus Geschichte, Spiritualit\u00e4t, Ethik, Kunst und Kultur sowie pers\u00f6nlichen Begegnungen der Verehrung und Wertsch\u00e4tzung.<\/p>\n<p>Dr. phil. I Roland Gr\u00f6bli, Heidi Kronenberg, Prof. Dr. Markus Ries, Dr. theol. Thomas Wallimann-Sasaki (Hsg.), Edition NZN bei TVZ und Tr\u00e4gerverein \u00ab600 Jahre Niklaus von Fl\u00fce\u00bb,<br \/>\n3. Auflage 2017, 388 S., Softcover<\/p>\n","protected":false},"excerpt":{"rendered":"<p>Der Gedenkband weitet den Blick auf Niklaus von Fl\u00fce und Dorothee Wyss und ihr Leben und Wirken \u00fcber das kirchennahe Milieu hinaus. Mit umfangreicher Sammlung von Aufs\u00e4tzen zu Dorothee Wyss und Mystik aus Sicht von Frauen. Impulsen von 60 Autorinnen und Autoren aus Geschichte, Spiritualit\u00e4t, Ethik, Kunst und Kultur sowie pers\u00f6nlichen Begegnungen der Verehrung und [&hellip;]<\/p>\n","protected":false},"featured_media":23675,"template":"","meta":{"_acf_changed":false},"product_cat":[94,95],"product_tag":[],"acf":[],"_links":{"self":[{"href":"https:\/\/bruderklaus.com\/fr\/wp-json\/wp\/v2\/product\/7319"}],"collection":[{"href":"https:\/\/bruderklaus.com\/fr\/wp-json\/wp\/v2\/product"}],"about":[{"href":"https:\/\/bruderklaus.com\/fr\/wp-json\/wp\/v2\/types\/product"}],"wp:featuredmedia":[{"embeddable":true,"href":"https:\/\/bruderklaus.com\/fr\/wp-json\/wp\/v2\/media\/23675"}],"wp:attachment":[{"href":"https:\/\/bruderklaus.com\/fr\/wp-json\/wp\/v2\/media?parent=7319"}],"wp:term":[{"taxonomy":"product_cat","embeddable":true,"href":"https:\/\/bruderklaus.com\/fr\/wp-json\/wp\/v2\/product_cat?post=7319"},{"taxonomy":"product_tag","embeddable":true,"href":"https:\/\/bruderklaus.com\/fr\/wp-json\/wp\/v2\/product_tag?post=7319"}],"curies":[{"name":"wp","href":"https:\/\/api.w.org\/{rel}","templated":true}]}}