{"id":7293,"date":"2018-07-11T09:37:44","date_gmt":"2018-07-11T09:37:44","guid":{"rendered":"https:\/\/2021.bruderklaus.com\/produkt\/visionen-wege-in-die-tiefe-mit-bruder-klaus\/"},"modified":"2022-08-09T22:31:21","modified_gmt":"2022-08-09T20:31:21","slug":"visionen-wege-in-die-tiefe-mit-bruder-klaus","status":"publish","type":"product","link":"https:\/\/bruderklaus.com\/fr\/produkt\/visionen-wege-in-die-tiefe-mit-bruder-klaus\/","title":{"rendered":"Visionen \u2013 Wege in die Tiefe mit Bruder Klaus"},"content":{"rendered":"<p>\u00dcber die denkw\u00fcrdigen Stationen des Lebens von Niklaus von Fl\u00fce nachdenken und zu seinen Visionen Kraft aus der Tiefe sch\u00f6pfen.<\/p>\n<p>Bruder-Klausen-Stiftung, Sachseln, 3. leicht ge\u00e4nderte Auflage 2017, 32 S.<\/p>\n","protected":false},"excerpt":{"rendered":"<p>\u00dcber die denkw\u00fcrdigen Stationen des Lebens von Niklaus von Fl\u00fce nachdenken und zu seinen Visionen Kraft aus der Tiefe sch\u00f6pfen. Bruder-Klausen-Stiftung, Sachseln, 3. leicht ge\u00e4nderte Auflage 2017, 32 S.<\/p>\n","protected":false},"featured_media":7294,"template":"","meta":{"_acf_changed":false},"product_cat":[101,102,107,118],"product_tag":[],"acf":[],"_links":{"self":[{"href":"https:\/\/bruderklaus.com\/fr\/wp-json\/wp\/v2\/product\/7293"}],"collection":[{"href":"https:\/\/bruderklaus.com\/fr\/wp-json\/wp\/v2\/product"}],"about":[{"href":"https:\/\/bruderklaus.com\/fr\/wp-json\/wp\/v2\/types\/product"}],"wp:featuredmedia":[{"embeddable":true,"href":"https:\/\/bruderklaus.com\/fr\/wp-json\/wp\/v2\/media\/7294"}],"wp:attachment":[{"href":"https:\/\/bruderklaus.com\/fr\/wp-json\/wp\/v2\/media?parent=7293"}],"wp:term":[{"taxonomy":"product_cat","embeddable":true,"href":"https:\/\/bruderklaus.com\/fr\/wp-json\/wp\/v2\/product_cat?post=7293"},{"taxonomy":"product_tag","embeddable":true,"href":"https:\/\/bruderklaus.com\/fr\/wp-json\/wp\/v2\/product_tag?post=7293"}],"curies":[{"name":"wp","href":"https:\/\/api.w.org\/{rel}","templated":true}]}}