{"id":7255,"date":"2018-07-11T08:56:19","date_gmt":"2018-07-11T08:56:19","guid":{"rendered":"https:\/\/2021.bruderklaus.com\/produkt\/dorothee-und-niklaus-von-fluee-wyss\/"},"modified":"2021-04-09T09:20:17","modified_gmt":"2021-04-09T09:20:17","slug":"dorothee-und-niklaus-von-fluee-wyss","status":"publish","type":"product","link":"https:\/\/bruderklaus.com\/fr\/produkt\/dorothee-und-niklaus-von-fluee-wyss\/","title":{"rendered":"Dorothee und Niklaus von Fl\u00fce-Wyss"},"content":{"rendered":"<p>Wer waren Niklaus von Fl\u00fce und Dorothee Wyss?<br \/>\nSo dicht und treffend wie in den zwei Texten dieser Brosch\u00fcre finden Sie die Frage sonst nirgends beantwortet.<\/p>\n<p>Roland Gr\u00f6bli \/ Klara Oberm\u00fcller, Bruder-Klausen-Stiftung, Sachseln, 2012, 24 S.<\/p>\n","protected":false},"excerpt":{"rendered":"<p>Wer waren Niklaus von Fl\u00fce und Dorothee Wyss? So dicht und treffend wie in den zwei Texten dieser Brosch\u00fcre finden Sie die Frage sonst nirgends beantwortet. Roland Gr\u00f6bli \/ Klara Oberm\u00fcller, Bruder-Klausen-Stiftung, Sachseln, 2012, 24 S.<\/p>\n","protected":false},"featured_media":7256,"template":"","meta":{"_acf_changed":false},"product_cat":[94,95,118],"product_tag":[],"acf":[],"_links":{"self":[{"href":"https:\/\/bruderklaus.com\/fr\/wp-json\/wp\/v2\/product\/7255"}],"collection":[{"href":"https:\/\/bruderklaus.com\/fr\/wp-json\/wp\/v2\/product"}],"about":[{"href":"https:\/\/bruderklaus.com\/fr\/wp-json\/wp\/v2\/types\/product"}],"wp:featuredmedia":[{"embeddable":true,"href":"https:\/\/bruderklaus.com\/fr\/wp-json\/wp\/v2\/media\/7256"}],"wp:attachment":[{"href":"https:\/\/bruderklaus.com\/fr\/wp-json\/wp\/v2\/media?parent=7255"}],"wp:term":[{"taxonomy":"product_cat","embeddable":true,"href":"https:\/\/bruderklaus.com\/fr\/wp-json\/wp\/v2\/product_cat?post=7255"},{"taxonomy":"product_tag","embeddable":true,"href":"https:\/\/bruderklaus.com\/fr\/wp-json\/wp\/v2\/product_tag?post=7255"}],"curies":[{"name":"wp","href":"https:\/\/api.w.org\/{rel}","templated":true}]}}