{"id":22630,"date":"2025-03-26T09:24:14","date_gmt":"2025-03-26T08:24:14","guid":{"rendered":"https:\/\/bruderklaus.com\/?post_type=product&#038;p=22630"},"modified":"2025-03-26T09:36:11","modified_gmt":"2025-03-26T08:36:11","slug":"bruder-klaus-foto-bildband","status":"publish","type":"product","link":"https:\/\/bruderklaus.com\/fr\/produkt\/bruder-klaus-foto-bildband\/","title":{"rendered":"Bruder Klaus | Foto-Bildband"},"content":{"rendered":"<p>Fotobildband &#8220;BRUDER KLAUS auf Reisen 2021-2025&#8221; von Philipp Sch\u00f6nborn und Anenette Philp<\/p>\n<p>Der M\u00fcnchner Kunstschaffende Philipp Sch\u00f6nborn hat Darstellungen des asketischen Gesichts von Bruder Klaus fotografiert, sie in schwarz-weiss vereinheitlicht und zu einem r\u00e4umlichen Bild angeordnet. Einige Portraits sind rot gef\u00e4rbt, sie bilden den Grund f\u00fcr das weisse Kreuz, eine Anlehnung an die Schweizer Fahne. Als Leuchtbild mit 15 Portraits auf Pigmentdruck (Masse 106x70x29 cm) ging das Werk zwischen 2021 und 2025 auf Reisen. Diese &#8220;Bild-Reise&#8221; startete im Kloster St. Gallen ging weiter \u00fcber das Kloster Einsiedeln, nach Fl\u00fceli-Ranft (Geburtshaus des Niklaus von Fl\u00fce), ins Kloster Engelberg, nach Fribourg, Chur bis Z\u00fcrich und endetet 2025 in Rom. Die Reise ist im pr\u00e4chtigen Bildband mit Grossaufnahmen zusammengefasst und mit einer Kurzbiografie erg\u00e4nzt. Ein Geschenk f\u00fcr sich selbst oder andere!<\/p>\n<p>Das Buch erschien anl\u00e4sslich der Ausstellung Philipp Sch\u00f6nborn &#8220;Santi Pellegrini&#8221;, Santa Maria dell&#8217;Anima, Rom (19.3-19.11.2025)<br \/>\nHrsg. Kunstverlag Josef Fink, Lindenberg DE<br \/>\n103 Seiten, Bilder reich (grossformatig)<br \/>\nISBN 978-3-95976-533-6<\/p>\n","protected":false},"excerpt":{"rendered":"<p>Fotobildband &#8220;BRUDER KLAUS auf Reisen 2021-2025&#8221; von Philipp Sch\u00f6nborn und Anenette Philp Der M\u00fcnchner Kunstschaffende Philipp Sch\u00f6nborn hat Darstellungen des asketischen Gesichts von Bruder Klaus fotografiert, sie in schwarz-weiss vereinheitlicht und zu einem r\u00e4umlichen Bild angeordnet. Einige Portraits sind rot gef\u00e4rbt, sie bilden den Grund f\u00fcr das weisse Kreuz, eine Anlehnung an die Schweizer Fahne. [&hellip;]<\/p>\n","protected":false},"featured_media":22613,"template":"","meta":{"_acf_changed":false},"product_cat":[94,113,118],"product_tag":[],"acf":[],"_links":{"self":[{"href":"https:\/\/bruderklaus.com\/fr\/wp-json\/wp\/v2\/product\/22630"}],"collection":[{"href":"https:\/\/bruderklaus.com\/fr\/wp-json\/wp\/v2\/product"}],"about":[{"href":"https:\/\/bruderklaus.com\/fr\/wp-json\/wp\/v2\/types\/product"}],"wp:featuredmedia":[{"embeddable":true,"href":"https:\/\/bruderklaus.com\/fr\/wp-json\/wp\/v2\/media\/22613"}],"wp:attachment":[{"href":"https:\/\/bruderklaus.com\/fr\/wp-json\/wp\/v2\/media?parent=22630"}],"wp:term":[{"taxonomy":"product_cat","embeddable":true,"href":"https:\/\/bruderklaus.com\/fr\/wp-json\/wp\/v2\/product_cat?post=22630"},{"taxonomy":"product_tag","embeddable":true,"href":"https:\/\/bruderklaus.com\/fr\/wp-json\/wp\/v2\/product_tag?post=22630"}],"curies":[{"name":"wp","href":"https:\/\/api.w.org\/{rel}","templated":true}]}}