{"id":21856,"date":"2024-10-24T12:12:59","date_gmt":"2024-10-24T10:12:59","guid":{"rendered":"https:\/\/bruderklaus.com\/?post_type=product&#038;p=21856"},"modified":"2024-10-24T12:13:00","modified_gmt":"2024-10-24T10:13:00","slug":"niklaus-von-fluee-in-malayalam","status":"publish","type":"product","link":"https:\/\/bruderklaus.com\/fr\/produkt\/niklaus-von-fluee-in-malayalam\/","title":{"rendered":"Niklaus von Fl\u00fce in Malayalam"},"content":{"rendered":"<p>Erste Biografie des Schweizer Friedenstifters Niklaus von Fl\u00fce in Malayalam.<\/p>\n<p>Zur Einweihung der neuen Bruder Klaus-Kirche in Kerala, S\u00fcdindien erschied eine erste Biografie \u00fcber den Schweizer Friedenstifter Niklaus von Fl\u00fce im September 2024 in Malayalam. 35 Millionen Menschen sprechen diese Sprache in s\u00fcdindischen Bundesstaat Kerala. Das Buch erschien auf Bitten von kardinal Cleemis, um die Botschaft des Schweizer Mystikers und Friedesmann in Indien bekannt zu machen.<\/p>\n<p>Autor: P. Dr. Mathew Charthakuzhyl<br \/>\n192 S., reich bebildert<\/p>\n","protected":false},"excerpt":{"rendered":"<p>Erste Biografie des Schweizer Friedenstifters Niklaus von Fl\u00fce in Malayalam. Zur Einweihung der neuen Bruder Klaus-Kirche in Kerala, S\u00fcdindien erschied eine erste Biografie \u00fcber den Schweizer Friedenstifter Niklaus von Fl\u00fce im September 2024 in Malayalam. 35 Millionen Menschen sprechen diese Sprache in s\u00fcdindischen Bundesstaat Kerala. Das Buch erschien auf Bitten von kardinal Cleemis, um die [&hellip;]<\/p>\n","protected":false},"featured_media":21857,"template":"","meta":{"_acf_changed":false},"product_cat":[95],"product_tag":[],"acf":[],"_links":{"self":[{"href":"https:\/\/bruderklaus.com\/fr\/wp-json\/wp\/v2\/product\/21856"}],"collection":[{"href":"https:\/\/bruderklaus.com\/fr\/wp-json\/wp\/v2\/product"}],"about":[{"href":"https:\/\/bruderklaus.com\/fr\/wp-json\/wp\/v2\/types\/product"}],"wp:featuredmedia":[{"embeddable":true,"href":"https:\/\/bruderklaus.com\/fr\/wp-json\/wp\/v2\/media\/21857"}],"wp:attachment":[{"href":"https:\/\/bruderklaus.com\/fr\/wp-json\/wp\/v2\/media?parent=21856"}],"wp:term":[{"taxonomy":"product_cat","embeddable":true,"href":"https:\/\/bruderklaus.com\/fr\/wp-json\/wp\/v2\/product_cat?post=21856"},{"taxonomy":"product_tag","embeddable":true,"href":"https:\/\/bruderklaus.com\/fr\/wp-json\/wp\/v2\/product_tag?post=21856"}],"curies":[{"name":"wp","href":"https:\/\/api.w.org\/{rel}","templated":true}]}}