{"id":21847,"date":"2024-06-03T17:19:20","date_gmt":"2024-06-03T15:19:20","guid":{"rendered":"https:\/\/bruderklaus.com\/?post_type=product&#038;p=21847"},"modified":"2026-03-30T11:54:21","modified_gmt":"2026-03-30T09:54:21","slug":"globi-trifft-menschen-aus-der-schweiz-niklaus-von-fluee","status":"publish","type":"product","link":"https:\/\/bruderklaus.com\/fr\/produkt\/globi-trifft-menschen-aus-der-schweiz-niklaus-von-fluee\/","title":{"rendered":"Globi trifft Menschen aus der Schweiz: Niklaus von Fl\u00fce"},"content":{"rendered":"<p>Von Tr\u00e4umen und Taten.<\/p>\n<p><strong>Die Schweizer Kultfigur GLOBI beim Friedensstifter Niklaus von Fl\u00fce.<\/strong><br \/>\nGLOBI interessieren Lebensgeschichten. Im neuen Globi-Wissen-Buch begegnet er pr\u00e4genden Pers\u00f6nlichkeiten der Schweiz. Eine kunterbunte Sammlung anregender Portraits und unterhaltsamer Geschichten von Schweizerinnen und Schweizern, 44 Menschen die Geschichte schrieben. Niklaus von Fl\u00fce z\u00e4hlt dazu.<br \/>\nWeiter u.a. Albert Anker, Alfred Escher, Madame de Sta\u00ebl, Emma Kunz, Louis Chevrolet, Meret Oppenheim sowie Wiborada, die erste heiliggesprochene Frau der Schweiz und &#8211; auf 4 Seiten: der Friedensstifter Bruder Klaus von Fl\u00fce.<\/p>\n<p>Ein Buch der Serie Globi Wissen, wunderbar illustriert, mit viel Wissen f\u00fcr Klein und Gross.<br \/>\nHerausgeber: Globi Verlag; Illustrator: Daniel M\u00fcller; Autor: Marc Zollinger<br \/>\nNeuerscheinung Oktober 2024<\/p>\n","protected":false},"excerpt":{"rendered":"<p>Von Tr\u00e4umen und Taten. Die Schweizer Kultfigur GLOBI beim Friedensstifter Niklaus von Fl\u00fce. GLOBI interessieren Lebensgeschichten. Im neuen Globi-Wissen-Buch begegnet er pr\u00e4genden Pers\u00f6nlichkeiten der Schweiz. Eine kunterbunte Sammlung anregender Portraits und unterhaltsamer Geschichten von Schweizerinnen und Schweizern, 44 Menschen die Geschichte schrieben. Niklaus von Fl\u00fce z\u00e4hlt dazu. Weiter u.a. Albert Anker, Alfred Escher, Madame de [&hellip;]<\/p>\n","protected":false},"featured_media":21892,"template":"","meta":{"_acf_changed":false},"product_cat":[96,118],"product_tag":[],"acf":[],"_links":{"self":[{"href":"https:\/\/bruderklaus.com\/fr\/wp-json\/wp\/v2\/product\/21847"}],"collection":[{"href":"https:\/\/bruderklaus.com\/fr\/wp-json\/wp\/v2\/product"}],"about":[{"href":"https:\/\/bruderklaus.com\/fr\/wp-json\/wp\/v2\/types\/product"}],"wp:featuredmedia":[{"embeddable":true,"href":"https:\/\/bruderklaus.com\/fr\/wp-json\/wp\/v2\/media\/21892"}],"wp:attachment":[{"href":"https:\/\/bruderklaus.com\/fr\/wp-json\/wp\/v2\/media?parent=21847"}],"wp:term":[{"taxonomy":"product_cat","embeddable":true,"href":"https:\/\/bruderklaus.com\/fr\/wp-json\/wp\/v2\/product_cat?post=21847"},{"taxonomy":"product_tag","embeddable":true,"href":"https:\/\/bruderklaus.com\/fr\/wp-json\/wp\/v2\/product_tag?post=21847"}],"curies":[{"name":"wp","href":"https:\/\/api.w.org\/{rel}","templated":true}]}}