{"id":21640,"date":"2024-09-09T16:24:14","date_gmt":"2024-09-09T14:24:14","guid":{"rendered":"https:\/\/bruderklaus.com\/?post_type=product&#038;p=21640"},"modified":"2026-03-20T09:51:56","modified_gmt":"2026-03-20T08:51:56","slug":"neu-bruder-klaus-von-fluee-den-frieden-schauen","status":"publish","type":"product","link":"https:\/\/bruderklaus.com\/fr\/produkt\/neu-bruder-klaus-von-fluee-den-frieden-schauen\/","title":{"rendered":"NEU: Bruder Klaus von Fl\u00fce &#8211; Den Frieden schauen"},"content":{"rendered":"<p>Die Lebensgeschichte des Niklaus von Fl\u00fce erz\u00e4hlt in Form eines fiktiven Briefwechsels einer seiner T\u00f6chter mit Bruder Ulrich, dem Miteremiten auf der gegen\u00fcberliegenden Seite des Ranfts.<\/p>\n<p>Der ehemalige Grossm\u00fcnster-Pfarrer Christoph Sigrist h\u00e4lt keine blosse historische R\u00fcckschau auf das Leben des Friedenstifters, viel mehr gibt er einen Einblick in das Leben des Menschen, Gottsuchers und Mystikers Bruder Klaus von Fl\u00fce und sein Meditationsbild. Im Zweifel und im Einssein mit sich selbst und mit Gott kommt die Seele zur Schau des Friedens, der kraftvoll und m\u00e4chtig in die Welt getragen sein will.<\/p>\n<p>Neuerscheinung September 2024, Hardcover, 103 Seiten, Patmos Verlag.<br \/>\nAutoren Professor Dr. Christoph Sigrist und Hans-J\u00fcrgen Hufeisen<\/p>\n<p>&nbsp;<\/p>\n<p>&nbsp;<\/p>\n","protected":false},"excerpt":{"rendered":"<p>Die Lebensgeschichte des Niklaus von Fl\u00fce erz\u00e4hlt in Form eines fiktiven Briefwechsels einer seiner T\u00f6chter mit Bruder Ulrich, dem Miteremiten auf der gegen\u00fcberliegenden Seite des Ranfts. Der ehemalige Grossm\u00fcnster-Pfarrer Christoph Sigrist h\u00e4lt keine blosse historische R\u00fcckschau auf das Leben des Friedenstifters, viel mehr gibt er einen Einblick in das Leben des Menschen, Gottsuchers und Mystikers [&hellip;]<\/p>\n","protected":false},"featured_media":21633,"template":"","meta":{"_acf_changed":false},"product_cat":[94,103,107],"product_tag":[],"acf":[],"_links":{"self":[{"href":"https:\/\/bruderklaus.com\/fr\/wp-json\/wp\/v2\/product\/21640"}],"collection":[{"href":"https:\/\/bruderklaus.com\/fr\/wp-json\/wp\/v2\/product"}],"about":[{"href":"https:\/\/bruderklaus.com\/fr\/wp-json\/wp\/v2\/types\/product"}],"wp:featuredmedia":[{"embeddable":true,"href":"https:\/\/bruderklaus.com\/fr\/wp-json\/wp\/v2\/media\/21633"}],"wp:attachment":[{"href":"https:\/\/bruderklaus.com\/fr\/wp-json\/wp\/v2\/media?parent=21640"}],"wp:term":[{"taxonomy":"product_cat","embeddable":true,"href":"https:\/\/bruderklaus.com\/fr\/wp-json\/wp\/v2\/product_cat?post=21640"},{"taxonomy":"product_tag","embeddable":true,"href":"https:\/\/bruderklaus.com\/fr\/wp-json\/wp\/v2\/product_tag?post=21640"}],"curies":[{"name":"wp","href":"https:\/\/api.w.org\/{rel}","templated":true}]}}