{"id":20491,"date":"2024-02-20T08:31:45","date_gmt":"2024-02-20T07:31:45","guid":{"rendered":"https:\/\/bruderklaus.com\/?post_type=product&#038;p=20491"},"modified":"2024-07-09T11:52:39","modified_gmt":"2024-07-09T09:52:39","slug":"inspirationen-eines-ehepaars","status":"publish","type":"product","link":"https:\/\/bruderklaus.com\/fr\/produkt\/inspirationen-eines-ehepaars\/","title":{"rendered":"NEU: Inspirationen eines Ehepaars"},"content":{"rendered":"<p>Die Publikation kn\u00fcpft an das Gedenkjahr 2017 \u2013 600 Jahre Niklaus von Fl\u00fce \u2013 an. Mit Inspirationen des Ehepaars Niklaus von Fl\u00fce und Dorothee Wyss f\u00fcr heute zeigt es ein modernes, differenziertes Eheverst\u00e4ndnis in tiefer Gemeinsamkeit, trotz geteilter Wege auf.<br \/>\nMit lebensklugen, spirituellen und meditativen Facetten, vom pers\u00f6nlichen Gang in den Ranft bis hin zur eigenen Mitte. Ein Ausblick setzt den Mystiker Niklaus von Fl\u00fce in interreligi\u00f6ser Sicht mit den grossen Mystikern des Christentums, Islams und Buddhismus in Bezug.<br \/>\n42 Beitr\u00e4ge von 21 Autorinnen und Autoren auf 200 Seiten.<br \/>\nHrsg. Stephan Leimgruber, Neuerscheinung 2024, Rex Verlag Luzern.<\/p>\n","protected":false},"excerpt":{"rendered":"<p>Die Publikation kn\u00fcpft an das Gedenkjahr 2017 \u2013 600 Jahre Niklaus von Fl\u00fce \u2013 an. Mit Inspirationen des Ehepaars Niklaus von Fl\u00fce und Dorothee Wyss f\u00fcr heute zeigt es ein modernes, differenziertes Eheverst\u00e4ndnis in tiefer Gemeinsamkeit, trotz geteilter Wege auf. Mit lebensklugen, spirituellen und meditativen Facetten, vom pers\u00f6nlichen Gang in den Ranft bis hin zur [&hellip;]<\/p>\n","protected":false},"featured_media":20487,"template":"","meta":{"_acf_changed":false},"product_cat":[94,95,118],"product_tag":[],"acf":[],"_links":{"self":[{"href":"https:\/\/bruderklaus.com\/fr\/wp-json\/wp\/v2\/product\/20491"}],"collection":[{"href":"https:\/\/bruderklaus.com\/fr\/wp-json\/wp\/v2\/product"}],"about":[{"href":"https:\/\/bruderklaus.com\/fr\/wp-json\/wp\/v2\/types\/product"}],"wp:featuredmedia":[{"embeddable":true,"href":"https:\/\/bruderklaus.com\/fr\/wp-json\/wp\/v2\/media\/20487"}],"wp:attachment":[{"href":"https:\/\/bruderklaus.com\/fr\/wp-json\/wp\/v2\/media?parent=20491"}],"wp:term":[{"taxonomy":"product_cat","embeddable":true,"href":"https:\/\/bruderklaus.com\/fr\/wp-json\/wp\/v2\/product_cat?post=20491"},{"taxonomy":"product_tag","embeddable":true,"href":"https:\/\/bruderklaus.com\/fr\/wp-json\/wp\/v2\/product_tag?post=20491"}],"curies":[{"name":"wp","href":"https:\/\/api.w.org\/{rel}","templated":true}]}}