{"id":19146,"date":"2025-09-01T16:32:59","date_gmt":"2025-09-01T14:32:59","guid":{"rendered":"https:\/\/bruderklaus.com\/?post_type=product&#038;p=19146"},"modified":"2026-03-30T11:46:56","modified_gmt":"2026-03-30T09:46:56","slug":"baetti-set-meditationskette-selber-knuepfen","status":"publish","type":"product","link":"https:\/\/bruderklaus.com\/fr\/produkt\/baetti-set-meditationskette-selber-knuepfen\/","title":{"rendered":"B\u00e4tti-Set | Meditationskette selber kn\u00fcpfen"},"content":{"rendered":"<p>Eine M\u00f6glichkeit, sich dem Mystiker und Beter Bruder Klaus, zu n\u00e4hern und sich mit ihm auseinanderzusetzen, ist das Kn\u00fcpfen eines eigenen B\u00e4ttis. Kaum eine Darstellung zeigt ihn ohne Gebetskette \u2013 ohne sein B\u00e4tti. B\u00e4tti kommt von b\u00e4tte (Schweizerdeutsch f\u00fcr beten). Der Begriff wird heute noch in der Zentralschweiz f\u00fcr Gebetsketten benutzt. Meditationsketten haben eine lange Tradition. Sie dienen der inneren Einkehr und der Achtsmakeit auf dem Weg der Gottesbegegnung.<\/p>\n<p>Das B\u00e4tti-Set eignet sich f\u00fcr Schulklassen, Jugendgruppen, Exercitiengruppen etc.<br \/>\nMit dem Set erhalten Sie das kl. Begleitheft \u00abBeten mit Bruder Klaus\u00bb mit Meditationsvorschl\u00e4gen.<\/p>\n<p><strong>B\u00e4tti-Set Inhalt<\/strong><br \/>\n1 Holzring (30mm), 30 Holzperlen (10mm), Schnur, Draht-Nadel, Zahnstocher und eine Anleitung. Die Perlen und Ringe aus Buchenholz sind handge\u00f6lt mit Natur\u00f6l (Farben k\u00f6nnen varieren). Zus\u00e4tzlich ben\u00f6tigt wird: Schere, kl. Zange, Bastelleim<\/p>\n<p><strong>Einzelset inkl. 1 Begleitheft<br \/>\n<\/strong>CHF 5 | natur ge\u00f6lt<strong><br \/>\n<\/strong>CHF 6 | dunkelbraun | rot | grau | gr\u00fcn | Farben gemischt<\/p>\n<p><strong>10 Sets inkl. 1 Begleitheft<br \/>\n<\/strong>CHF 20 | natur ge\u00f6lt<strong><br \/>\n<\/strong>CHF 30 | dunkelbraun | rot | grau | gr\u00fcn | Farben gemischt<\/p>\n","protected":false},"excerpt":{"rendered":"<p>Eine M\u00f6glichkeit, sich dem Mystiker und Beter Bruder Klaus, zu n\u00e4hern und sich mit ihm auseinanderzusetzen, ist das Kn\u00fcpfen eines eigenen B\u00e4ttis. Kaum eine Darstellung zeigt ihn ohne Gebetskette \u2013 ohne sein B\u00e4tti. B\u00e4tti kommt von b\u00e4tte (Schweizerdeutsch f\u00fcr beten). Der Begriff wird heute noch in der Zentralschweiz f\u00fcr Gebetsketten benutzt. Meditationsketten haben eine lange [&hellip;]<\/p>\n","protected":false},"featured_media":19159,"template":"","meta":{"_acf_changed":false},"product_cat":[96,101,106,176],"product_tag":[],"acf":[],"_links":{"self":[{"href":"https:\/\/bruderklaus.com\/fr\/wp-json\/wp\/v2\/product\/19146"}],"collection":[{"href":"https:\/\/bruderklaus.com\/fr\/wp-json\/wp\/v2\/product"}],"about":[{"href":"https:\/\/bruderklaus.com\/fr\/wp-json\/wp\/v2\/types\/product"}],"wp:featuredmedia":[{"embeddable":true,"href":"https:\/\/bruderklaus.com\/fr\/wp-json\/wp\/v2\/media\/19159"}],"wp:attachment":[{"href":"https:\/\/bruderklaus.com\/fr\/wp-json\/wp\/v2\/media?parent=19146"}],"wp:term":[{"taxonomy":"product_cat","embeddable":true,"href":"https:\/\/bruderklaus.com\/fr\/wp-json\/wp\/v2\/product_cat?post=19146"},{"taxonomy":"product_tag","embeddable":true,"href":"https:\/\/bruderklaus.com\/fr\/wp-json\/wp\/v2\/product_tag?post=19146"}],"curies":[{"name":"wp","href":"https:\/\/api.w.org\/{rel}","templated":true}]}}