{"id":18591,"date":"2025-09-01T14:19:58","date_gmt":"2025-09-01T12:19:58","guid":{"rendered":"https:\/\/bruderklaus.com\/?post_type=product&#038;p=18591"},"modified":"2025-09-29T12:22:00","modified_gmt":"2025-09-29T10:22:00","slug":"baetti-meditationskette","status":"publish","type":"product","link":"https:\/\/bruderklaus.com\/fr\/produkt\/baetti-meditationskette\/","title":{"rendered":"B\u00e4tti | Meditationskette | mit Begleitschrift"},"content":{"rendered":"<p>Meditationsketten handgefertigt in Obwalden &#8211; echt Obwalden<br \/>\nBegleitschrift von Bruder-Klausen-Kaplan Ernst Fuchs<\/p>\n<p>Gebetsketten haben eine lange Tradition. Sie dienen der inneren Einkehr und der Achtsmakeit auf dem Weg der Gottesbegegnung.<br \/>\nKaum eine Darstellung zeigt Bruder Klaus ohne Gebetskette &#8211; ohne B\u00e4tti.<\/p>\n<p><strong>B\u00e4tti mit 30 Holzperlen (Durchmesser 10mm) und Holzring (Durchmesser 30mm), handgef\u00e4rbt mit Natur\u00f6l.<\/strong><br \/>\n<strong>Gekn\u00fcpft von den Dominikanerinnen von Bethanien, St. Niklausen OW.<\/strong><br \/>\n<strong>Begleitheft mit Meditationsvorschl\u00e4gen, von Bruder-Klausen-Kaplan Ernst Fuchs, 8 Seiten.<\/strong><\/p>\n<p>B\u00e4tti erh\u00e4ltlich in den Farben<br \/>\nnatur | honig | dunkelbraun | rot | grau | gr\u00fcn<\/p>\n<p>Weitere L\u00e4ngen (33, 40, 50 Perlen) und Farben auf Bestellung.<\/p>\n","protected":false},"excerpt":{"rendered":"<p>B\u00e4tti 30 Perlen mit Ring<\/p>\n","protected":false},"featured_media":22000,"template":"","meta":{"_acf_changed":false},"product_cat":[94,101,106,176],"product_tag":[],"acf":[],"_links":{"self":[{"href":"https:\/\/bruderklaus.com\/fr\/wp-json\/wp\/v2\/product\/18591"}],"collection":[{"href":"https:\/\/bruderklaus.com\/fr\/wp-json\/wp\/v2\/product"}],"about":[{"href":"https:\/\/bruderklaus.com\/fr\/wp-json\/wp\/v2\/types\/product"}],"wp:featuredmedia":[{"embeddable":true,"href":"https:\/\/bruderklaus.com\/fr\/wp-json\/wp\/v2\/media\/22000"}],"wp:attachment":[{"href":"https:\/\/bruderklaus.com\/fr\/wp-json\/wp\/v2\/media?parent=18591"}],"wp:term":[{"taxonomy":"product_cat","embeddable":true,"href":"https:\/\/bruderklaus.com\/fr\/wp-json\/wp\/v2\/product_cat?post=18591"},{"taxonomy":"product_tag","embeddable":true,"href":"https:\/\/bruderklaus.com\/fr\/wp-json\/wp\/v2\/product_tag?post=18591"}],"curies":[{"name":"wp","href":"https:\/\/api.w.org\/{rel}","templated":true}]}}