{"id":16532,"date":"2022-08-17T10:27:25","date_gmt":"2022-08-17T08:27:25","guid":{"rendered":"https:\/\/bruderklaus.com\/?post_type=product&#038;p=16532"},"modified":"2022-08-17T10:30:22","modified_gmt":"2022-08-17T08:30:22","slug":"ranft-achtzehn-poetische-betrachtungen-zu-bruder-klaus","status":"publish","type":"product","link":"https:\/\/bruderklaus.com\/fr\/produkt\/ranft-achtzehn-poetische-betrachtungen-zu-bruder-klaus\/","title":{"rendered":"Ranft &#8211; achtzehn poetische Betrachtungen zu Bruder Klaus"},"content":{"rendered":"<p>Poetische Betrachtungen, die Lesende in die mystische Spiritualit\u00e4t von Bruder Klaus einf\u00fchren und den Ranft, die Schlucht an der Melchaa, mit den Kapellen und der Einsiedlerzelle n\u00e4her bringen. In seiner Einzigkeit regt der Ranft seit eher und bis heute zu tiefen Betrachtungen an. Otto H\u00f6schles Gedanken in Worte gefasst unterst\u00fctzen dabei.<\/p>\n<p>Autor:<br \/>\nOtto H\u00f6schle (*1952) ist in der N\u00e4he von Fl\u00fceli-Ranft aufgewachsen. Er setzte sich jahrzehtelang mit Bruder Klaus auseinander.<br \/>\nDas Poem entstand 2017 als Mitmachprojekt im Gedenkjahr 600 Jahre Niklaus von Fl\u00fce.<\/p>\n<p>97 S.,\u00a0 erschienen im IL-Verlag (ILV), Basel<br \/>\nISBN: 978-3-90624-43-5<\/p>\n<p>&nbsp;<\/p>\n<p>&nbsp;<\/p>\n<p>&nbsp;<\/p>\n","protected":false},"excerpt":{"rendered":"<p>Poetische Betrachtungen, die Lesende in die mystische Spiritualit\u00e4t von Bruder Klaus einf\u00fchren und den Ranft, die Schlucht an der Melchaa, mit den Kapellen und der Einsiedlerzelle n\u00e4her bringen. In seiner Einzigkeit regt der Ranft seit eher und bis heute zu tiefen Betrachtungen an. Otto H\u00f6schles Gedanken in Worte gefasst unterst\u00fctzen dabei. Autor: Otto H\u00f6schle (*1952) [&hellip;]<\/p>\n","protected":false},"featured_media":16533,"template":"","meta":{"_acf_changed":false},"product_cat":[101,102,118],"product_tag":[],"acf":[],"_links":{"self":[{"href":"https:\/\/bruderklaus.com\/fr\/wp-json\/wp\/v2\/product\/16532"}],"collection":[{"href":"https:\/\/bruderklaus.com\/fr\/wp-json\/wp\/v2\/product"}],"about":[{"href":"https:\/\/bruderklaus.com\/fr\/wp-json\/wp\/v2\/types\/product"}],"wp:featuredmedia":[{"embeddable":true,"href":"https:\/\/bruderklaus.com\/fr\/wp-json\/wp\/v2\/media\/16533"}],"wp:attachment":[{"href":"https:\/\/bruderklaus.com\/fr\/wp-json\/wp\/v2\/media?parent=16532"}],"wp:term":[{"taxonomy":"product_cat","embeddable":true,"href":"https:\/\/bruderklaus.com\/fr\/wp-json\/wp\/v2\/product_cat?post=16532"},{"taxonomy":"product_tag","embeddable":true,"href":"https:\/\/bruderklaus.com\/fr\/wp-json\/wp\/v2\/product_tag?post=16532"}],"curies":[{"name":"wp","href":"https:\/\/api.w.org\/{rel}","templated":true}]}}