{"id":9818,"date":"2021-01-26T21:44:34","date_gmt":"2021-01-26T21:44:34","guid":{"rendered":"https:\/\/bruderklaus.com\/meditationsbild-2\/"},"modified":"2021-05-22T00:17:02","modified_gmt":"2021-05-21T22:17:02","slug":"meditationsbild-2","status":"publish","type":"page","link":"https:\/\/bruderklaus.com\/fr\/niklaus-von-fluee-dorothee-wyss\/leben-und-wirken\/meditationsbild-2\/","title":{"rendered":"Tableau de m\u00e9ditation"},"content":{"rendered":"\n<h2 class=\"wp-block-heading\">Le tableau de m\u00e9ditation<\/h2>\n\n\n\n<div class=\"wp-block-columns is-layout-flex wp-container-core-columns-layout-1 wp-block-columns-is-layout-flex\">\n<div class=\"wp-block-column is-layout-flow wp-block-column-is-layout-flow\">\n<p>Le tableau de m\u00e9ditation de Fr\u00e8re Nicolas est un t\u00e9moignage de la pratique de la m\u00e9ditation occidentale chr\u00e9tienne et a eu une influence d\u00e9cisive sur le d\u00e9veloppement spirituel de Nicolas de Fl\u00fce. Il provient de cercles mystiques qui ont perp\u00e9tu\u00e9 l&#8217;h\u00e9ritage spirituel des grands ma\u00eetres de la mystique chr\u00e9tienne &#8211; Eckhard, Tauler, Seuse. La simplicit\u00e9 pure et simple correspond \u00e0 ses d\u00e9clarations fondamentales apparemment si simples. La lourdeur, l&#8217;exigence et la profondeur insondable de \u00ab<em>ce livre dans lequel j&#8217;apprends<\/em>\u00bb ne deviennent claires que pour ceux qui s&#8217;y plongent. C&#8217;est exactement ce qui se passe avec Nicolas de Fl\u00fce lui-m\u00eame.<\/p>\n<\/div>\n<\/div>\n\n\n\n<div class=\"wp-block-columns is-layout-flex wp-container-core-columns-layout-3 wp-block-columns-is-layout-flex\">\n<div class=\"wp-block-column is-layout-flow wp-block-column-is-layout-flow\" style=\"flex-basis:33.33%\">\n<figure class=\"wp-block-image size-large\"><img decoding=\"async\" width=\"947\" height=\"1024\" src=\"https:\/\/bruderklaus.com\/wp-content\/uploads\/2021\/03\/DSC_0002_geschn-947x1024.jpg\" alt=\"\" class=\"wp-image-3200\" srcset=\"https:\/\/bruderklaus.com\/wp-content\/uploads\/2021\/03\/DSC_0002_geschn-947x1024.jpg 947w, https:\/\/bruderklaus.com\/wp-content\/uploads\/2021\/03\/DSC_0002_geschn-278x300.jpg 278w, https:\/\/bruderklaus.com\/wp-content\/uploads\/2021\/03\/DSC_0002_geschn-768x830.jpg 768w, https:\/\/bruderklaus.com\/wp-content\/uploads\/2021\/03\/DSC_0002_geschn-1421x1536.jpg 1421w, https:\/\/bruderklaus.com\/wp-content\/uploads\/2021\/03\/DSC_0002_geschn.jpg 1895w, https:\/\/bruderklaus.com\/wp-content\/uploads\/2021\/03\/DSC_0002_geschn-600x649.jpg 600w\" sizes=\"(max-width: 947px) 100vw, 947px\" \/><\/figure>\n\n\n\n<div class=\"wp-block-columns is-layout-flex wp-container-core-columns-layout-2 wp-block-columns-is-layout-flex\">\n<div class=\"wp-block-column is-layout-flow wp-block-column-is-layout-flow\"><\/div>\n<\/div>\n<\/div>\n\n\n\n<div class=\"wp-block-column is-layout-flow wp-block-column-is-layout-flow\" style=\"flex-basis:66.66%\">\n<p>Le tableau de m\u00e9ditation a \u00e9t\u00e9 largement distribu\u00e9e comme \u00abtoile de la faim\u00bb par Action de \u00abFastenopfer\u00bb (1981 et 1987) et par Misereor en Allemagne (1980 et 1998). Aujourd&#8217;hui encore, on le trouve dans de nombreuses \u00e9glises et centres communautaires en Suisse et en Allemagne. Le travail fondamental du professeur Heinrich Stirnimann OP (1920-2005) de 1981 fait autorit\u00e9 sur le plan scientifique pour l&#8217;\u00e9valuation du tableau contemplative de Fr\u00e8re Nicolas. La source la plus importante pour l&#8217;\u00e9valuation scientifique et critique de cette image est le Trait\u00e9 du p\u00e8lerin, imprim\u00e9 pour la premi\u00e8re fois \u00e0 Augsbourg vers 1487.<\/p>\n\n\n\n<p>Au cours de sa carri\u00e8re acad\u00e9mique, Werner T. Huber a travaill\u00e9 de mani\u00e8re intensive sur le tract du p\u00e8lerin et donc sur l&#8217;image de m\u00e9ditation, qu&#8217;il d\u00e9crit comme un \u00abtissu de m\u00e9ditation\u00bb. S&#8217;\u00e9cartant de la litt\u00e9rature, il suppose que l&#8217;image de m\u00e9ditation est arriv\u00e9e au Ranft comme un cadeau et que l&#8217;image de la roue simple n&#8217;a \u00e9t\u00e9 cr\u00e9\u00e9e qu&#8217;apr\u00e8s.<\/p>\n<\/div>\n<\/div>\n\n\n\n<div class=\"wp-block-columns is-layout-flex wp-container-core-columns-layout-4 wp-block-columns-is-layout-flex\">\n<div class=\"wp-block-column is-layout-flow wp-block-column-is-layout-flow\">\n<figure class=\"wp-block-image size-large\"><img decoding=\"async\" width=\"1024\" height=\"680\" src=\"https:\/\/bruderklaus.com\/wp-content\/uploads\/2021\/03\/DSC_0082-1024x680.jpg\" alt=\"\" class=\"wp-image-3203\" srcset=\"https:\/\/bruderklaus.com\/wp-content\/uploads\/2021\/03\/DSC_0082-1024x680.jpg 1024w, https:\/\/bruderklaus.com\/wp-content\/uploads\/2021\/03\/DSC_0082-300x199.jpg 300w, https:\/\/bruderklaus.com\/wp-content\/uploads\/2021\/03\/DSC_0082-768x510.jpg 768w, https:\/\/bruderklaus.com\/wp-content\/uploads\/2021\/03\/DSC_0082-1536x1020.jpg 1536w, https:\/\/bruderklaus.com\/wp-content\/uploads\/2021\/03\/DSC_0082.jpg 2048w, https:\/\/bruderklaus.com\/wp-content\/uploads\/2021\/03\/DSC_0082-600x398.jpg 600w\" sizes=\"(max-width: 1024px) 100vw, 1024px\" \/><\/figure>\n<\/div>\n\n\n\n<div class=\"wp-block-column is-layout-flow wp-block-column-is-layout-flow\">\n<figure class=\"wp-block-image size-large\"><img decoding=\"async\" width=\"1024\" height=\"680\" src=\"https:\/\/bruderklaus.com\/wp-content\/uploads\/2021\/03\/DSC_0088-1024x680.jpg\" alt=\"\" class=\"wp-image-3206\" srcset=\"https:\/\/bruderklaus.com\/wp-content\/uploads\/2021\/03\/DSC_0088-1024x680.jpg 1024w, https:\/\/bruderklaus.com\/wp-content\/uploads\/2021\/03\/DSC_0088-300x199.jpg 300w, https:\/\/bruderklaus.com\/wp-content\/uploads\/2021\/03\/DSC_0088-768x510.jpg 768w, https:\/\/bruderklaus.com\/wp-content\/uploads\/2021\/03\/DSC_0088-1536x1020.jpg 1536w, https:\/\/bruderklaus.com\/wp-content\/uploads\/2021\/03\/DSC_0088.jpg 2048w, https:\/\/bruderklaus.com\/wp-content\/uploads\/2021\/03\/DSC_0088-600x398.jpg 600w\" sizes=\"(max-width: 1024px) 100vw, 1024px\" \/><\/figure>\n<\/div>\n\n\n\n<div class=\"wp-block-column is-layout-flow wp-block-column-is-layout-flow\">\n<figure class=\"wp-block-image size-large\"><img decoding=\"async\" width=\"1024\" height=\"680\" src=\"https:\/\/bruderklaus.com\/wp-content\/uploads\/2021\/03\/DSC_0089-1024x680.jpg\" alt=\"\" class=\"wp-image-3209\" srcset=\"https:\/\/bruderklaus.com\/wp-content\/uploads\/2021\/03\/DSC_0089-1024x680.jpg 1024w, https:\/\/bruderklaus.com\/wp-content\/uploads\/2021\/03\/DSC_0089-300x199.jpg 300w, https:\/\/bruderklaus.com\/wp-content\/uploads\/2021\/03\/DSC_0089-768x510.jpg 768w, https:\/\/bruderklaus.com\/wp-content\/uploads\/2021\/03\/DSC_0089-1536x1020.jpg 1536w, https:\/\/bruderklaus.com\/wp-content\/uploads\/2021\/03\/DSC_0089.jpg 2048w, https:\/\/bruderklaus.com\/wp-content\/uploads\/2021\/03\/DSC_0089-600x398.jpg 600w\" sizes=\"(max-width: 1024px) 100vw, 1024px\" \/><\/figure>\n<\/div>\n<\/div>\n\n\n\n<div class=\"wp-block-columns is-layout-flex wp-container-core-columns-layout-5 wp-block-columns-is-layout-flex\">\n<div class=\"wp-block-column is-layout-flow wp-block-column-is-layout-flow\" style=\"flex-basis:33.33%\">\n<figure class=\"wp-block-image size-large\"><img decoding=\"async\" width=\"1024\" height=\"1021\" src=\"https:\/\/bruderklaus.com\/wp-content\/uploads\/2021\/03\/rad-symbol-bruder-klaus-sachseln-1024x1021.gif\" alt=\"\" class=\"wp-image-914\" srcset=\"https:\/\/bruderklaus.com\/wp-content\/uploads\/2021\/03\/rad-symbol-bruder-klaus-sachseln-1024x1021.gif 1024w, https:\/\/bruderklaus.com\/wp-content\/uploads\/2021\/03\/rad-symbol-bruder-klaus-sachseln-300x300.gif 300w, https:\/\/bruderklaus.com\/wp-content\/uploads\/2021\/03\/rad-symbol-bruder-klaus-sachseln-1536x1532.gif 1536w, https:\/\/bruderklaus.com\/wp-content\/uploads\/2021\/03\/rad-symbol-bruder-klaus-sachseln-600x598.gif 600w, https:\/\/bruderklaus.com\/wp-content\/uploads\/2021\/03\/rad-symbol-bruder-klaus-sachseln-100x100.gif 100w, https:\/\/bruderklaus.com\/wp-content\/uploads\/2021\/03\/rad-symbol-bruder-klaus-sachseln-768x766.gif 768w, https:\/\/bruderklaus.com\/wp-content\/uploads\/2021\/03\/rad-symbol-bruder-klaus-sachseln-150x150.gif 150w, https:\/\/bruderklaus.com\/wp-content\/uploads\/2021\/03\/rad-symbol-bruder-klaus-sachseln.gif 2560w\" sizes=\"(max-width: 1024px) 100vw, 1024px\" \/><\/figure>\n<\/div>\n\n\n\n<div class=\"wp-block-column is-layout-flow wp-block-column-is-layout-flow\" style=\"flex-basis:66.66%\">\n<p><strong>La roue de Fr\u00e8re Nicolas<br><\/strong>La structure du tableau est celle de la roue. Les cercles int\u00e9rieur et ext\u00e9rieur sont reli\u00e9s par trois rayons qui s&#8217;\u00e9largissent et trois autres que se r\u00e9tr\u00e9sissent. Six m\u00e9daillons pr\u00e9sentent les \u00e9v\u00e9nements de l&#8217;histoire du salut. Le tableau e \u00e9t\u00e9 peint vers 1475\/80 et a \u00e9t\u00e9 offert \u00e0 Fr\u00e8re Nicolas au Ranft.<\/p>\n\n\n\n<p><\/p>\n<\/div>\n<\/div>\n\n\n\n<div class=\"wp-block-columns is-layout-flex wp-container-core-columns-layout-6 wp-block-columns-is-layout-flex\">\n<div class=\"wp-block-column is-layout-flow wp-block-column-is-layout-flow\">\n<p>La peinture de la roue a \u00e9t\u00e9 publi\u00e9e en 1487 par un p\u00e8lerin inconnu comme \u00e9tant la roue de Fr\u00e8re Nicolas de Fl\u00fce avec l&#8217;explication suivante par Fr\u00e8re Nicolas lui-m\u00eame : \u00abCeci est mon livre, dans lequel j&#8217;apprends et cherche l&#8217;art de cet enseignement\u00bb. Fr\u00e8re Nicolas appelle la roue la figure dans laquelle il contemple l&#8217;essence de Dieu. \u00abAu point central se trouve la divinit\u00e9 indivise. Comme les trois rayons, les trois Personnes proc\u00e8dent de l&#8217;unique divinit\u00e9 et ont embrass\u00e9 les cieux et le monde entier\u00bb.<\/p>\n\n\n\n<p>Le th\u00e9ologien r\u00e9form\u00e9 Christoph H\u00fcrlimann (*1938) traite de mani\u00e8re intensive du tableau de m\u00e9ditation et des m\u00e9daillons individuels dans son livre \u00abAus der Einheit leben\u00bb. <\/p>\n\n\n\n<p>En 2018 est parue une publication de l&#8217;abb\u00e9 Bernard Schubiger \u00abLe tissu de m\u00e9ditation de Nicolas de Flue &#8211; une boussole pour la vie\u00bb.<\/p>\n\n\n\n<p><\/p>\n\n\n\n<p><a href=\"https:\/\/bruderklaus.com\/wp-content\/uploads\/2021\/05\/18-2_Tissu-de-meditation_Web.pdf\">Plus<\/a><\/p>\n\n\n<p><a class=\"c-btn-main\"  href=\"https:\/\/bruderklaus.com\/produkt\/le-tissu-de-meditation-de-nicolas-de-flue\/\">\u00c0 propos du livre<\/a><\/p><\/div>\n<\/div>\n","protected":false},"excerpt":{"rendered":"<p>Le tableau de m\u00e9ditation Le tableau de m\u00e9ditation de Fr\u00e8re Nicolas est un t\u00e9moignage de la pratique de la m\u00e9ditation occidentale chr\u00e9tienne et a eu une influence d\u00e9cisive sur le d\u00e9veloppement spirituel de Nicolas de Fl\u00fce. Il provient de cercles mystiques qui ont perp\u00e9tu\u00e9 l&#8217;h\u00e9ritage spirituel des grands ma\u00eetres de la mystique chr\u00e9tienne &#8211; Eckhard, [&hellip;]<\/p>\n","protected":false},"author":3,"featured_media":3197,"parent":10533,"menu_order":40,"comment_status":"closed","ping_status":"closed","template":"","meta":{"_acf_changed":false,"footnotes":""},"acf":[],"_links":{"self":[{"href":"https:\/\/bruderklaus.com\/fr\/wp-json\/wp\/v2\/pages\/9818"}],"collection":[{"href":"https:\/\/bruderklaus.com\/fr\/wp-json\/wp\/v2\/pages"}],"about":[{"href":"https:\/\/bruderklaus.com\/fr\/wp-json\/wp\/v2\/types\/page"}],"author":[{"embeddable":true,"href":"https:\/\/bruderklaus.com\/fr\/wp-json\/wp\/v2\/users\/3"}],"replies":[{"embeddable":true,"href":"https:\/\/bruderklaus.com\/fr\/wp-json\/wp\/v2\/comments?post=9818"}],"version-history":[{"count":6,"href":"https:\/\/bruderklaus.com\/fr\/wp-json\/wp\/v2\/pages\/9818\/revisions"}],"predecessor-version":[{"id":10549,"href":"https:\/\/bruderklaus.com\/fr\/wp-json\/wp\/v2\/pages\/9818\/revisions\/10549"}],"up":[{"embeddable":true,"href":"https:\/\/bruderklaus.com\/fr\/wp-json\/wp\/v2\/pages\/10533"}],"wp:featuredmedia":[{"embeddable":true,"href":"https:\/\/bruderklaus.com\/fr\/wp-json\/wp\/v2\/media\/3197"}],"wp:attachment":[{"href":"https:\/\/bruderklaus.com\/fr\/wp-json\/wp\/v2\/media?parent=9818"}],"curies":[{"name":"wp","href":"https:\/\/api.w.org\/{rel}","templated":true}]}}