{"id":9751,"date":"2021-03-06T09:09:17","date_gmt":"2021-03-06T09:09:17","guid":{"rendered":"https:\/\/bruderklaus.com\/orte-informationen\/anreise-oeffnungszeiten\/oeffnungszeiten\/"},"modified":"2026-03-16T17:17:04","modified_gmt":"2026-03-16T16:17:04","slug":"oeffnungszeiten","status":"publish","type":"page","link":"https:\/\/bruderklaus.com\/fr\/orte-informationen\/anreise-oeffnungszeiten\/oeffnungszeiten\/","title":{"rendered":"Heures d&#8217;ouverture"},"content":{"rendered":"\n<h2 class=\"wp-block-heading\">Heures d&#8217;ouverture<\/h2>\n\n\n\n<div class=\"wp-block-columns is-layout-flex wp-container-core-columns-layout-1 wp-block-columns-is-layout-flex\">\n<div class=\"wp-block-column is-layout-flow wp-block-column-is-layout-flow\" style=\"flex-basis:33.33%\">\n<figure class=\"wp-block-image size-large\"><img decoding=\"async\" width=\"2560\" height=\"1920\" src=\"https:\/\/bruderklaus.com\/wp-content\/uploads\/2021\/03\/Foto-Wallfahrtskaplanei.jpg\" alt=\"\" class=\"wp-image-2496\"\/><\/figure>\n<\/div>\n\n\n\n<div class=\"wp-block-column is-layout-flow wp-block-column-is-layout-flow\" style=\"flex-basis:66.66%\">\n<h2 class=\"wp-block-heading\"><strong><strong>Bureau des p\u00e8lerinages<\/strong> \u00e0 Sachseln<\/strong><\/h2>\n\n\n\n<p>Pilatusstrasse 12, 6072 Sachseln<br>Lundi \u00e0 vendredi, 8.30\u201311.30 und 13.30\u201317 Uhr<\/p>\n\n\n<p><a class=\"c-btn-main\"  href=\"mailto:kontakt@bruderklaus.com\">contact<\/a><\/p><\/div>\n<\/div>\n\n\n\n<div class=\"wp-block-columns is-layout-flex wp-container-core-columns-layout-2 wp-block-columns-is-layout-flex\">\n<div class=\"wp-block-column is-layout-flow wp-block-column-is-layout-flow\">\n<hr class=\"wp-block-separator has-css-opacity\"\/>\n<\/div>\n<\/div>\n\n\n\n<div class=\"wp-block-columns is-layout-flex wp-container-core-columns-layout-3 wp-block-columns-is-layout-flex\">\n<div class=\"wp-block-column is-layout-flow wp-block-column-is-layout-flow\" style=\"flex-basis:33.33%\">\n<figure class=\"wp-block-image size-large\"><img decoding=\"async\" width=\"1024\" height=\"768\" src=\"https:\/\/bruderklaus.com\/wp-content\/uploads\/2021\/03\/Orte_Flueeli_Geburtshaus_aussen1-1024x768.jpg\" alt=\"\" class=\"wp-image-1320\" srcset=\"https:\/\/bruderklaus.com\/wp-content\/uploads\/2021\/03\/Orte_Flueeli_Geburtshaus_aussen1-1024x768.jpg 1024w, https:\/\/bruderklaus.com\/wp-content\/uploads\/2021\/03\/Orte_Flueeli_Geburtshaus_aussen1-300x225.jpg 300w, https:\/\/bruderklaus.com\/wp-content\/uploads\/2021\/03\/Orte_Flueeli_Geburtshaus_aussen1-768x576.jpg 768w, https:\/\/bruderklaus.com\/wp-content\/uploads\/2021\/03\/Orte_Flueeli_Geburtshaus_aussen1-1536x1152.jpg 1536w, https:\/\/bruderklaus.com\/wp-content\/uploads\/2021\/03\/Orte_Flueeli_Geburtshaus_aussen1-600x450.jpg 600w, https:\/\/bruderklaus.com\/wp-content\/uploads\/2021\/03\/Orte_Flueeli_Geburtshaus_aussen1.jpg 2048w\" sizes=\"(max-width: 1024px) 100vw, 1024px\" \/><\/figure>\n<\/div>\n\n\n\n<div class=\"wp-block-column is-layout-flow wp-block-column-is-layout-flow\" style=\"flex-basis:66.66%\">\n<h2 class=\"wp-block-heading\">Maison natale et maison d&#8217;habitation \u00e0 Fl\u00fceli<\/h2>\n\n\n\n<p><strong>Mai \u00e0 septembre<\/strong><br>lun-ven : 9.30-12 et 13.30-17 heures<br>Sam : 9.30-17 hrs \/ Dim : 10.30-17 hrs<\/p>\n\n\n\n<p><strong>Avril et octobre<\/strong><br>Lun-Sam. 10-12 et 13.30-16<br>Dimanche : 10.30-12 et 13.30-16<\/p>\n\n\n\n<p><strong>Novembre \u00e0 mars sur demande<\/strong><\/p>\n<\/div>\n<\/div>\n\n\n\n<div class=\"wp-block-columns is-layout-flex wp-container-core-columns-layout-4 wp-block-columns-is-layout-flex\">\n<div class=\"wp-block-column is-layout-flow wp-block-column-is-layout-flow\">\n<hr class=\"wp-block-separator has-css-opacity\"\/>\n<\/div>\n<\/div>\n\n\n\n<div class=\"wp-block-columns is-layout-flex wp-container-core-columns-layout-7 wp-block-columns-is-layout-flex\">\n<div class=\"wp-block-column is-layout-flow wp-block-column-is-layout-flow\" style=\"flex-basis:100%\">\n<div class=\"wp-block-columns is-layout-flex wp-container-core-columns-layout-5 wp-block-columns-is-layout-flex\">\n<div class=\"wp-block-column is-layout-flow wp-block-column-is-layout-flow\" style=\"flex-basis:33.33%\">\n<figure class=\"wp-block-image size-large is-style-default\"><img decoding=\"async\" width=\"2560\" height=\"1920\" src=\"https:\/\/bruderklaus.com\/wp-content\/uploads\/2021\/03\/IMG_2737.jpg\" alt=\"\" class=\"wp-image-2938\"\/><\/figure>\n<\/div>\n\n\n\n<div class=\"wp-block-column is-layout-flow wp-block-column-is-layout-flow\" style=\"flex-basis:66.66%\">\n<h2 class=\"wp-block-heading\"><strong>Boutique Ranft<\/strong><\/h2>\n\n\n\n<p><strong>Avril \u00e0 fin octobre<\/strong><br>tous les jours de 10 \u00e0 17 h<\/p>\n\n\n\n<p><strong>Novembre \u00e0 fin mars<\/strong><br>tous les jours de 11 \u00e0 16 heures<\/p>\n\n\n\n<p>La boutique au Ranft est ferm\u00e9 le jour de No\u00ebl, le 25 d\u00e9cembre et le Vendredi saint.<\/p>\n\n\n\n<p>T\u00e9l: +41 41 660 27 46<br>Courriel: ranfthaus@bluewin.ch<\/p>\n<\/div>\n<\/div>\n\n\n\n<div class=\"wp-block-columns is-layout-flex wp-container-core-columns-layout-6 wp-block-columns-is-layout-flex\">\n<div class=\"wp-block-column is-layout-flow wp-block-column-is-layout-flow\">\n<hr class=\"wp-block-separator has-css-opacity\"\/>\n<\/div>\n<\/div>\n<\/div>\n<\/div>\n\n\n\n<div class=\"wp-block-columns is-layout-flex wp-container-core-columns-layout-8 wp-block-columns-is-layout-flex\">\n<div class=\"wp-block-column is-layout-flow wp-block-column-is-layout-flow\" style=\"flex-basis:33.33%\">\n<figure class=\"wp-block-image size-large\"><img decoding=\"async\" width=\"2560\" height=\"1707\" src=\"https:\/\/bruderklaus.com\/wp-content\/uploads\/2021\/03\/Ranft_ob.-Kapelle_SL_DSC08022-1.jpg\" alt=\"\" class=\"wp-image-2400\"\/><\/figure>\n<\/div>\n\n\n\n<div class=\"wp-block-column is-layout-flow wp-block-column-is-layout-flow\" style=\"flex-basis:66.66%\">\n<h2 class=\"wp-block-heading\"><strong>\u00c9glises et chapelles<\/strong><\/h2>\n\n\n\n<p>Les \u00e9glises et chapelles \u00e0 Sachseln, Fl\u00fceli et Ranft sont ouvertes tous les jours.<\/p>\n\n\n\n<p><strong>Heures d&#8217;ouverture des chapelles au Ranft<\/strong><br>Avril \u00e0 fin octobre: 7h \u00e0 21h<br>Novembre \u00e0 fin mars: 8h-18h<br>Ouverture anticip\u00e9e ou prolong\u00e9e des chapelles sur demande.<\/p>\n\n\n\n<p><strong>Ouverture sp\u00e9ciale de la chapelle inf\u00e9rieure au Ranft <\/strong><strong><br>15 d\u00e9cembre 24 &#8211; 6 janvier 25 jusqu&#8217;\u00e0 20 heures.<\/strong><\/p>\n<\/div>\n<\/div>\n\n\n\n<div class=\"wp-block-columns is-layout-flex wp-container-core-columns-layout-9 wp-block-columns-is-layout-flex\">\n<div class=\"wp-block-column is-layout-flow wp-block-column-is-layout-flow\">\n<hr class=\"wp-block-separator has-css-opacity\"\/>\n<\/div>\n<\/div>\n","protected":false},"excerpt":{"rendered":"<p>Heures d&#8217;ouverture Bureau des p\u00e8lerinages \u00e0 Sachseln Pilatusstrasse 12, 6072 SachselnLundi \u00e0 vendredi, 8.30\u201311.30 und 13.30\u201317 Uhr Maison natale et maison d&#8217;habitation \u00e0 Fl\u00fceli Mai \u00e0 septembrelun-ven : 9.30-12 et 13.30-17 heuresSam : 9.30-17 hrs \/ Dim : 10.30-17 hrs Avril et octobreLun-Sam. 10-12 et 13.30-16Dimanche : 10.30-12 et 13.30-16 Novembre \u00e0 mars sur demande [&hellip;]<\/p>\n","protected":false},"author":7,"featured_media":2231,"parent":9705,"menu_order":5,"comment_status":"closed","ping_status":"closed","template":"","meta":{"_acf_changed":false,"footnotes":""},"acf":[],"_links":{"self":[{"href":"https:\/\/bruderklaus.com\/fr\/wp-json\/wp\/v2\/pages\/9751"}],"collection":[{"href":"https:\/\/bruderklaus.com\/fr\/wp-json\/wp\/v2\/pages"}],"about":[{"href":"https:\/\/bruderklaus.com\/fr\/wp-json\/wp\/v2\/types\/page"}],"author":[{"embeddable":true,"href":"https:\/\/bruderklaus.com\/fr\/wp-json\/wp\/v2\/users\/7"}],"replies":[{"embeddable":true,"href":"https:\/\/bruderklaus.com\/fr\/wp-json\/wp\/v2\/comments?post=9751"}],"version-history":[{"count":11,"href":"https:\/\/bruderklaus.com\/fr\/wp-json\/wp\/v2\/pages\/9751\/revisions"}],"predecessor-version":[{"id":24766,"href":"https:\/\/bruderklaus.com\/fr\/wp-json\/wp\/v2\/pages\/9751\/revisions\/24766"}],"up":[{"embeddable":true,"href":"https:\/\/bruderklaus.com\/fr\/wp-json\/wp\/v2\/pages\/9705"}],"wp:featuredmedia":[{"embeddable":true,"href":"https:\/\/bruderklaus.com\/fr\/wp-json\/wp\/v2\/media\/2231"}],"wp:attachment":[{"href":"https:\/\/bruderklaus.com\/fr\/wp-json\/wp\/v2\/media?parent=9751"}],"curies":[{"name":"wp","href":"https:\/\/api.w.org\/{rel}","templated":true}]}}