{"id":9709,"date":"2021-01-19T09:36:07","date_gmt":"2021-01-19T09:36:07","guid":{"rendered":"https:\/\/bruderklaus.com\/orte-informationen\/anreise-oeffnungszeiten\/anreise\/"},"modified":"2025-02-14T17:13:33","modified_gmt":"2025-02-14T16:13:33","slug":"anreise","status":"publish","type":"page","link":"https:\/\/bruderklaus.com\/fr\/orte-informationen\/anreise-oeffnungszeiten\/anreise\/","title":{"rendered":"Comment y arriver"},"content":{"rendered":"\n<h2 class=\"wp-block-heading\">Comment y arriver<\/h2>\n\n\n\n<div class=\"wp-block-columns is-layout-flex wp-container-core-columns-layout-1 wp-block-columns-is-layout-flex\">\n<div class=\"wp-block-column is-layout-flow wp-block-column-is-layout-flow\">\n<p><strong>Sachseln\/Fl\u00fceli-Ranft est situ\u00e9 au bord du lac de Sarnen, au c\u0153ur de la Suisse, sur la route Lucerne &#8211; Br\u00fcnig &#8211; Interlaken.<\/strong><\/p>\n<\/div>\n<\/div>\n\n\n\n<div class=\"wp-block-columns is-layout-flex wp-container-core-columns-layout-2 wp-block-columns-is-layout-flex\">\n<div class=\"wp-block-column is-layout-flow wp-block-column-is-layout-flow\" style=\"flex-basis:33.33%\">\n<figure class=\"wp-block-image size-large\"><img decoding=\"async\" src=\"https:\/\/bruderklaus.com\/wp-content\/uploads\/2021\/03\/Bahnhof-20210222_074540-002.jpg\" alt=\"\" class=\"wp-image-3277\"\/><\/figure>\n<\/div>\n\n\n\n<div class=\"wp-block-column is-layout-flow wp-block-column-is-layout-flow\" style=\"flex-basis:66.66%\">\n<p><strong>Arriv\u00e9e en transports public<\/strong><\/p>\n\n\n\n<p>Sachseln peut \u00eatre atteint par le Zentralbahn\/SBB en 20 \u00e0 30 minutes. Trois liaisons ferroviaires toutes les heures.<\/p>\n\n\n\n<p>L\u2019\u00e9glise paroissiale et la chapelle fun\u00e9raire ainsi que le mus\u00e9e Bruder Klaus Sachseln sont accessibles de la gare en 5 \u00e0 8 minutes \u00e0 pied ou en car postal, 1er arr\u00eat devant le mus\u00e9e.<\/p>\n\n\n\n<p><a href=\"https:\/\/www.sbb.ch\/de\">Horaires<\/a><\/p>\n<\/div>\n<\/div>\n\n\n\n<div class=\"wp-block-columns is-layout-flex wp-container-core-columns-layout-4 wp-block-columns-is-layout-flex\">\n<div class=\"wp-block-column is-layout-flow wp-block-column-is-layout-flow\">\n<hr class=\"wp-block-separator has-css-opacity\"\/>\n\n\n\n<div class=\"wp-block-columns is-layout-flex wp-container-core-columns-layout-3 wp-block-columns-is-layout-flex\">\n<div class=\"wp-block-column is-layout-flow wp-block-column-is-layout-flow\" style=\"flex-basis:33.33%\">\n<figure class=\"wp-block-image size-large\"><img decoding=\"async\" src=\"https:\/\/bruderklaus.com\/wp-content\/uploads\/2021\/03\/Orte_Flueeli_Dorfplatz_Postauto_geschnitten.jpg\" alt=\"\" class=\"wp-image-3280\"\/><\/figure>\n<\/div>\n\n\n\n<div class=\"wp-block-column is-layout-flow wp-block-column-is-layout-flow\" style=\"flex-basis:66.66%\">\n<p><strong>Sachseln \u2013 Fl\u00fceli-Ranft<\/strong><\/p>\n\n\n\n<p>Fl\u00fceli-Ranft est situ\u00e9 \u00e0 4 km au-dessus de Sachseln et peut \u00eatre atteint en bus postal en 15 minutes. Arr\u00eat de bus postal \u00e0 la gare ferroviaire et au Mus\u00e9e Bruder Klaus Sachseln.<\/p>\n\n\n\n<p>Autre possibilit\u00e9: connexion par bus postal Sarnen &#8211; Sachseln &#8211; Fl\u00fceli-Ranft<\/p>\n\n\n\n<p><a href=\"https:\/\/www.postauto.ch\/de\/freizeitangebote\/ausflugstipps\/flueeli-ranft-linie\">Horaires<\/a><\/p>\n<\/div>\n<\/div>\n<\/div>\n<\/div>\n\n\n\n<div class=\"wp-block-columns is-layout-flex wp-container-core-columns-layout-6 wp-block-columns-is-layout-flex\">\n<div class=\"wp-block-column is-layout-flow wp-block-column-is-layout-flow\">\n<hr class=\"wp-block-separator has-css-opacity\"\/>\n\n\n\n<div class=\"wp-block-columns is-layout-flex wp-container-core-columns-layout-5 wp-block-columns-is-layout-flex\">\n<div class=\"wp-block-column is-layout-flow wp-block-column-is-layout-flow\">\n<h2 class=\"wp-block-heading\"><strong>Arriv\u00e9e en voiture: r\u00e8gles de stationnement et acc\u00e8s \u00e0 Sachseln<\/strong><\/h2>\n<\/div>\n<\/div>\n<\/div>\n<\/div>\n\n\n\n<div class=\"wp-block-columns is-layout-flex wp-container-core-columns-layout-8 wp-block-columns-is-layout-flex\">\n<div class=\"wp-block-column is-layout-flow wp-block-column-is-layout-flow\" style=\"flex-basis:33.33%\">\n<figure class=\"wp-block-image size-large\"><img decoding=\"async\" width=\"2560\" height=\"1440\" src=\"https:\/\/bruderklaus.com\/wp-content\/uploads\/2021\/03\/20200320_095103.jpg\" alt=\"\" class=\"wp-image-2510\"\/><\/figure>\n<\/div>\n\n\n\n<div class=\"wp-block-column is-layout-flow wp-block-column-is-layout-flow\" style=\"flex-basis:66.66%\">\n<p><strong>Voitures priv\u00e9es<\/strong><\/p>\n\n\n\n<p>Le parking de l&#8217;\u00e9glise est accessible par la Pilatusstrasse. Tournez dans la Br\u00fcnigstrasse directement apr\u00e8s la banque Raiffeisenbank.<\/p>\n\n\n\n<p>44 places de stationnement, parcm\u00e8tre central. Le parcm\u00e8tre fonctionne \u00e9galement pendant le temps libre.<\/p>\n\n\n\n<p>Stationnement gratuit jusqu\u2019\u00e0 2 hrs \/ 3 hrs CHF 1 \/<br>suppl\u00e9mentaire CHF 2 par heure<br>L\u2019horodateur doit \u00eatre pay\u00e9 en monnaie (francs ou euros).<br>Temps maximum de stationnement 28 heures<br>Tarif unique tous les jours de 07.00 \u00e0 19.00 hrs, gratuit la nuit.<\/p>\n\n\n\n<p><a href=\"https:\/\/bruderklaus.com\/wp-content\/uploads\/2021\/03\/parkpltze_verkehrssituation-sachseln-1-4.pdf\" data-type=\"URL\" data-id=\"https:\/\/bruderklaus.com\/wp-content\/uploads\/2021\/03\/parkpltze_verkehrssituation-sachseln-1-4.pdf\">Places de stationnement \u00e0 Sachseln<\/a><\/p>\n\n\n\n<div class=\"wp-block-columns is-layout-flex wp-container-core-columns-layout-7 wp-block-columns-is-layout-flex\">\n<div class=\"wp-block-column is-layout-flow wp-block-column-is-layout-flow\"><\/div>\n\n\n\n<div class=\"wp-block-column is-layout-flow wp-block-column-is-layout-flow\"><\/div>\n<\/div>\n<\/div>\n<\/div>\n\n\n\n<div class=\"wp-block-columns is-layout-flex wp-container-core-columns-layout-9 wp-block-columns-is-layout-flex\">\n<div class=\"wp-block-column is-layout-flow wp-block-column-is-layout-flow\">\n<hr class=\"wp-block-separator has-css-opacity\"\/>\n<\/div>\n<\/div>\n\n\n\n<div class=\"wp-block-columns is-layout-flex wp-container-core-columns-layout-10 wp-block-columns-is-layout-flex\">\n<div class=\"wp-block-column is-layout-flow wp-block-column-is-layout-flow\" style=\"flex-basis:33.33%\">\n<figure class=\"wp-block-image size-large\"><img decoding=\"async\" width=\"2560\" height=\"1440\" src=\"https:\/\/bruderklaus.com\/wp-content\/uploads\/2021\/03\/20200320_095103.jpg\" alt=\"\" class=\"wp-image-2510\"\/><\/figure>\n<\/div>\n\n\n\n<div class=\"wp-block-column is-layout-flow wp-block-column-is-layout-flow\" style=\"flex-basis:66.66%\">\n<p><strong> Parking pour les autocars a Sachseln<\/strong><\/p>\n\n\n\n<p>Utilisez l&#8217;arr\u00eat de la Br\u00fcnigstrasse pour faire monter et descendre les passagers.<br>Temps d&#8217;attente 15 min. De l\u00e0, l&#8217;\u00e9glise est facilement accessible \u00e0 pied en 150 m\u00e8tres.<\/p>\n\n\n\n<p>Parking pour les autocars \u00e0 la gare de Sachseln, acc\u00e8s par la Br\u00fcnigstrasse\/Bahnhofstrasse et au Werkhof\/point de collecte sur la Br\u00fcnigstrasse, acc\u00e8s par la Br\u00fcnigstrasse\/Mattlistrasse.<\/p>\n<\/div>\n<\/div>\n\n\n\n<div class=\"wp-block-columns is-layout-flex wp-container-core-columns-layout-11 wp-block-columns-is-layout-flex\">\n<div class=\"wp-block-column is-layout-flow wp-block-column-is-layout-flow\">\n<hr class=\"wp-block-separator has-css-opacity\"\/>\n<\/div>\n<\/div>\n\n\n\n<p><\/p>\n","protected":false},"excerpt":{"rendered":"<p>Comment y arriver Sachseln\/Fl\u00fceli-Ranft est situ\u00e9 au bord du lac de Sarnen, au c\u0153ur de la Suisse, sur la route Lucerne &#8211; Br\u00fcnig &#8211; Interlaken. Arriv\u00e9e en transports public Sachseln peut \u00eatre atteint par le Zentralbahn\/SBB en 20 \u00e0 30 minutes. Trois liaisons ferroviaires toutes les heures. L\u2019\u00e9glise paroissiale et la chapelle fun\u00e9raire ainsi que [&hellip;]<\/p>\n","protected":false},"author":3,"featured_media":2084,"parent":9705,"menu_order":1,"comment_status":"closed","ping_status":"closed","template":"","meta":{"_acf_changed":false,"footnotes":""},"acf":[],"_links":{"self":[{"href":"https:\/\/bruderklaus.com\/fr\/wp-json\/wp\/v2\/pages\/9709"}],"collection":[{"href":"https:\/\/bruderklaus.com\/fr\/wp-json\/wp\/v2\/pages"}],"about":[{"href":"https:\/\/bruderklaus.com\/fr\/wp-json\/wp\/v2\/types\/page"}],"author":[{"embeddable":true,"href":"https:\/\/bruderklaus.com\/fr\/wp-json\/wp\/v2\/users\/3"}],"replies":[{"embeddable":true,"href":"https:\/\/bruderklaus.com\/fr\/wp-json\/wp\/v2\/comments?post=9709"}],"version-history":[{"count":16,"href":"https:\/\/bruderklaus.com\/fr\/wp-json\/wp\/v2\/pages\/9709\/revisions"}],"predecessor-version":[{"id":22446,"href":"https:\/\/bruderklaus.com\/fr\/wp-json\/wp\/v2\/pages\/9709\/revisions\/22446"}],"up":[{"embeddable":true,"href":"https:\/\/bruderklaus.com\/fr\/wp-json\/wp\/v2\/pages\/9705"}],"wp:featuredmedia":[{"embeddable":true,"href":"https:\/\/bruderklaus.com\/fr\/wp-json\/wp\/v2\/media\/2084"}],"wp:attachment":[{"href":"https:\/\/bruderklaus.com\/fr\/wp-json\/wp\/v2\/media?parent=9709"}],"curies":[{"name":"wp","href":"https:\/\/api.w.org\/{rel}","templated":true}]}}