{"id":9690,"date":"2021-03-15T20:53:10","date_gmt":"2021-03-15T20:53:10","guid":{"rendered":"https:\/\/bruderklaus.com\/orte-informationen\/weitere-orte\/st-niklausen\/"},"modified":"2022-04-24T16:12:41","modified_gmt":"2022-04-24T14:12:41","slug":"st-niklausen","status":"publish","type":"page","link":"https:\/\/bruderklaus.com\/fr\/orte-informationen\/weitere-orte\/st-niklausen\/","title":{"rendered":"St. Niklausen"},"content":{"rendered":"\n<h2 class=\"wp-block-heading\">La chapelle de St. Niklausen<\/h2>\n\n\n\n<div class=\"wp-block-columns is-layout-flex wp-container-core-columns-layout-1 wp-block-columns-is-layout-flex\">\n<div class=\"wp-block-column is-layout-flow wp-block-column-is-layout-flow\" style=\"flex-basis:33.33%\">\n<figure class=\"wp-block-image size-large\"><img decoding=\"async\" src=\"https:\/\/bruderklaus.com\/wp-content\/uploads\/2021\/03\/Kapelle-St.-Niklausen_2-1024x682.jpg\" alt=\"\" class=\"wp-image-3834\"\/><\/figure>\n<\/div>\n\n\n\n<div class=\"wp-block-column is-layout-flow wp-block-column-is-layout-flow\" style=\"flex-basis:66.66%\">\n<p>La chapelle de St. Niklausen est le plus ancien b\u00e2timent enti\u00e8rement conserv\u00e9 de la municipalit\u00e9 de Kerns. Construite en 1350, l&#8217;ancienne \u00e9glise gothique contient des peintures murales m\u00e9di\u00e9vales restaur\u00e9es dans le ch\u0153ur et un plafond \u00e0 caissons vo\u00fbt\u00e9 dans la nef avec des repr\u00e9sentations de l&#8217;Ancien et du Nouveau Testament (Bible des pauvres). Les m\u00e9c\u00e8nes sont: Saint Nicolas, Marie, Saint Jean Baptiste, la Sainte Croix, les Ap\u00f4tres et Saint Laurent.<br>Le clocher autoportant rappelle les campaniles lombards.<\/p>\n\n\n\n<p><\/p>\n\n\n\n<p>Nicolas de Fl\u00fce se retirait souvent dans la chapelle de St. Niklausen pour contempler les fresques repr\u00e9sentant la Passion du Christ.<\/p>\n\n\n<p><a class=\"c-btn-main\"  href=\"https:\/\/2021.bruderklaus.com\/produkt\/kapelle-st-niklausen-und-kapelle-moesli\/\">Chapelle St. Niklausen et chapelle M\u00f6sli<\/a><\/p><\/div>\n<\/div>\n\n\n\n<div class=\"wp-block-columns is-layout-flex wp-container-core-columns-layout-2 wp-block-columns-is-layout-flex\">\n<div class=\"wp-block-column is-layout-flow wp-block-column-is-layout-flow\">\n<figure class=\"wp-block-image size-large\"><a href=\"https:\/\/bruderklaus.com\/wp-content\/uploads\/2021\/04\/Niklausen-180.jpg\"><img decoding=\"async\" src=\"https:\/\/bruderklaus.com\/wp-content\/uploads\/2021\/04\/Niklausen-180-1024x681.jpg\" alt=\"\" class=\"wp-image-8329\"\/><\/a><\/figure>\n<\/div>\n\n\n\n<div class=\"wp-block-column is-layout-flow wp-block-column-is-layout-flow\"><p><a class=\"c-btn-main\"  href=\"https:\/\/bruderklaus.com\/fr\/orte-informationen\/pilgerwege\/sarnen-flueeli-sachseln\/\">Autour de Fl\u00fceli-Ranft<\/a><\/p><\/div>\n\n\n\n<div class=\"wp-block-column is-layout-flow wp-block-column-is-layout-flow\">\n<figure class=\"wp-block-image size-large\"><a href=\"https:\/\/bruderklaus.com\/wp-content\/uploads\/2021\/03\/Kapelle-St.-Niklausen_1-scaled.jpg\" class=\"broken_link\"><img decoding=\"async\" width=\"1024\" height=\"684\" src=\"https:\/\/bruderklaus.com\/wp-content\/uploads\/2021\/03\/Kapelle-St.-Niklausen_1-1024x684.jpg\" alt=\"\" class=\"wp-image-3831\" srcset=\"https:\/\/bruderklaus.com\/wp-content\/uploads\/2021\/03\/Kapelle-St.-Niklausen_1-1024x684.jpg 1024w, https:\/\/bruderklaus.com\/wp-content\/uploads\/2021\/03\/Kapelle-St.-Niklausen_1-300x200.jpg 300w, https:\/\/bruderklaus.com\/wp-content\/uploads\/2021\/03\/Kapelle-St.-Niklausen_1-768x513.jpg 768w, https:\/\/bruderklaus.com\/wp-content\/uploads\/2021\/03\/Kapelle-St.-Niklausen_1-1536x1025.jpg 1536w, https:\/\/bruderklaus.com\/wp-content\/uploads\/2021\/03\/Kapelle-St.-Niklausen_1-600x400.jpg 600w, https:\/\/bruderklaus.com\/wp-content\/uploads\/2021\/03\/Kapelle-St.-Niklausen_1.jpg 2048w\" sizes=\"(max-width: 1024px) 100vw, 1024px\" \/><\/a><\/figure>\n<\/div>\n<\/div>\n","protected":false},"excerpt":{"rendered":"<p>La chapelle de St. Niklausen La chapelle de St. Niklausen est le plus ancien b\u00e2timent enti\u00e8rement conserv\u00e9 de la municipalit\u00e9 de Kerns. Construite en 1350, l&#8217;ancienne \u00e9glise gothique contient des peintures murales m\u00e9di\u00e9vales restaur\u00e9es dans le ch\u0153ur et un plafond \u00e0 caissons vo\u00fbt\u00e9 dans la nef avec des repr\u00e9sentations de l&#8217;Ancien et du Nouveau Testament [&hellip;]<\/p>\n","protected":false},"author":3,"featured_media":3831,"parent":9680,"menu_order":0,"comment_status":"closed","ping_status":"closed","template":"","meta":{"_acf_changed":false,"footnotes":""},"acf":[],"_links":{"self":[{"href":"https:\/\/bruderklaus.com\/fr\/wp-json\/wp\/v2\/pages\/9690"}],"collection":[{"href":"https:\/\/bruderklaus.com\/fr\/wp-json\/wp\/v2\/pages"}],"about":[{"href":"https:\/\/bruderklaus.com\/fr\/wp-json\/wp\/v2\/types\/page"}],"author":[{"embeddable":true,"href":"https:\/\/bruderklaus.com\/fr\/wp-json\/wp\/v2\/users\/3"}],"replies":[{"embeddable":true,"href":"https:\/\/bruderklaus.com\/fr\/wp-json\/wp\/v2\/comments?post=9690"}],"version-history":[{"count":7,"href":"https:\/\/bruderklaus.com\/fr\/wp-json\/wp\/v2\/pages\/9690\/revisions"}],"predecessor-version":[{"id":15846,"href":"https:\/\/bruderklaus.com\/fr\/wp-json\/wp\/v2\/pages\/9690\/revisions\/15846"}],"up":[{"embeddable":true,"href":"https:\/\/bruderklaus.com\/fr\/wp-json\/wp\/v2\/pages\/9680"}],"wp:featuredmedia":[{"embeddable":true,"href":"https:\/\/bruderklaus.com\/fr\/wp-json\/wp\/v2\/media\/3831"}],"wp:attachment":[{"href":"https:\/\/bruderklaus.com\/fr\/wp-json\/wp\/v2\/media?parent=9690"}],"curies":[{"name":"wp","href":"https:\/\/api.w.org\/{rel}","templated":true}]}}