{"id":9670,"date":"2021-01-26T21:42:56","date_gmt":"2021-01-26T21:42:56","guid":{"rendered":"https:\/\/bruderklaus.com\/orte-informationen\/ranft\/ranftladen\/"},"modified":"2024-02-26T08:03:40","modified_gmt":"2024-02-26T07:03:40","slug":"ranftladen","status":"publish","type":"page","link":"https:\/\/bruderklaus.com\/fr\/orte-informationen\/ranft\/ranftladen\/","title":{"rendered":"Boutique Ranft"},"content":{"rendered":"\n<h2 class=\"wp-block-heading\">La boutique Ranft<\/h2>\n\n\n\n<p>Dans le Ranfthaus, pr\u00e8s de la chapelle sup\u00e9rieure, vous trouverez de la litt\u00e9rature, des m\u00e9dias sur Nicolas de Flue et Doroth\u00e9e Wyss, des cartes et des bougies ainsi que des souvenirs de p\u00e8lerinage.<\/p>\n\n\n\n<p>Avec toilettes publiques.<\/p>\n\n\n\n<h2 class=\"wp-block-heading\">Heures d\u2019ouverture<\/h2>\n\n\n\n<p><strong>Novembre \u00e0 mars  11 \u00e0 16 hrs<\/strong><br><strong>Avril \u00e0 octobre 10 \u00e0 17 hrs<\/strong><\/p>\n\n\n\n<p>La boutique sera ferm\u00e9 le 25 d\u00e9cembre, jour de No\u00ebl et le vendredi saint.<\/p>\n\n\n\n<p>Ranftladen<br>Ranfthaus 1<br>CH-6073 Fl\u00fceli-Ranft<br>Tel: +41 41 660 27 46<\/p>\n\n\n\n<p><\/p>\n","protected":false},"excerpt":{"rendered":"<p>La boutique Ranft Dans le Ranfthaus, pr\u00e8s de la chapelle sup\u00e9rieure, vous trouverez de la litt\u00e9rature, des m\u00e9dias sur Nicolas de Flue et Doroth\u00e9e Wyss, des cartes et des bougies ainsi que des souvenirs de p\u00e8lerinage. Avec toilettes publiques. Heures d\u2019ouverture Novembre \u00e0 mars 11 \u00e0 16 hrsAvril \u00e0 octobre 10 \u00e0 17 hrs La [&hellip;]<\/p>\n","protected":false},"author":3,"featured_media":2582,"parent":9180,"menu_order":240,"comment_status":"closed","ping_status":"closed","template":"","meta":{"_acf_changed":false,"footnotes":""},"acf":[],"_links":{"self":[{"href":"https:\/\/bruderklaus.com\/fr\/wp-json\/wp\/v2\/pages\/9670"}],"collection":[{"href":"https:\/\/bruderklaus.com\/fr\/wp-json\/wp\/v2\/pages"}],"about":[{"href":"https:\/\/bruderklaus.com\/fr\/wp-json\/wp\/v2\/types\/page"}],"author":[{"embeddable":true,"href":"https:\/\/bruderklaus.com\/fr\/wp-json\/wp\/v2\/users\/3"}],"replies":[{"embeddable":true,"href":"https:\/\/bruderklaus.com\/fr\/wp-json\/wp\/v2\/comments?post=9670"}],"version-history":[{"count":4,"href":"https:\/\/bruderklaus.com\/fr\/wp-json\/wp\/v2\/pages\/9670\/revisions"}],"predecessor-version":[{"id":20614,"href":"https:\/\/bruderklaus.com\/fr\/wp-json\/wp\/v2\/pages\/9670\/revisions\/20614"}],"up":[{"embeddable":true,"href":"https:\/\/bruderklaus.com\/fr\/wp-json\/wp\/v2\/pages\/9180"}],"wp:featuredmedia":[{"embeddable":true,"href":"https:\/\/bruderklaus.com\/fr\/wp-json\/wp\/v2\/media\/2582"}],"wp:attachment":[{"href":"https:\/\/bruderklaus.com\/fr\/wp-json\/wp\/v2\/media?parent=9670"}],"curies":[{"name":"wp","href":"https:\/\/api.w.org\/{rel}","templated":true}]}}