{"id":9657,"date":"2021-01-26T21:42:56","date_gmt":"2021-01-26T21:42:56","guid":{"rendered":"https:\/\/bruderklaus.com\/orte-informationen\/flueeli-ranft\/dorfplatzzeitkapsel\/"},"modified":"2021-05-02T17:27:51","modified_gmt":"2021-05-02T15:27:51","slug":"dorfplatzzeitkapsel","status":"publish","type":"page","link":"https:\/\/bruderklaus.com\/fr\/orte-informationen\/flueeli-ranft\/dorfplatzzeitkapsel\/","title":{"rendered":"Place du village"},"content":{"rendered":"\n<h2 class=\"wp-block-heading\">Place du village avec la capsule t\u00e9moin<\/h2>\n\n\n\n<div class=\"wp-block-columns is-layout-flex wp-container-core-columns-layout-1 wp-block-columns-is-layout-flex\">\n<div class=\"wp-block-column is-layout-flow wp-block-column-is-layout-flow\">\n<figure class=\"wp-block-image size-large\"><img decoding=\"async\" width=\"1024\" height=\"576\" src=\"https:\/\/bruderklaus.com\/wp-content\/uploads\/2021\/03\/Orte_Flueeli_Dorfplatz20180827_165117-1024x576.jpg\" alt=\"\" class=\"wp-image-1352\" srcset=\"https:\/\/bruderklaus.com\/wp-content\/uploads\/2021\/03\/Orte_Flueeli_Dorfplatz20180827_165117-1024x576.jpg 1024w, https:\/\/bruderklaus.com\/wp-content\/uploads\/2021\/03\/Orte_Flueeli_Dorfplatz20180827_165117-300x169.jpg 300w, https:\/\/bruderklaus.com\/wp-content\/uploads\/2021\/03\/Orte_Flueeli_Dorfplatz20180827_165117-768x432.jpg 768w, https:\/\/bruderklaus.com\/wp-content\/uploads\/2021\/03\/Orte_Flueeli_Dorfplatz20180827_165117-1536x864.jpg 1536w, https:\/\/bruderklaus.com\/wp-content\/uploads\/2021\/03\/Orte_Flueeli_Dorfplatz20180827_165117.jpg 2048w, https:\/\/bruderklaus.com\/wp-content\/uploads\/2021\/03\/Orte_Flueeli_Dorfplatz20180827_165117-600x338.jpg 600w\" sizes=\"(max-width: 1024px) 100vw, 1024px\" \/><\/figure>\n<\/div>\n\n\n\n<div class=\"wp-block-column is-layout-flow wp-block-column-is-layout-flow\">\n<h2 class=\"wp-block-heading\">Place du village avec fontaine<\/h2>\n\n\n\n<p>La place du village de Fl\u00fceli-Ranft a \u00e9t\u00e9 r\u00e9am\u00e9nag\u00e9e pour l&#8217;ann\u00e9e comm\u00e9morative 2017 \u00ab600 ans de Nicolas de Fl\u00fce\u00bb. Des arbres ombrag\u00e9s, des bancs en pierre et l&#8217;eau de source fra\u00eeche de la fontaine historique vous invitent \u00e0 faire une pause.<\/p>\n\n\n\n<p><\/p>\n<\/div>\n<\/div>\n\n\n\n<div class=\"wp-block-columns is-layout-flex wp-container-core-columns-layout-2 wp-block-columns-is-layout-flex\">\n<div class=\"wp-block-column is-layout-flow wp-block-column-is-layout-flow\">\n<figure class=\"wp-block-image size-large\"><img decoding=\"async\" width=\"1024\" height=\"576\" src=\"https:\/\/bruderklaus.com\/wp-content\/uploads\/2021\/03\/Orte_Flueeli_Zeitkapsel20180731_170125-1-1024x576.jpg\" alt=\"\" class=\"wp-image-1345\" srcset=\"https:\/\/bruderklaus.com\/wp-content\/uploads\/2021\/03\/Orte_Flueeli_Zeitkapsel20180731_170125-1-1024x576.jpg 1024w, https:\/\/bruderklaus.com\/wp-content\/uploads\/2021\/03\/Orte_Flueeli_Zeitkapsel20180731_170125-1-300x169.jpg 300w, https:\/\/bruderklaus.com\/wp-content\/uploads\/2021\/03\/Orte_Flueeli_Zeitkapsel20180731_170125-1-768x432.jpg 768w, https:\/\/bruderklaus.com\/wp-content\/uploads\/2021\/03\/Orte_Flueeli_Zeitkapsel20180731_170125-1-1536x864.jpg 1536w, https:\/\/bruderklaus.com\/wp-content\/uploads\/2021\/03\/Orte_Flueeli_Zeitkapsel20180731_170125-1.jpg 2048w, https:\/\/bruderklaus.com\/wp-content\/uploads\/2021\/03\/Orte_Flueeli_Zeitkapsel20180731_170125-1-600x338.jpg 600w\" sizes=\"(max-width: 1024px) 100vw, 1024px\" \/><\/figure>\n<\/div>\n\n\n\n<div class=\"wp-block-column is-layout-flow wp-block-column-is-layout-flow\">\n<h2 class=\"wp-block-heading\"><strong>Capsule t\u00e9moin<\/strong><\/h2>\n\n\n\n<p>Dans le sol, sous une surface de verre, se trouve la capsule t\u00e9moin en cuivre de l&#8217;ann\u00e9e comm\u00e9morative 2017 \u00ab600 ans de Nicolas de Fl\u00fce\u00bb.  La capsule contient 2602 messages, \u00e9crits par des gens de la Suisse entri\u00e8re pour la post\u00e9rit\u00e9.  <\/p>\n\n\n\n<p>Elle sera ouverte en l&#8217;an 2117, lors des 700 ans de la naissance de Nicolas de Fl\u00fce.<\/p>\n<\/div>\n<\/div>\n\n\n\n<p><\/p>\n","protected":false},"excerpt":{"rendered":"<p>Place du village avec la capsule t\u00e9moin Place du village avec fontaine La place du village de Fl\u00fceli-Ranft a \u00e9t\u00e9 r\u00e9am\u00e9nag\u00e9e pour l&#8217;ann\u00e9e comm\u00e9morative 2017 \u00ab600 ans de Nicolas de Fl\u00fce\u00bb. Des arbres ombrag\u00e9s, des bancs en pierre et l&#8217;eau de source fra\u00eeche de la fontaine historique vous invitent \u00e0 faire une pause. Capsule t\u00e9moin [&hellip;]<\/p>\n","protected":false},"author":3,"featured_media":1346,"parent":9210,"menu_order":170,"comment_status":"closed","ping_status":"closed","template":"","meta":{"_acf_changed":false,"footnotes":""},"acf":[],"_links":{"self":[{"href":"https:\/\/bruderklaus.com\/fr\/wp-json\/wp\/v2\/pages\/9657"}],"collection":[{"href":"https:\/\/bruderklaus.com\/fr\/wp-json\/wp\/v2\/pages"}],"about":[{"href":"https:\/\/bruderklaus.com\/fr\/wp-json\/wp\/v2\/types\/page"}],"author":[{"embeddable":true,"href":"https:\/\/bruderklaus.com\/fr\/wp-json\/wp\/v2\/users\/3"}],"replies":[{"embeddable":true,"href":"https:\/\/bruderklaus.com\/fr\/wp-json\/wp\/v2\/comments?post=9657"}],"version-history":[{"count":2,"href":"https:\/\/bruderklaus.com\/fr\/wp-json\/wp\/v2\/pages\/9657\/revisions"}],"predecessor-version":[{"id":9660,"href":"https:\/\/bruderklaus.com\/fr\/wp-json\/wp\/v2\/pages\/9657\/revisions\/9660"}],"up":[{"embeddable":true,"href":"https:\/\/bruderklaus.com\/fr\/wp-json\/wp\/v2\/pages\/9210"}],"wp:featuredmedia":[{"embeddable":true,"href":"https:\/\/bruderklaus.com\/fr\/wp-json\/wp\/v2\/media\/1346"}],"wp:attachment":[{"href":"https:\/\/bruderklaus.com\/fr\/wp-json\/wp\/v2\/media?parent=9657"}],"curies":[{"name":"wp","href":"https:\/\/api.w.org\/{rel}","templated":true}]}}