{"id":9648,"date":"2021-01-26T21:42:56","date_gmt":"2021-01-26T21:42:56","guid":{"rendered":"https:\/\/bruderklaus.com\/orte-informationen\/flueeli-ranft\/picknic-spielplatz\/"},"modified":"2021-05-02T17:14:08","modified_gmt":"2021-05-02T15:14:08","slug":"picknic-spielplatz","status":"publish","type":"page","link":"https:\/\/bruderklaus.com\/fr\/orte-informationen\/flueeli-ranft\/picknic-spielplatz\/","title":{"rendered":"Barbecue et aire de jeux"},"content":{"rendered":"\n<div class=\"wp-block-columns is-layout-flex wp-container-core-columns-layout-1 wp-block-columns-is-layout-flex\">\n<div class=\"wp-block-column is-layout-flow wp-block-column-is-layout-flow\">\n<figure class=\"wp-block-image size-large\"><img decoding=\"async\" width=\"1024\" height=\"768\" src=\"https:\/\/bruderklaus.com\/wp-content\/uploads\/2021\/03\/Picknick-Platz20200806_132520_001-2-1024x768.jpg\" alt=\"\" class=\"wp-image-1221\" srcset=\"https:\/\/bruderklaus.com\/wp-content\/uploads\/2021\/03\/Picknick-Platz20200806_132520_001-2-1024x768.jpg 1024w, https:\/\/bruderklaus.com\/wp-content\/uploads\/2021\/03\/Picknick-Platz20200806_132520_001-2-300x225.jpg 300w, https:\/\/bruderklaus.com\/wp-content\/uploads\/2021\/03\/Picknick-Platz20200806_132520_001-2-768x576.jpg 768w, https:\/\/bruderklaus.com\/wp-content\/uploads\/2021\/03\/Picknick-Platz20200806_132520_001-2-1536x1152.jpg 1536w, https:\/\/bruderklaus.com\/wp-content\/uploads\/2021\/03\/Picknick-Platz20200806_132520_001-2.jpg 2048w, https:\/\/bruderklaus.com\/wp-content\/uploads\/2021\/03\/Picknick-Platz20200806_132520_001-2-600x450.jpg 600w\" sizes=\"(max-width: 1024px) 100vw, 1024px\" \/><\/figure>\n<\/div>\n\n\n\n<div class=\"wp-block-column is-layout-flow wp-block-column-is-layout-flow\">\n<h2 class=\"wp-block-heading\">Barbecue Chappelenwald, Fl\u00fceli<\/h2>\n\n\n\n<p>Zone de barbecue sur le Chemin de vision (Visionenweg\/ Bruderklausenweg). A l&#8217;entr\u00e9e de la for\u00eat, pr\u00e8s de la maison de naissance.<br>Chemin\u00e9e couverte, deux tables \u00e0 l&#8217;ext\u00e9rieur, une table couverte.<\/p>\n\n\n\n<p><a href=\"https:\/\/spielplaetze.ow.ch\/portfolio-items\/chappelenwald-flueeli\/\">En plus<\/a><\/p>\n\n\n\n<p><a href=\"https:\/\/spielplaetze.ow.ch\/feuerstellen\/\">Plus des zones de barbecue<\/a><\/p>\n\n\n\n<p><\/p>\n<\/div>\n<\/div>\n\n\n\n<div class=\"wp-block-columns is-layout-flex wp-container-core-columns-layout-2 wp-block-columns-is-layout-flex\">\n<div class=\"wp-block-column is-layout-flow wp-block-column-is-layout-flow\">\n<hr class=\"wp-block-separator\"\/>\n<\/div>\n<\/div>\n\n\n\n<div class=\"wp-block-columns is-layout-flex wp-container-core-columns-layout-3 wp-block-columns-is-layout-flex\">\n<div class=\"wp-block-column is-layout-flow wp-block-column-is-layout-flow\">\n<figure class=\"wp-block-image size-large\"><img decoding=\"async\" width=\"1024\" height=\"576\" src=\"https:\/\/bruderklaus.com\/wp-content\/uploads\/2021\/03\/Spielplatz-MZH-Flueeli20190425_132540-5-1024x576.jpg\" alt=\"\" class=\"wp-image-1518\" srcset=\"https:\/\/bruderklaus.com\/wp-content\/uploads\/2021\/03\/Spielplatz-MZH-Flueeli20190425_132540-5-1024x576.jpg 1024w, https:\/\/bruderklaus.com\/wp-content\/uploads\/2021\/03\/Spielplatz-MZH-Flueeli20190425_132540-5-300x169.jpg 300w, https:\/\/bruderklaus.com\/wp-content\/uploads\/2021\/03\/Spielplatz-MZH-Flueeli20190425_132540-5-768x432.jpg 768w, https:\/\/bruderklaus.com\/wp-content\/uploads\/2021\/03\/Spielplatz-MZH-Flueeli20190425_132540-5-1536x864.jpg 1536w, https:\/\/bruderklaus.com\/wp-content\/uploads\/2021\/03\/Spielplatz-MZH-Flueeli20190425_132540-5.jpg 2048w, https:\/\/bruderklaus.com\/wp-content\/uploads\/2021\/03\/Spielplatz-MZH-Flueeli20190425_132540-5-600x338.jpg 600w\" sizes=\"(max-width: 1024px) 100vw, 1024px\" \/><\/figure>\n<\/div>\n\n\n\n<div class=\"wp-block-column is-layout-flow wp-block-column-is-layout-flow\">\n<h2 class=\"wp-block-heading\">Aire de jeux, Fl\u00fceli<\/h2>\n\n\n\n<p>Terrain de jeux vari\u00e9 \u00e0 c\u00f4t\u00e9 du b\u00e2timent polyvalent, avec terrain de football, tennis de table, aire de pique-nique.<\/p>\n\n\n\n<p><a href=\"https:\/\/spielplaetze.ow.ch\/portfolio-items\/flueeli-ranft\/\">En plus<\/a><\/p>\n\n\n\n<p><a href=\"https:\/\/spielplaetze.ow.ch\/spielplaetze\/\">Plus des aires de jeux<\/a><\/p>\n<\/div>\n<\/div>\n\n\n\n<p><\/p>\n","protected":false},"excerpt":{"rendered":"<p>Barbecue Chappelenwald, Fl\u00fceli Zone de barbecue sur le Chemin de vision (Visionenweg\/ Bruderklausenweg). A l&#8217;entr\u00e9e de la for\u00eat, pr\u00e8s de la maison de naissance.Chemin\u00e9e couverte, deux tables \u00e0 l&#8217;ext\u00e9rieur, une table couverte. En plus Plus des zones de barbecue Aire de jeux, Fl\u00fceli Terrain de jeux vari\u00e9 \u00e0 c\u00f4t\u00e9 du b\u00e2timent polyvalent, avec terrain de [&hellip;]<\/p>\n","protected":false},"author":3,"featured_media":1539,"parent":9210,"menu_order":180,"comment_status":"closed","ping_status":"closed","template":"","meta":{"_acf_changed":false,"footnotes":""},"acf":[],"_links":{"self":[{"href":"https:\/\/bruderklaus.com\/fr\/wp-json\/wp\/v2\/pages\/9648"}],"collection":[{"href":"https:\/\/bruderklaus.com\/fr\/wp-json\/wp\/v2\/pages"}],"about":[{"href":"https:\/\/bruderklaus.com\/fr\/wp-json\/wp\/v2\/types\/page"}],"author":[{"embeddable":true,"href":"https:\/\/bruderklaus.com\/fr\/wp-json\/wp\/v2\/users\/3"}],"replies":[{"embeddable":true,"href":"https:\/\/bruderklaus.com\/fr\/wp-json\/wp\/v2\/comments?post=9648"}],"version-history":[{"count":2,"href":"https:\/\/bruderklaus.com\/fr\/wp-json\/wp\/v2\/pages\/9648\/revisions"}],"predecessor-version":[{"id":9651,"href":"https:\/\/bruderklaus.com\/fr\/wp-json\/wp\/v2\/pages\/9648\/revisions\/9651"}],"up":[{"embeddable":true,"href":"https:\/\/bruderklaus.com\/fr\/wp-json\/wp\/v2\/pages\/9210"}],"wp:featuredmedia":[{"embeddable":true,"href":"https:\/\/bruderklaus.com\/fr\/wp-json\/wp\/v2\/media\/1539"}],"wp:attachment":[{"href":"https:\/\/bruderklaus.com\/fr\/wp-json\/wp\/v2\/media?parent=9648"}],"curies":[{"name":"wp","href":"https:\/\/api.w.org\/{rel}","templated":true}]}}