{"id":9634,"date":"2021-01-26T21:42:56","date_gmt":"2021-01-26T21:42:56","guid":{"rendered":"https:\/\/bruderklaus.com\/orte-informationen\/sachseln\/wallfahrtsbuero\/"},"modified":"2022-04-24T15:28:39","modified_gmt":"2022-04-24T13:28:39","slug":"wallfahrtsbuero","status":"publish","type":"page","link":"https:\/\/bruderklaus.com\/fr\/orte-informationen\/sachseln\/wallfahrtsbuero\/","title":{"rendered":"Office des p\u00e8lerinages"},"content":{"rendered":"\n<h2 class=\"wp-block-heading\">Office des p\u00e8lerinages: Point pivot sur place<\/h2>\n\n\n\n<div class=\"wp-block-columns is-layout-flex wp-container-core-columns-layout-1 wp-block-columns-is-layout-flex\">\n<div class=\"wp-block-column is-layout-flow wp-block-column-is-layout-flow\" style=\"flex-basis:33.33%\">\n<figure class=\"wp-block-image size-large\"><img decoding=\"async\" width=\"682\" height=\"1024\" src=\"https:\/\/bruderklaus.com\/wp-content\/uploads\/2021\/03\/Wallfahrtsbuero-20210308_072547-002-1-682x1024.jpg\" alt=\"\" class=\"wp-image-3308\" srcset=\"https:\/\/bruderklaus.com\/wp-content\/uploads\/2021\/03\/Wallfahrtsbuero-20210308_072547-002-1-682x1024.jpg 682w, https:\/\/bruderklaus.com\/wp-content\/uploads\/2021\/03\/Wallfahrtsbuero-20210308_072547-002-1-200x300.jpg 200w, https:\/\/bruderklaus.com\/wp-content\/uploads\/2021\/03\/Wallfahrtsbuero-20210308_072547-002-1-768x1153.jpg 768w, https:\/\/bruderklaus.com\/wp-content\/uploads\/2021\/03\/Wallfahrtsbuero-20210308_072547-002-1-1023x1536.jpg 1023w, https:\/\/bruderklaus.com\/wp-content\/uploads\/2021\/03\/Wallfahrtsbuero-20210308_072547-002-1.jpg 1364w, https:\/\/bruderklaus.com\/wp-content\/uploads\/2021\/03\/Wallfahrtsbuero-20210308_072547-002-1-600x901.jpg 600w\" sizes=\"(max-width: 682px) 100vw, 682px\" \/><\/figure>\n<\/div>\n\n\n\n<div class=\"wp-block-column is-layout-flow wp-block-column-is-layout-flow\" style=\"flex-basis:66.66%\">\n<p><\/p>\n\n\n\n<p>Le bureau de l&#8217;association de soutien \u00abF\u00f6rderverein Niklaus von Fl\u00fce und Dorothee Wyss\u00bb avec l&#8217;office des p\u00e8lerinages est le point de contact pour toutes questions et demandes concernant Nicolas de Fl\u00fce et Doroth\u00e9e Wyss. Vous y annoncez la messe de p\u00e8lerinage, on vous renseigne sur les sanctuaires, vours r\u00e9servez les visites guide\u00e9es et les prestations, vous y tourvez la litt\u00e9rature et les m\u00e9dias sur Nicolas de Fl\u00fce et Doroth\u00e9e Wyss, ainsi que les souvenirs.  <\/p>\n\n\n\n<p>C&#8217;est isi aussi que vous entrez en contact avec l&#8217;aum\u00f4nier de p\u00e8lerinage et pr\u00e9senter vos demandes de messe.<\/p>\n\n\n<p><a class=\"c-btn-main\"  href=\"mailto:kontakt@bruderklaus.com\">contact<\/a><\/p>\n\n\n<p><\/p>\n<\/div>\n<\/div>\n","protected":false},"excerpt":{"rendered":"<p>Office des p\u00e8lerinages: Point pivot sur place Le bureau de l&#8217;association de soutien \u00abF\u00f6rderverein Niklaus von Fl\u00fce und Dorothee Wyss\u00bb avec l&#8217;office des p\u00e8lerinages est le point de contact pour toutes questions et demandes concernant Nicolas de Fl\u00fce et Doroth\u00e9e Wyss. Vous y annoncez la messe de p\u00e8lerinage, on vous renseigne sur les sanctuaires, vours [&hellip;]<\/p>\n","protected":false},"author":3,"featured_media":2500,"parent":9421,"menu_order":100,"comment_status":"closed","ping_status":"closed","template":"","meta":{"_acf_changed":false,"footnotes":""},"acf":[],"_links":{"self":[{"href":"https:\/\/bruderklaus.com\/fr\/wp-json\/wp\/v2\/pages\/9634"}],"collection":[{"href":"https:\/\/bruderklaus.com\/fr\/wp-json\/wp\/v2\/pages"}],"about":[{"href":"https:\/\/bruderklaus.com\/fr\/wp-json\/wp\/v2\/types\/page"}],"author":[{"embeddable":true,"href":"https:\/\/bruderklaus.com\/fr\/wp-json\/wp\/v2\/users\/3"}],"replies":[{"embeddable":true,"href":"https:\/\/bruderklaus.com\/fr\/wp-json\/wp\/v2\/comments?post=9634"}],"version-history":[{"count":3,"href":"https:\/\/bruderklaus.com\/fr\/wp-json\/wp\/v2\/pages\/9634\/revisions"}],"predecessor-version":[{"id":15809,"href":"https:\/\/bruderklaus.com\/fr\/wp-json\/wp\/v2\/pages\/9634\/revisions\/15809"}],"up":[{"embeddable":true,"href":"https:\/\/bruderklaus.com\/fr\/wp-json\/wp\/v2\/pages\/9421"}],"wp:featuredmedia":[{"embeddable":true,"href":"https:\/\/bruderklaus.com\/fr\/wp-json\/wp\/v2\/media\/2500"}],"wp:attachment":[{"href":"https:\/\/bruderklaus.com\/fr\/wp-json\/wp\/v2\/media?parent=9634"}],"curies":[{"name":"wp","href":"https:\/\/api.w.org\/{rel}","templated":true}]}}