{"id":9619,"date":"2021-01-26T21:42:56","date_gmt":"2021-01-26T21:42:56","guid":{"rendered":"https:\/\/bruderklaus.com\/orte-informationen\/pilgerwege\/radfahren\/"},"modified":"2021-05-02T16:13:57","modified_gmt":"2021-05-02T14:13:57","slug":"radfahren","status":"publish","type":"page","link":"https:\/\/bruderklaus.com\/fr\/orte-informationen\/pilgerwege\/radfahren\/","title":{"rendered":"En v\u00e9lo"},"content":{"rendered":"\n<div class=\"wp-block-columns is-layout-flex wp-container-core-columns-layout-1 wp-block-columns-is-layout-flex\">\n<div class=\"wp-block-column is-layout-flow wp-block-column-is-layout-flow\" style=\"flex-basis:100%\">\n<h2 class=\"wp-block-heading\">En route avec le v\u00e9lo<\/h2>\n<\/div>\n<\/div>\n\n\n\n<div class=\"wp-block-columns is-layout-flex wp-container-core-columns-layout-2 wp-block-columns-is-layout-flex\">\n<div class=\"wp-block-column is-layout-flow wp-block-column-is-layout-flow\">\n<figure class=\"wp-block-image size-large\"><img decoding=\"async\" width=\"1024\" height=\"682\" src=\"https:\/\/bruderklaus.com\/wp-content\/uploads\/2021\/03\/208_DSC00947_klein_Blick-auf-Kirche_K.Kiser_-1024x682.jpg\" alt=\"\" class=\"wp-image-1766\" srcset=\"https:\/\/bruderklaus.com\/wp-content\/uploads\/2021\/03\/208_DSC00947_klein_Blick-auf-Kirche_K.Kiser_-1024x682.jpg 1024w, https:\/\/bruderklaus.com\/wp-content\/uploads\/2021\/03\/208_DSC00947_klein_Blick-auf-Kirche_K.Kiser_-300x200.jpg 300w, https:\/\/bruderklaus.com\/wp-content\/uploads\/2021\/03\/208_DSC00947_klein_Blick-auf-Kirche_K.Kiser_-768x512.jpg 768w, https:\/\/bruderklaus.com\/wp-content\/uploads\/2021\/03\/208_DSC00947_klein_Blick-auf-Kirche_K.Kiser_-1536x1024.jpg 1536w, https:\/\/bruderklaus.com\/wp-content\/uploads\/2021\/03\/208_DSC00947_klein_Blick-auf-Kirche_K.Kiser_.jpg 2048w, https:\/\/bruderklaus.com\/wp-content\/uploads\/2021\/03\/208_DSC00947_klein_Blick-auf-Kirche_K.Kiser_-600x400.jpg 600w\" sizes=\"(max-width: 1024px) 100vw, 1024px\" \/><\/figure>\n<\/div>\n\n\n\n<div class=\"wp-block-column is-layout-flow wp-block-column-is-layout-flow\">\n<h2 class=\"wp-block-heading\">Route d&#8217;Unterwald <strong>Giswil \u2013 Stans<\/strong><\/h2>\n\n\n\n<p>Giswil \u2013 Sachseln \u2013 Fl\u00fceli \u2013 Kerns \u2013 Kernwald \u2013 Stans<\/p>\n\n\n\n<p>Le long du Sarnersee, \u00e0 travers des prairies de roseaux, jusqu&#8217;\u00e0 Sachseln o\u00f9 se trouve la tombe de Fr\u00e8re Nicolas dans l&#8217;\u00e9glise paroissiale et de p\u00e8lerinage. Mont\u00e9e de 4 km \u00e0 Fl\u00fceli, le haut plateau au-dessus de Sachseln, vers les lieux o\u00f9 Nicolas et Doroth\u00e9e ont v\u00e9cu et travaill\u00e9. Une courte descente et mont\u00e9e \u00e0 pied jusqu&#8217;au Ranft. Vous passerez ensuite par les fermes typiques d&#8217;Obwald jusqu&#8217;\u00e0 Kerns et traverserez la for\u00eat enchant\u00e9e de Kerns jusqu&#8217;\u00e0 la capitale nidwaldienne de Stans.<\/p>\n\n\n\n<p>23 km, principalement sur l&#8217;asphalte<br>Mont\u00e9e 340 m | Descente 380 m<br>Suisse Mobile Route 85<\/p>\n\n\n\n<p><a href=\"https:\/\/www.schweizmobil.ch\/de\/veloland\/services\/orte\/ort-032.html\">En plus<\/a><\/p>\n<\/div>\n<\/div>\n\n\n\n<div class=\"wp-block-columns is-layout-flex wp-container-core-columns-layout-3 wp-block-columns-is-layout-flex\">\n<div class=\"wp-block-column is-layout-flow wp-block-column-is-layout-flow\">\n<hr class=\"wp-block-separator\"\/>\n<\/div>\n<\/div>\n\n\n\n<div class=\"wp-block-columns is-layout-flex wp-container-core-columns-layout-4 wp-block-columns-is-layout-flex\">\n<div class=\"wp-block-column is-layout-flow wp-block-column-is-layout-flow\">\n<figure class=\"wp-block-image size-large\"><img decoding=\"async\" width=\"1024\" height=\"682\" src=\"https:\/\/bruderklaus.com\/wp-content\/uploads\/2021\/03\/245_DSC01553_klein_See_K.Kiser_-1-1024x682.jpg\" alt=\"\" class=\"wp-image-1763\" srcset=\"https:\/\/bruderklaus.com\/wp-content\/uploads\/2021\/03\/245_DSC01553_klein_See_K.Kiser_-1-1024x682.jpg 1024w, https:\/\/bruderklaus.com\/wp-content\/uploads\/2021\/03\/245_DSC01553_klein_See_K.Kiser_-1-300x200.jpg 300w, https:\/\/bruderklaus.com\/wp-content\/uploads\/2021\/03\/245_DSC01553_klein_See_K.Kiser_-1-768x512.jpg 768w, https:\/\/bruderklaus.com\/wp-content\/uploads\/2021\/03\/245_DSC01553_klein_See_K.Kiser_-1-1536x1024.jpg 1536w, https:\/\/bruderklaus.com\/wp-content\/uploads\/2021\/03\/245_DSC01553_klein_See_K.Kiser_-1.jpg 2048w, https:\/\/bruderklaus.com\/wp-content\/uploads\/2021\/03\/245_DSC01553_klein_See_K.Kiser_-1-600x400.jpg 600w\" sizes=\"(max-width: 1024px) 100vw, 1024px\" \/><\/figure>\n\n\n\n<p><\/p>\n<\/div>\n\n\n\n<div class=\"wp-block-column is-layout-flow wp-block-column-is-layout-flow\">\n<h2 class=\"wp-block-heading\"><strong>Lac de Sarnen, aller-retour<\/strong><\/h2>\n\n\n\n<p>Sarnen \u2013 Sachseln \u2013 Giswil \u2013 Sarnen<\/p>\n\n\n\n<p>Voyage aller-retour facile dans l&#8217;un des paysages lacustres uniques. Tour du lac de Sarnen avec visite du tombeau du Fr\u00e8re Nicolas \u00e0 Sachseln et du Mus\u00e9e Bruder Klaus Sachseln. Id\u00e9al pour les familles.<\/p>\n\n\n\n<p>Commencez par Sarnen, la capitale d&#8217;Obwald, pour aller \u00e0 Sachseln chez Fr\u00e8re Nicolas. Au bord du lac, aire de jeux vari\u00e9e et lido. A Giswil, une belle piscine en plein air au camping. Retour \u00e0 Sarnen \u00e0 travers la for\u00eat avec des torrents.<\/p>\n\n\n\n<p>18 km, principalement en asphalte<br>Mont\u00e9e 160 m | Descente 160 m<br>Suisse Mobile Route 702<\/p>\n\n\n\n<p><a href=\"https:\/\/www.schweizmobil.ch\/de\/veloland\/routen\/route-0702.html\">En plus<\/a><\/p>\n<\/div>\n<\/div>\n","protected":false},"excerpt":{"rendered":"<p>En route avec le v\u00e9lo Route d&#8217;Unterwald Giswil \u2013 Stans Giswil \u2013 Sachseln \u2013 Fl\u00fceli \u2013 Kerns \u2013 Kernwald \u2013 Stans Le long du Sarnersee, \u00e0 travers des prairies de roseaux, jusqu&#8217;\u00e0 Sachseln o\u00f9 se trouve la tombe de Fr\u00e8re Nicolas dans l&#8217;\u00e9glise paroissiale et de p\u00e8lerinage. Mont\u00e9e de 4 km \u00e0 Fl\u00fceli, le haut [&hellip;]<\/p>\n","protected":false},"author":3,"featured_media":1800,"parent":9608,"menu_order":340,"comment_status":"closed","ping_status":"closed","template":"","meta":{"_acf_changed":false,"footnotes":""},"acf":[],"_links":{"self":[{"href":"https:\/\/bruderklaus.com\/fr\/wp-json\/wp\/v2\/pages\/9619"}],"collection":[{"href":"https:\/\/bruderklaus.com\/fr\/wp-json\/wp\/v2\/pages"}],"about":[{"href":"https:\/\/bruderklaus.com\/fr\/wp-json\/wp\/v2\/types\/page"}],"author":[{"embeddable":true,"href":"https:\/\/bruderklaus.com\/fr\/wp-json\/wp\/v2\/users\/3"}],"replies":[{"embeddable":true,"href":"https:\/\/bruderklaus.com\/fr\/wp-json\/wp\/v2\/comments?post=9619"}],"version-history":[{"count":2,"href":"https:\/\/bruderklaus.com\/fr\/wp-json\/wp\/v2\/pages\/9619\/revisions"}],"predecessor-version":[{"id":9621,"href":"https:\/\/bruderklaus.com\/fr\/wp-json\/wp\/v2\/pages\/9619\/revisions\/9621"}],"up":[{"embeddable":true,"href":"https:\/\/bruderklaus.com\/fr\/wp-json\/wp\/v2\/pages\/9608"}],"wp:featuredmedia":[{"embeddable":true,"href":"https:\/\/bruderklaus.com\/fr\/wp-json\/wp\/v2\/media\/1800"}],"wp:attachment":[{"href":"https:\/\/bruderklaus.com\/fr\/wp-json\/wp\/v2\/media?parent=9619"}],"curies":[{"name":"wp","href":"https:\/\/api.w.org\/{rel}","templated":true}]}}