{"id":9615,"date":"2021-01-26T21:42:56","date_gmt":"2021-01-26T21:42:56","guid":{"rendered":"https:\/\/bruderklaus.com\/orte-informationen\/pilgerwege\/alp-chlisterli\/"},"modified":"2021-05-02T16:06:44","modified_gmt":"2021-05-02T14:06:44","slug":"alp-chlisterli","status":"publish","type":"page","link":"https:\/\/bruderklaus.com\/fr\/orte-informationen\/pilgerwege\/alp-chlisterli\/","title":{"rendered":"Chlisterli Alp"},"content":{"rendered":"\n<h2 class=\"wp-block-heading\">Chlisterli Alp<\/h2>\n\n\n\n<figure class=\"wp-block-image size-large\"><img decoding=\"async\" width=\"1024\" height=\"683\" src=\"https:\/\/bruderklaus.com\/wp-content\/uploads\/2021\/03\/Alp-Chlisterli-2-\u00a9-Bruder-Klaus-Sachseln-1-1024x683.jpg\" alt=\"\" class=\"wp-image-1738\" srcset=\"https:\/\/bruderklaus.com\/wp-content\/uploads\/2021\/03\/Alp-Chlisterli-2-\u00a9-Bruder-Klaus-Sachseln-1-1024x683.jpg 1024w, https:\/\/bruderklaus.com\/wp-content\/uploads\/2021\/03\/Alp-Chlisterli-2-\u00a9-Bruder-Klaus-Sachseln-1-300x200.jpg 300w, https:\/\/bruderklaus.com\/wp-content\/uploads\/2021\/03\/Alp-Chlisterli-2-\u00a9-Bruder-Klaus-Sachseln-1-768x512.jpg 768w, https:\/\/bruderklaus.com\/wp-content\/uploads\/2021\/03\/Alp-Chlisterli-2-\u00a9-Bruder-Klaus-Sachseln-1-1536x1024.jpg 1536w, https:\/\/bruderklaus.com\/wp-content\/uploads\/2021\/03\/Alp-Chlisterli-2-\u00a9-Bruder-Klaus-Sachseln-1.jpg 2048w, https:\/\/bruderklaus.com\/wp-content\/uploads\/2021\/03\/Alp-Chlisterli-2-\u00a9-Bruder-Klaus-Sachseln-1-600x400.jpg 600w\" sizes=\"(max-width: 1024px) 100vw, 1024px\" \/><\/figure>\n\n\n\n<p>Lorsque Nicolas de Fl\u00fce est revenu de Liestal, il a d&#8217;abord pass\u00e9 la nuit dans sa propre \u00e9curie \u00e0 Fl\u00fceli, puis il a travers\u00e9 le Melchtal et s&#8217;est cach\u00e9 sur son alpage Chlisterli. L\u00e0, il a \u00e9t\u00e9 d\u00e9couvert par des chasseurs et s&#8217;est alors install\u00e9 dans le Ranft.<\/p>\n\n\n\n<p><strong>Chemin de p\u00e8lerinage Fl\u00fceli &#8211; Melchtal &#8211; St\u00f6ckalp &#8211; Alp Chlisterli<\/strong><br>C&#8217;est probablement le chemin que Nicolas de Fl\u00fce a \u00e9galement emprunt\u00e9.<\/p>\n\n\n\n<p><strong>St\u00f6ckalp \u2013 Chlisterli \u2013 St\u00f6ckalp<br><\/strong>Distance de randonn\u00e9e 3,8 km, mont\u00e9e et descente de 300 m chacune, dur\u00e9e de la randonn\u00e9e environ 1 h 40 min.<br>Depuis l&#8217;arr\u00eat de bus, \u00e0 400 m sur la Fruttstrasse vers Obere St\u00f6ck, au premier virage \u00e0 gauche sur le chemin de randonn\u00e9e en direction du nord. Sur le chemin de randonn\u00e9e qui traverse le Stockwald et m\u00e8ne \u00e0 l&#8217;Alp Chlisterli. Le retour \u00e0 St\u00f6ckalp se fait par le m\u00eame chemin.<\/p>\n\n\n\n<p><a href=\"https:\/\/map.wanderland.ch\/?lang=de&amp;route=all&amp;bgLayer=pk&amp;resolution=1&amp;season=summer&amp;E=2663897&amp;N=1184074&amp;photos=yes&amp;trackId=4906722&amp;logo=yes&amp;layers=Wanderland\">Route<\/a><\/p>\n\n\n\n<p><strong>Cartes nationales<\/strong><br>1 : 25\u2019000 Blatt 1190 \u2018Melchtal\u2019 oder 1 : 50\u2019000 Blatt 245 \u2018Stans\u2019<br>SchweizMobil > <a href=\"http:\/\/www.wanderland.ch\">www.wanderland.ch<\/a> oder swisstopo > <a href=\"http:\/\/www.map.geo.admin.ch\">www.map.geo.admin.ch<\/a>, Thema Geokatalog \u2013 Wanderwege<\/p>\n","protected":false},"excerpt":{"rendered":"<p>Chlisterli Alp Lorsque Nicolas de Fl\u00fce est revenu de Liestal, il a d&#8217;abord pass\u00e9 la nuit dans sa propre \u00e9curie \u00e0 Fl\u00fceli, puis il a travers\u00e9 le Melchtal et s&#8217;est cach\u00e9 sur son alpage Chlisterli. L\u00e0, il a \u00e9t\u00e9 d\u00e9couvert par des chasseurs et s&#8217;est alors install\u00e9 dans le Ranft. Chemin de p\u00e8lerinage Fl\u00fceli &#8211; [&hellip;]<\/p>\n","protected":false},"author":3,"featured_media":1720,"parent":9608,"menu_order":320,"comment_status":"closed","ping_status":"closed","template":"","meta":{"_acf_changed":false,"footnotes":""},"acf":[],"_links":{"self":[{"href":"https:\/\/bruderklaus.com\/fr\/wp-json\/wp\/v2\/pages\/9615"}],"collection":[{"href":"https:\/\/bruderklaus.com\/fr\/wp-json\/wp\/v2\/pages"}],"about":[{"href":"https:\/\/bruderklaus.com\/fr\/wp-json\/wp\/v2\/types\/page"}],"author":[{"embeddable":true,"href":"https:\/\/bruderklaus.com\/fr\/wp-json\/wp\/v2\/users\/3"}],"replies":[{"embeddable":true,"href":"https:\/\/bruderklaus.com\/fr\/wp-json\/wp\/v2\/comments?post=9615"}],"version-history":[{"count":1,"href":"https:\/\/bruderklaus.com\/fr\/wp-json\/wp\/v2\/pages\/9615\/revisions"}],"predecessor-version":[{"id":9617,"href":"https:\/\/bruderklaus.com\/fr\/wp-json\/wp\/v2\/pages\/9615\/revisions\/9617"}],"up":[{"embeddable":true,"href":"https:\/\/bruderklaus.com\/fr\/wp-json\/wp\/v2\/pages\/9608"}],"wp:featuredmedia":[{"embeddable":true,"href":"https:\/\/bruderklaus.com\/fr\/wp-json\/wp\/v2\/media\/1720"}],"wp:attachment":[{"href":"https:\/\/bruderklaus.com\/fr\/wp-json\/wp\/v2\/media?parent=9615"}],"curies":[{"name":"wp","href":"https:\/\/api.w.org\/{rel}","templated":true}]}}