{"id":9457,"date":"2021-03-06T09:12:03","date_gmt":"2021-03-06T09:12:03","guid":{"rendered":"https:\/\/bruderklaus.com\/sarnen-flueeli-sachseln\/"},"modified":"2021-04-23T20:40:36","modified_gmt":"2021-04-23T18:40:36","slug":"sarnen-flueeli-sachseln","status":"publish","type":"page","link":"https:\/\/bruderklaus.com\/fr\/orte-informationen\/pilgerwege\/sarnen-flueeli-sachseln\/","title":{"rendered":"Autour de Fl\u00fceli-Ranft"},"content":{"rendered":"\n<h2 class=\"wp-block-heading\"><strong>\u00c0 pied autour de Fl\u00fceli-Ranft<\/strong><\/h2>\n\n\n\n<div class=\"wp-block-columns is-layout-flex wp-container-core-columns-layout-1 wp-block-columns-is-layout-flex\">\n<div class=\"wp-block-column is-layout-flow wp-block-column-is-layout-flow\">\n<figure class=\"wp-block-image size-large\"><img decoding=\"async\" width=\"1024\" height=\"576\" src=\"https:\/\/bruderklaus.com\/wp-content\/uploads\/2021\/03\/Herbst_Flueeli_wandern_TA-122439980_2708295662760522_7924419009604541313_o-1024x576.jpg\" alt=\"\" class=\"wp-image-2306\" srcset=\"https:\/\/bruderklaus.com\/wp-content\/uploads\/2021\/03\/Herbst_Flueeli_wandern_TA-122439980_2708295662760522_7924419009604541313_o-1024x576.jpg 1024w, https:\/\/bruderklaus.com\/wp-content\/uploads\/2021\/03\/Herbst_Flueeli_wandern_TA-122439980_2708295662760522_7924419009604541313_o.jpg 2016w, https:\/\/bruderklaus.com\/wp-content\/uploads\/2021\/03\/Herbst_Flueeli_wandern_TA-122439980_2708295662760522_7924419009604541313_o-300x169.jpg 300w, https:\/\/bruderklaus.com\/wp-content\/uploads\/2021\/03\/Herbst_Flueeli_wandern_TA-122439980_2708295662760522_7924419009604541313_o-768x432.jpg 768w, https:\/\/bruderklaus.com\/wp-content\/uploads\/2021\/03\/Herbst_Flueeli_wandern_TA-122439980_2708295662760522_7924419009604541313_o-1536x864.jpg 1536w, https:\/\/bruderklaus.com\/wp-content\/uploads\/2021\/03\/Herbst_Flueeli_wandern_TA-122439980_2708295662760522_7924419009604541313_o-600x338.jpg 600w\" sizes=\"(max-width: 1024px) 100vw, 1024px\" \/><\/figure>\n<\/div>\n\n\n\n<div class=\"wp-block-column is-layout-flow wp-block-column-is-layout-flow\">\n<p><strong>Fl\u00fceli \u2013 Hohe Br\u00fccke <strong>\u2013<\/strong> Hohflue <strong>\u2013<\/strong><\/strong> <strong>Grotte de Lourdes <strong>\u2013<\/strong> Sarnen<\/strong><\/p>\n\n\n\n<p>Apr\u00e8s l&#8217;h\u00f4tel Paxmontana, vous longez le Melchaa et descendez la vall\u00e9e jusqu&#8217;au \u00abHohe B\u00fcrcke\u00bb (pont haut). Continuez vers Hohflue et la grotte de Lourdes, puis vers Sarnen, la ville principale d&#8217;Obwald. Retour en car postal.<\/p>\n\n\n\n<p>Dur\u00e9e de la randonn\u00e9e : descente 1 h 20 min \/ mont\u00e9e 1 h 35 min<\/p>\n\n\n\n<p><\/p>\n<\/div>\n<\/div>\n\n\n\n<div class=\"wp-block-columns is-layout-flex wp-container-core-columns-layout-2 wp-block-columns-is-layout-flex\">\n<div class=\"wp-block-column is-layout-flow wp-block-column-is-layout-flow\"><\/div>\n\n\n\n<div class=\"wp-block-column is-layout-flow wp-block-column-is-layout-flow\"><\/div>\n<\/div>\n\n\n\n<div class=\"wp-block-columns is-layout-flex wp-container-core-columns-layout-3 wp-block-columns-is-layout-flex\">\n<div class=\"wp-block-column is-layout-flow wp-block-column-is-layout-flow\" style=\"flex-basis:33.33%\"><\/div>\n\n\n\n<div class=\"wp-block-column is-layout-flow wp-block-column-is-layout-flow\" style=\"flex-basis:66.66%\"><\/div>\n<\/div>\n\n\n\n<div class=\"wp-block-columns is-layout-flex wp-container-core-columns-layout-4 wp-block-columns-is-layout-flex\">\n<div class=\"wp-block-column is-layout-flow wp-block-column-is-layout-flow\">\n<hr class=\"wp-block-separator\"\/>\n<\/div>\n<\/div>\n\n\n\n<div class=\"wp-block-columns is-layout-flex wp-container-core-columns-layout-5 wp-block-columns-is-layout-flex\">\n<div class=\"wp-block-column is-layout-flow wp-block-column-is-layout-flow\">\n<figure class=\"wp-block-image size-large\"><img decoding=\"async\" width=\"1024\" height=\"576\" src=\"https:\/\/bruderklaus.com\/wp-content\/uploads\/2021\/03\/St.-Niklausen-Ranft-Fruehling-20200229_115326-17-1024x576.jpg\" alt=\"\" class=\"wp-image-1784\" srcset=\"https:\/\/bruderklaus.com\/wp-content\/uploads\/2021\/03\/St.-Niklausen-Ranft-Fruehling-20200229_115326-17-1024x576.jpg 1024w, https:\/\/bruderklaus.com\/wp-content\/uploads\/2021\/03\/St.-Niklausen-Ranft-Fruehling-20200229_115326-17-300x169.jpg 300w, https:\/\/bruderklaus.com\/wp-content\/uploads\/2021\/03\/St.-Niklausen-Ranft-Fruehling-20200229_115326-17-768x432.jpg 768w, https:\/\/bruderklaus.com\/wp-content\/uploads\/2021\/03\/St.-Niklausen-Ranft-Fruehling-20200229_115326-17-1536x864.jpg 1536w, https:\/\/bruderklaus.com\/wp-content\/uploads\/2021\/03\/St.-Niklausen-Ranft-Fruehling-20200229_115326-17.jpg 2048w, https:\/\/bruderklaus.com\/wp-content\/uploads\/2021\/03\/St.-Niklausen-Ranft-Fruehling-20200229_115326-17-600x338.jpg 600w\" sizes=\"(max-width: 1024px) 100vw, 1024px\" \/><\/figure>\n<\/div>\n\n\n\n<div class=\"wp-block-column is-layout-flow wp-block-column-is-layout-flow\">\n<p><strong><strong>Fl\u00fceli <strong>\u2013<\/strong> Ranft <strong>\u2013<\/strong> M\u00f6sli <strong>\u2013<\/strong> St. Niklausen <strong>\u2013<\/strong> Ranft <strong>\u2013<\/strong> Fl\u00fceli<\/strong> <\/strong>(itin\u00e9raire circulaire)<\/p>\n\n\n\n<p>Descente dans le Ranft, passage de la chapelle sup\u00e9rieure du Ranft avec la cellule jusqu&#8217;\u00e0 la chapelle inf\u00e9rieure du Ranft. Passez devant la chapelle inf\u00e9rieure, puis traversez la Melchaa et montez \u00e0 la chapelle M\u00f6sli. Continuer sur un chemin de prairie et monter jusqu&#8217;\u00e0 la chapelle de St. Niklausen. Sur la route principale en direction du village de St. Niklausen, \u00e9ventuellement faire un d\u00e9tour par le monast\u00e8re de Bethanien, avec sa maison d\u2019accueil (sur la droite) ou passer directement \u00e0 gauche du restaurant Alpenblicksur le sentier de randonn\u00e9e, en direction du Ranft. Du Ranft, montez jusqu&#8217;au village de Fl\u00fceli.<\/p>\n\n\n\n<p>Dur\u00e9e de la randonn\u00e9e : 1 h 30 min<\/p>\n<\/div>\n<\/div>\n\n\n\n<div class=\"wp-block-columns is-layout-flex wp-container-core-columns-layout-6 wp-block-columns-is-layout-flex\">\n<div class=\"wp-block-column is-layout-flow wp-block-column-is-layout-flow\">\n<hr class=\"wp-block-separator\"\/>\n<\/div>\n<\/div>\n\n\n\n<div class=\"wp-block-columns is-layout-flex wp-container-core-columns-layout-10 wp-block-columns-is-layout-flex\">\n<div class=\"wp-block-column is-layout-flow wp-block-column-is-layout-flow\" style=\"flex-basis:100%\">\n<div class=\"wp-block-columns is-layout-flex wp-container-core-columns-layout-9 wp-block-columns-is-layout-flex\">\n<div class=\"wp-block-column is-layout-flow wp-block-column-is-layout-flow\" style=\"flex-basis:100%\">\n<div class=\"wp-block-columns is-layout-flex wp-container-core-columns-layout-8 wp-block-columns-is-layout-flex\">\n<div class=\"wp-block-column is-layout-flow wp-block-column-is-layout-flow\" style=\"flex-basis:100%\">\n<div class=\"wp-block-columns is-layout-flex wp-container-core-columns-layout-7 wp-block-columns-is-layout-flex\">\n<div class=\"wp-block-column is-layout-flow wp-block-column-is-layout-flow\">\n<figure class=\"wp-block-image size-large\"><img decoding=\"async\" width=\"1024\" height=\"768\" src=\"https:\/\/bruderklaus.com\/wp-content\/uploads\/2021\/03\/Sachseler-Hoehenweg_Mittelpunkt-OW-IMG-20200529-WA0001.jpg\" alt=\"\" class=\"wp-image-1778\" srcset=\"https:\/\/bruderklaus.com\/wp-content\/uploads\/2021\/03\/Sachseler-Hoehenweg_Mittelpunkt-OW-IMG-20200529-WA0001.jpg 1024w, https:\/\/bruderklaus.com\/wp-content\/uploads\/2021\/03\/Sachseler-Hoehenweg_Mittelpunkt-OW-IMG-20200529-WA0001-300x225.jpg 300w, https:\/\/bruderklaus.com\/wp-content\/uploads\/2021\/03\/Sachseler-Hoehenweg_Mittelpunkt-OW-IMG-20200529-WA0001-768x576.jpg 768w, https:\/\/bruderklaus.com\/wp-content\/uploads\/2021\/03\/Sachseler-Hoehenweg_Mittelpunkt-OW-IMG-20200529-WA0001-600x450.jpg 600w\" sizes=\"(max-width: 1024px) 100vw, 1024px\" \/><\/figure>\n<\/div>\n\n\n\n<div class=\"wp-block-column is-layout-flow wp-block-column-is-layout-flow\">\n<p><strong><strong>\u00abSachsler H\u00f6henweg\u00bb :<\/strong><\/strong> <strong><strong>Fl\u00fceli-Ranft <strong><strong>\u2013<\/strong><\/strong><\/strong><\/strong> <strong><strong>Giswil<\/strong><\/strong><br>(sentier d&#8217;altitude de Sachseln)<\/p>\n\n\n\n<p>Randonn\u00e9e avec vue magnifique de Fl\u00fceli-Ranft \u00e0 Giswil.<\/p>\n\n\n\n<p>Par des sentiers enchant\u00e9s, un court pont suspendu, des vall\u00e9es lat\u00e9rales follement romantiques et toujours et encore cette vue magnifique sur le Sarneraatal, du Pilatus au Brienzerrothorn. Une petite pause ? Peut-\u00eatre \u00e0 Glotersegg, le (centre) point central d&#8217;Obwald.<\/p>\n\n\n\n<p><strong>Fl\u00fceli-Ranft <strong><strong>\u2013<\/strong><\/strong> Glotersegg <strong><strong>\u2013<\/strong><\/strong><\/strong> <strong>Gerli <strong><strong>\u2013<\/strong><\/strong><\/strong> <strong>Huggeten <strong><strong>\u2013<\/strong><\/strong> Musschw\u00e4ndeli <strong><strong>\u2013<\/strong><\/strong><\/strong> <strong>R\u00fctimattwald <strong><strong>\u2013<\/strong><\/strong> Sigetsbach <strong><strong>\u2013<\/strong><\/strong> Obstocken <strong><strong>\u2013<\/strong><\/strong> R\u00fcti &#8211; Zollhaus <strong><strong>\u2013<\/strong><\/strong> Giswil<\/strong><\/p>\n\n\n\n<p>Dur\u00e9e de la randonn\u00e9e : 4 1\/2 heures \/ mont\u00e9e 430m, descente 690m<\/p>\n\n\n\n<p><a href=\"https:\/\/www.outdooractive.com\/de\/route\/wanderung\/sachseln\/sachsler-hoehenweg-vorbei-am-mittelpunkt-von-obwalden\/30792360\/\">En plus<\/a><\/p>\n<\/div>\n<\/div>\n<\/div>\n<\/div>\n<\/div>\n<\/div>\n<\/div>\n<\/div>\n\n\n\n<p><\/p>\n","protected":false},"excerpt":{"rendered":"<p>\u00c0 pied autour de Fl\u00fceli-Ranft Fl\u00fceli \u2013 Hohe Br\u00fccke \u2013 Hohflue \u2013 Grotte de Lourdes \u2013 Sarnen Apr\u00e8s l&#8217;h\u00f4tel Paxmontana, vous longez le Melchaa et descendez la vall\u00e9e jusqu&#8217;au \u00abHohe B\u00fcrcke\u00bb (pont haut). Continuez vers Hohflue et la grotte de Lourdes, puis vers Sarnen, la ville principale d&#8217;Obwald. Retour en car postal. Dur\u00e9e de la [&hellip;]<\/p>\n","protected":false},"author":7,"featured_media":1898,"parent":9608,"menu_order":350,"comment_status":"closed","ping_status":"closed","template":"","meta":{"_acf_changed":false,"footnotes":""},"acf":[],"_links":{"self":[{"href":"https:\/\/bruderklaus.com\/fr\/wp-json\/wp\/v2\/pages\/9457"}],"collection":[{"href":"https:\/\/bruderklaus.com\/fr\/wp-json\/wp\/v2\/pages"}],"about":[{"href":"https:\/\/bruderklaus.com\/fr\/wp-json\/wp\/v2\/types\/page"}],"author":[{"embeddable":true,"href":"https:\/\/bruderklaus.com\/fr\/wp-json\/wp\/v2\/users\/7"}],"replies":[{"embeddable":true,"href":"https:\/\/bruderklaus.com\/fr\/wp-json\/wp\/v2\/comments?post=9457"}],"version-history":[{"count":1,"href":"https:\/\/bruderklaus.com\/fr\/wp-json\/wp\/v2\/pages\/9457\/revisions"}],"predecessor-version":[{"id":9459,"href":"https:\/\/bruderklaus.com\/fr\/wp-json\/wp\/v2\/pages\/9457\/revisions\/9459"}],"up":[{"embeddable":true,"href":"https:\/\/bruderklaus.com\/fr\/wp-json\/wp\/v2\/pages\/9608"}],"wp:featuredmedia":[{"embeddable":true,"href":"https:\/\/bruderklaus.com\/fr\/wp-json\/wp\/v2\/media\/1898"}],"wp:attachment":[{"href":"https:\/\/bruderklaus.com\/fr\/wp-json\/wp\/v2\/media?parent=9457"}],"curies":[{"name":"wp","href":"https:\/\/api.w.org\/{rel}","templated":true}]}}