{"id":9432,"date":"2021-01-26T21:42:56","date_gmt":"2021-01-26T21:42:56","guid":{"rendered":"https:\/\/bruderklaus.com\/flueeli-ranft\/wohnhaus\/"},"modified":"2022-04-24T15:31:38","modified_gmt":"2022-04-24T13:31:38","slug":"wohnhaus","status":"publish","type":"page","link":"https:\/\/bruderklaus.com\/fr\/orte-informationen\/flueeli-ranft\/wohnhaus\/","title":{"rendered":"Maison d&#8217;habitation"},"content":{"rendered":"\n<h2 class=\"wp-block-heading\"><strong>Maison d\u2019habitation de Nicolas et Doroth\u00e9e<\/strong><\/h2>\n\n\n\n<p>Nicolas de Fl\u00fce a construit la maison \u00e0 la Schiblochmatte en 1445\/6 lors de la fondation de son propre foyer. C\u2019est ici qu\u2019il a v\u00e9cu 20 ans avec sa femme Doroth\u00e9e Wyss et leurs dix enfants jusqu\u2019\u00e0 son d\u00e9part en p\u00e8lerinage le 16 octobre 1467 et son installation, peu apr\u00e8s, en ermite au Ranft. Doroth\u00e9e et sa famille rest\u00e8rent dans la maison proche du Ranft pendant encore 30 ans.<\/p>\n\n\n\n<div class=\"wp-block-columns is-layout-flex wp-container-core-columns-layout-1 wp-block-columns-is-layout-flex\">\n<div class=\"wp-block-column is-layout-flow wp-block-column-is-layout-flow\">\n<figure class=\"wp-block-image size-large\"><img decoding=\"async\" width=\"1024\" height=\"768\" src=\"https:\/\/bruderklaus.com\/wp-content\/uploads\/2021\/03\/img_3538-1024x768.jpg\" alt=\"\" class=\"wp-image-890\" srcset=\"https:\/\/bruderklaus.com\/wp-content\/uploads\/2021\/03\/img_3538-1024x768.jpg 1024w, https:\/\/bruderklaus.com\/wp-content\/uploads\/2021\/03\/img_3538.jpg 2560w, https:\/\/bruderklaus.com\/wp-content\/uploads\/2021\/03\/img_3538-300x225.jpg 300w, https:\/\/bruderklaus.com\/wp-content\/uploads\/2021\/03\/img_3538-768x576.jpg 768w\" sizes=\"(max-width: 1024px) 100vw, 1024px\" \/><\/figure>\n<\/div>\n\n\n\n<div class=\"wp-block-column is-layout-flow wp-block-column-is-layout-flow\">\n<figure class=\"wp-block-image size-large\"><img decoding=\"async\" src=\"https:\/\/bruderklaus.com\/wp-content\/uploads\/2021\/03\/IMG_3536-1024x768.jpg\" alt=\"\" class=\"wp-image-5496\"\/><\/figure>\n<\/div>\n<\/div>\n\n\n\n<p>En 1946, en vue de la canonisation, la maison a \u00e9t\u00e9 reconstruite. Elle correspond dans sa forme actuelle \u00e0 la construction d\u2019origine.<\/p>\n\n\n\n<p>En 2020, la r\u00e9sidence a \u00e9t\u00e9 officiellement rebaptis\u00e9e \u00abWohnhaus von Niklaus und Dorothee\u00bb (maison de Nicolas et Doroth\u00e9e).<\/p>\n\n\n\n<p>Visites d&#8217;avril \u00e0 octobre.<br>De novembre \u00e0 mars sur demande.<\/p>\n\n\n<p><a class=\"c-btn-main\"  href=\"https:\/\/bruderklaus.com\/fr\/orte-informationen\/anreise-oeffnungszeiten\/oeffnungszeiten\/\">Heures d&#8217;ouverture<\/a><\/p>\n\n\n<div class=\"wp-block-columns is-layout-flex wp-container-core-columns-layout-2 wp-block-columns-is-layout-flex\">\n<div class=\"wp-block-column is-layout-flow wp-block-column-is-layout-flow\" style=\"flex-basis:33.33%\">\n<figure class=\"wp-block-image size-large\"><img decoding=\"async\" src=\"https:\/\/bruderklaus.com\/wp-content\/uploads\/2021\/03\/Wohnhaus-NvF-u.-DW-Kueche-000276-\u00a9-Bruder-Klaus-Sachseln-1-1021x1024.jpg\" alt=\"\" class=\"wp-image-3141\"\/><\/figure>\n<\/div>\n\n\n\n<div class=\"wp-block-column is-layout-flow wp-block-column-is-layout-flow\" style=\"flex-basis:66.66%\">\n<h2 class=\"wp-block-heading\">La cuisine<\/h2>\n\n\n\n<p>Comme c&#8217;est encore le cas aujourd&#8217;hui dans les refuges alpins d&#8217;Obwald, la cuisine est ouverte jusqu&#8217;au toit. Cela permet \u00e0 la fum\u00e9e de la zone de cuisson de s&#8217;\u00e9chapper par le fa\u00eete. La bouilloire \u00e0 fromage, la baratte \u00e0 beurre, les cuill\u00e8res, les bols en bois et autres ustensiles ont \u00e9t\u00e9 donn\u00e9s par des agriculteurs locaux en 1946.<\/p>\n<\/div>\n<\/div>\n\n\n\n<div class=\"wp-block-columns is-layout-flex wp-container-core-columns-layout-3 wp-block-columns-is-layout-flex\">\n<div class=\"wp-block-column is-layout-flow wp-block-column-is-layout-flow\">\n<hr class=\"wp-block-separator\"\/>\n<\/div>\n<\/div>\n\n\n\n<div class=\"wp-block-columns is-layout-flex wp-container-core-columns-layout-7 wp-block-columns-is-layout-flex\">\n<div class=\"wp-block-column is-layout-flow wp-block-column-is-layout-flow\" style=\"flex-basis:100%\">\n<div class=\"wp-block-columns is-layout-flex wp-container-core-columns-layout-5 wp-block-columns-is-layout-flex\">\n<div class=\"wp-block-column is-layout-flow wp-block-column-is-layout-flow\">\n<div class=\"wp-block-columns is-layout-flex wp-container-core-columns-layout-4 wp-block-columns-is-layout-flex\">\n<div class=\"wp-block-column is-layout-flow wp-block-column-is-layout-flow\" style=\"flex-basis:33.33%\">\n<figure class=\"wp-block-image size-large\"><img decoding=\"async\" src=\"https:\/\/bruderklaus.com\/wp-content\/uploads\/2021\/03\/000337-Ofen-Wohnstube-1-1024x644.jpg\" alt=\"\" class=\"wp-image-5499\"\/><\/figure>\n<\/div>\n\n\n\n<div class=\"wp-block-column is-layout-flow wp-block-column-is-layout-flow\" style=\"flex-basis:66.66%\">\n<h2 class=\"wp-block-heading\">La salle de s\u00e9jour<\/h2>\n\n\n\n<p>Nicolas de Fl\u00fce y passait souvent la nuit pour trouver dans la pri\u00e8re la clart\u00e9 de sa vocation. Ici, il s&#8217;est efforc\u00e9 de prendre une d\u00e9cision. Le fourneau nous rappelle les veill\u00e9es de pri\u00e8re nocturne de Nicolas de Fl\u00fce, le chercheur de Dieu. Ici, il se tenait souvent la nuit pour trouver sa vocation. &nbsp;<\/p>\n\n\n\n<p>Son fils Hans notait dans la chronique de l\u2018\u00e9glise de Sachseln: \u00abChaque nuit lorsqu\u2019il se r\u00e9veillait, il entendait son p\u00e8re prier dans la salle de s\u00e9jour, pr\u00e8s du fourneau, jusqu\u2019au jour o\u00f9 il partit au Ranft\u00bb.<\/p>\n<\/div>\n<\/div>\n<\/div>\n<\/div>\n\n\n\n<div class=\"wp-block-columns is-layout-flex wp-container-core-columns-layout-6 wp-block-columns-is-layout-flex\">\n<div class=\"wp-block-column is-layout-flow wp-block-column-is-layout-flow\">\n<hr class=\"wp-block-separator\"\/>\n<\/div>\n<\/div>\n<\/div>\n<\/div>\n\n\n\n<div class=\"wp-block-columns is-layout-flex wp-container-core-columns-layout-9 wp-block-columns-is-layout-flex\">\n<div class=\"wp-block-column is-layout-flow wp-block-column-is-layout-flow\">\n<div class=\"wp-block-columns is-layout-flex wp-container-core-columns-layout-8 wp-block-columns-is-layout-flex\">\n<div class=\"wp-block-column is-layout-flow wp-block-column-is-layout-flow\" style=\"flex-basis:33.33%\">\n<figure class=\"wp-block-image size-large\"><img decoding=\"async\" src=\"https:\/\/bruderklaus.com\/wp-content\/uploads\/2021\/03\/WH_Eltern-Schlafgemach20180621_150507-1024x768.jpg\" alt=\"\" class=\"wp-image-5502\"\/><\/figure>\n<\/div>\n\n\n\n<div class=\"wp-block-column is-layout-flow wp-block-column-is-layout-flow\" style=\"flex-basis:66.66%\">\n<h2 class=\"wp-block-heading\"><strong>La chambre \u00e0 coucher des parents<\/strong><\/h2>\n\n\n\n<p>Derri\u00e8re la salle de s\u00e9jour se trouve la chambre \u00e0 coucher des parents et de l\u2019enfant le plus jeune.<\/p>\n\n\n\n<p>Les filles et les gar\u00e7ons plus \u00e2g\u00e9s ainsi que les employ\u00e9s dormaient \u00e0 l\u2019\u00e9tage sup\u00e9rieur. L\u00e0 se trouvaient quatre chambres. A cette \u00e9poque les gens dormaient sur des sacs de feuilles s\u00e8ches \u00e0 m\u00eame le sol.<\/p>\n<\/div>\n<\/div>\n<\/div>\n<\/div>\n\n\n\n<div class=\"wp-block-columns is-layout-flex wp-container-core-columns-layout-12 wp-block-columns-is-layout-flex\">\n<div class=\"wp-block-column is-layout-flow wp-block-column-is-layout-flow\">\n<div class=\"wp-block-columns is-layout-flex wp-container-core-columns-layout-10 wp-block-columns-is-layout-flex\">\n<div class=\"wp-block-column is-layout-flow wp-block-column-is-layout-flow\">\n<hr class=\"wp-block-separator\"\/>\n<\/div>\n<\/div>\n\n\n\n<div class=\"wp-block-columns is-layout-flex wp-container-core-columns-layout-11 wp-block-columns-is-layout-flex\">\n<div class=\"wp-block-column is-layout-flow wp-block-column-is-layout-flow\" style=\"flex-basis:33.33%\">\n<figure class=\"wp-block-image size-large\"><img decoding=\"async\" src=\"https:\/\/bruderklaus.com\/wp-content\/uploads\/2021\/03\/Neubeschilderung-Wohnhaus-von-Niklaus-und-Dorothee-Copyright-Bruder-Klaus-SachselnDSC_0017-25-1-1024x678.jpg\" alt=\"\" class=\"wp-image-5505\"\/><\/figure>\n<\/div>\n\n\n\n<div class=\"wp-block-column is-layout-flow wp-block-column-is-layout-flow\" style=\"flex-basis:66.66%\">\n<h2 class=\"wp-block-heading\"><strong>Nouvelle signal\u00e9tique<\/strong><\/h2>\n\n\n\n<p>En 2020, la maison a \u00e9t\u00e9 nouvellement signal\u00e9e comme residance de Nicolas et Doroth\u00e9e (Wohnhaus von Niklaus und Dorothee). C&#8217;est la premi\u00e8re fois que Dorot\u00e9ee Wyss b\u00e9n\u00e9ficie d&#8217;un signe visible \u00e0 Fl\u00fceli.<\/p>\n<\/div>\n<\/div>\n<\/div>\n<\/div>\n\n\n\n<div class=\"wp-block-columns is-layout-flex wp-container-core-columns-layout-13 wp-block-columns-is-layout-flex\">\n<div class=\"wp-block-column is-layout-flow wp-block-column-is-layout-flow\">\n<hr class=\"wp-block-separator\"\/>\n<\/div>\n<\/div>\n","protected":false},"excerpt":{"rendered":"<p>Maison d\u2019habitation de Nicolas et Doroth\u00e9e Nicolas de Fl\u00fce a construit la maison \u00e0 la Schiblochmatte en 1445\/6 lors de la fondation de son propre foyer. C\u2019est ici qu\u2019il a v\u00e9cu 20 ans avec sa femme Doroth\u00e9e Wyss et leurs dix enfants jusqu\u2019\u00e0 son d\u00e9part en p\u00e8lerinage le 16 octobre 1467 et son installation, peu [&hellip;]<\/p>\n","protected":false},"author":3,"featured_media":1357,"parent":9210,"menu_order":130,"comment_status":"closed","ping_status":"closed","template":"","meta":{"_acf_changed":false,"footnotes":""},"acf":[],"_links":{"self":[{"href":"https:\/\/bruderklaus.com\/fr\/wp-json\/wp\/v2\/pages\/9432"}],"collection":[{"href":"https:\/\/bruderklaus.com\/fr\/wp-json\/wp\/v2\/pages"}],"about":[{"href":"https:\/\/bruderklaus.com\/fr\/wp-json\/wp\/v2\/types\/page"}],"author":[{"embeddable":true,"href":"https:\/\/bruderklaus.com\/fr\/wp-json\/wp\/v2\/users\/3"}],"replies":[{"embeddable":true,"href":"https:\/\/bruderklaus.com\/fr\/wp-json\/wp\/v2\/comments?post=9432"}],"version-history":[{"count":5,"href":"https:\/\/bruderklaus.com\/fr\/wp-json\/wp\/v2\/pages\/9432\/revisions"}],"predecessor-version":[{"id":15815,"href":"https:\/\/bruderklaus.com\/fr\/wp-json\/wp\/v2\/pages\/9432\/revisions\/15815"}],"up":[{"embeddable":true,"href":"https:\/\/bruderklaus.com\/fr\/wp-json\/wp\/v2\/pages\/9210"}],"wp:featuredmedia":[{"embeddable":true,"href":"https:\/\/bruderklaus.com\/fr\/wp-json\/wp\/v2\/media\/1357"}],"wp:attachment":[{"href":"https:\/\/bruderklaus.com\/fr\/wp-json\/wp\/v2\/media?parent=9432"}],"curies":[{"name":"wp","href":"https:\/\/api.w.org\/{rel}","templated":true}]}}