{"id":9425,"date":"2021-01-26T21:42:56","date_gmt":"2021-01-26T21:42:56","guid":{"rendered":"https:\/\/bruderklaus.com\/visionenweg\/"},"modified":"2021-04-23T17:29:05","modified_gmt":"2021-04-23T15:29:05","slug":"visionenweg","status":"publish","type":"page","link":"https:\/\/bruderklaus.com\/fr\/orte-informationen\/pilgerwege\/visionenweg\/","title":{"rendered":"Le chemin des visions"},"content":{"rendered":"\n<h2 class=\"wp-block-heading\"><strong>Le chemin des visions<\/strong><\/h2>\n\n\n\n<p><strong>Le chemin de m\u00e9ditation <strong>\u00abchemin des visions\u00bb <\/strong>m\u00e8ne de Fl\u00fceli-Ranft \u00e0 Sachseln sur le sentier de randonn\u00e9e Bruderklausenweg (chemin de Fr\u00e8re Nicolas) n\u00b0 571 (chemin de Saint-Jacques\/Jakobsweg n\u00b0 4).<br><\/strong><\/p>\n\n\n\n<p>Six sculptures m\u00e9talliques de l&#8217;artiste d&#8217;Obwald Andr\u00e9 Bucher vous invitent \u00e0 contempler cinq visions de Nicolas de Fl\u00fce, et une exp\u00e9rience de sa femme Doroth\u00e9e Wyss. Le sentier de m\u00e9ditation commence \u00e0 la maison natale \u00e0 Fl\u00fceli-Ranft et se termine sur la tombe du fr\u00e8re Nicolas dans l&#8217;\u00e9glise paroissiale de Sachseln. Le chemin est librement accessible.<\/p>\n\n\n\n<p>D\u00e9nivellation : 240 m\u00e8tres<br>Temps de marche en descente : 45 minutes<br>Temps de marche en mont\u00e9e : 60 minutes<\/p>\n\n\n\n<p>Accordez-vous du temps pour le silence et la contemplation en plein air.<\/p>\n\n\n\n<p><a href=\"https:\/\/www.schweizmobil.ch\/de\/wanderland\/routen\/route-0571.html\">Route<\/a><\/p>\n\n\n\n<p><strong><strong>Les visions individuelles<\/strong><\/strong><\/p>\n\n\n\n<div class=\"wp-block-columns is-layout-flex wp-container-core-columns-layout-1 wp-block-columns-is-layout-flex\">\n<div class=\"wp-block-column is-layout-flow wp-block-column-is-layout-flow\">\n<figure class=\"wp-block-image size-large\"><img decoding=\"async\" width=\"1490\" height=\"2048\" src=\"https:\/\/bruderklaus.com\/wp-content\/uploads\/2021\/03\/000609-21.gif\" alt=\"\" class=\"wp-image-1634\"\/><\/figure>\n<\/div>\n\n\n\n<div class=\"wp-block-column is-layout-flow wp-block-column-is-layout-flow\">\n<p><strong>Vision 1: Pierre, \u00e9toile, huile sainte<\/strong><\/p>\n\n\n\n<p>Nicolas de Fl\u00fce voit d\u00e9j\u00e0 dans le ventre de sa m\u00e8re des signes qui lui montrent sa voie.<\/p>\n<\/div>\n<\/div>\n\n\n\n<div class=\"wp-block-columns is-layout-flex wp-container-core-columns-layout-2 wp-block-columns-is-layout-flex\">\n<div class=\"wp-block-column is-layout-flow wp-block-column-is-layout-flow\">\n<figure class=\"wp-block-image size-large\"><img decoding=\"async\" width=\"1423\" height=\"2048\" src=\"https:\/\/bruderklaus.com\/wp-content\/uploads\/2021\/03\/000610-3.gif\" alt=\"\" class=\"wp-image-822\"\/><\/figure>\n<\/div>\n\n\n\n<div class=\"wp-block-column is-layout-flow wp-block-column-is-layout-flow\">\n<p><strong>Vision 2: Une belle et haute tour<\/strong><\/p>\n\n\n\n<p>Nicolas, 16 ans, voit une haute tour \u00e0 l&#8217;endroit o\u00f9 il vivra plus tard en ermite. D\u00e8s lors, il recherche l&#8217;\u00ab\u00catre Uni\u00bb.<\/p>\n<\/div>\n<\/div>\n\n\n\n<div class=\"wp-block-columns is-layout-flex wp-container-core-columns-layout-3 wp-block-columns-is-layout-flex\">\n<div class=\"wp-block-column is-layout-flow wp-block-column-is-layout-flow\">\n<figure class=\"wp-block-image size-large\"><img decoding=\"async\" width=\"1890\" height=\"2048\" src=\"https:\/\/bruderklaus.com\/wp-content\/uploads\/2021\/03\/000611-41.gif\" alt=\"\" class=\"wp-image-1631\"\/><\/figure>\n<\/div>\n\n\n\n<div class=\"wp-block-column is-layout-flow wp-block-column-is-layout-flow\">\n<p><strong>Vision 3: D\u00e9cision du jeune homme<\/strong><\/p>\n\n\n\n<p>Nicolas rencontre trois hommes, le symbole du Dieu trinitaire, et d\u00e9cide de servir Dieu enti\u00e8rement \u00e0 partir de cet instant.<\/p>\n<\/div>\n<\/div>\n\n\n\n<div class=\"wp-block-columns is-layout-flex wp-container-core-columns-layout-4 wp-block-columns-is-layout-flex\">\n<div class=\"wp-block-column is-layout-flow wp-block-column-is-layout-flow\">\n<figure class=\"wp-block-image size-large\"><img decoding=\"async\" width=\"1729\" height=\"2048\" src=\"https:\/\/bruderklaus.com\/wp-content\/uploads\/2021\/03\/000678-101.jpg\" alt=\"\" class=\"wp-image-1628\" srcset=\"https:\/\/bruderklaus.com\/wp-content\/uploads\/2021\/03\/000678-101.jpg 2000w, https:\/\/bruderklaus.com\/wp-content\/uploads\/2021\/03\/000678-101-864x1024.jpg 864w, https:\/\/bruderklaus.com\/wp-content\/uploads\/2021\/03\/000678-101-768x910.jpg 768w, https:\/\/bruderklaus.com\/wp-content\/uploads\/2021\/03\/000678-101-253x300.jpg 253w, https:\/\/bruderklaus.com\/wp-content\/uploads\/2021\/03\/000678-101-1297x1536.jpg 1297w, https:\/\/bruderklaus.com\/wp-content\/uploads\/2021\/03\/000678-101-600x711.jpg 600w, https:\/\/bruderklaus.com\/wp-content\/uploads\/2021\/03\/000678-101.jpg 1729w\" sizes=\"(max-width: 1729px) 100vw, 1729px\" \/><\/figure>\n<\/div>\n\n\n\n<div class=\"wp-block-column is-layout-flow wp-block-column-is-layout-flow\">\n<p><strong>Vision 4: Vision du puits<\/strong><\/p>\n\n\n\n<p>Nicolas voit un puits d\u00e9bordant de vin, d&#8217;huile et de miel et r\u00e9alise qu&#8217;il est lui-m\u00eame ce puits.<\/p>\n<\/div>\n<\/div>\n\n\n\n<div class=\"wp-block-columns is-layout-flex wp-container-core-columns-layout-5 wp-block-columns-is-layout-flex\">\n<div class=\"wp-block-column is-layout-flow wp-block-column-is-layout-flow\">\n<figure class=\"wp-block-image size-large\"><img decoding=\"async\" width=\"1530\" height=\"2048\" src=\"https:\/\/bruderklaus.com\/wp-content\/uploads\/2021\/03\/000679-62.jpg\" alt=\"\" class=\"wp-image-1622\" srcset=\"https:\/\/bruderklaus.com\/wp-content\/uploads\/2021\/03\/000679-62.jpg 1530w, https:\/\/bruderklaus.com\/wp-content\/uploads\/2021\/03\/000679-62-224x300.jpg 224w, https:\/\/bruderklaus.com\/wp-content\/uploads\/2021\/03\/000679-62-765x1024.jpg 765w, https:\/\/bruderklaus.com\/wp-content\/uploads\/2021\/03\/000679-62-768x1028.jpg 768w, https:\/\/bruderklaus.com\/wp-content\/uploads\/2021\/03\/000679-62-1148x1536.jpg 1148w, https:\/\/bruderklaus.com\/wp-content\/uploads\/2021\/03\/000679-62-600x803.jpg 600w\" sizes=\"(max-width: 1530px) 100vw, 1530px\" \/><\/figure>\n<\/div>\n\n\n\n<div class=\"wp-block-column is-layout-flow wp-block-column-is-layout-flow\">\n<p><strong>Vision 5<\/strong>:<strong> Triple action de gr\u00e2ce<\/strong><\/p>\n\n\n\n<p>Dieu le P\u00e8re, Marie et le Fils remercient Nicolas d&#8217;\u00eatre venu au secours du Christ sur la Croix.<\/p>\n<\/div>\n<\/div>\n\n\n\n<div class=\"wp-block-columns is-layout-flex wp-container-core-columns-layout-6 wp-block-columns-is-layout-flex\">\n<div class=\"wp-block-column is-layout-flow wp-block-column-is-layout-flow\">\n<figure class=\"wp-block-image size-large\"><img decoding=\"async\" width=\"2023\" height=\"2000\" src=\"https:\/\/bruderklaus.com\/wp-content\/uploads\/2021\/03\/000680-71.jpg\" alt=\"\" class=\"wp-image-1625\" srcset=\"https:\/\/bruderklaus.com\/wp-content\/uploads\/2021\/03\/000680-71.jpg 2023w, https:\/\/bruderklaus.com\/wp-content\/uploads\/2021\/03\/000680-71-300x297.jpg 300w, https:\/\/bruderklaus.com\/wp-content\/uploads\/2021\/03\/000680-71-768x759.jpg 768w, https:\/\/bruderklaus.com\/wp-content\/uploads\/2021\/03\/000680-71-1024x1012.jpg 1024w, https:\/\/bruderklaus.com\/wp-content\/uploads\/2021\/03\/000680-71-1536x1519.jpg 1536w, https:\/\/bruderklaus.com\/wp-content\/uploads\/2021\/03\/000680-71-600x593.jpg 600w, https:\/\/bruderklaus.com\/wp-content\/uploads\/2021\/03\/000680-71-100x100.jpg 100w\" sizes=\"(max-width: 2023px) 100vw, 2023px\" \/><\/figure>\n<\/div>\n\n\n\n<div class=\"wp-block-column is-layout-flow wp-block-column-is-layout-flow\">\n<p><strong>Vision 6: L&#8217;exp\u00e9rience de Doroth\u00e9e \u00e0 P\u00e2ques<\/strong><\/p>\n\n\n\n<p>Des visions traversent la vie de Nicolas de Fl\u00fce. Doroth\u00e9e suit le mouvement, m\u00eame si elle ne comprend pas tout. Sur la tombe de son mari, un messager la r\u00e9conforte en disant qu&#8217;il a vu Nicolas avec le drapeau de la victoire en signe d&#8217;d\u2019accomplissement.<\/p>\n<\/div>\n<\/div>\n\n\n\n<p>Brochure <strong>\u00ab<\/strong>Chemin des visions<strong>\u00bb<\/strong>, disponible aupr\u00e8s du bureau des p\u00e8lerinages de Sachseln.<\/p>\n\n\n\n<p class=\"has-text-align-left\">Promenade accompagn\u00e9e\/visite guid\u00e9e:<br>Luzia Maria Ledergerber, <a href=\"mailto:lml@herzbiografie.ch\">lml@herzbiografie.ch<\/a>, +41 (0)79 364 05 92<\/p>\n","protected":false},"excerpt":{"rendered":"<p>Le chemin des visions Le chemin de m\u00e9ditation \u00abchemin des visions\u00bb m\u00e8ne de Fl\u00fceli-Ranft \u00e0 Sachseln sur le sentier de randonn\u00e9e Bruderklausenweg (chemin de Fr\u00e8re Nicolas) n\u00b0 571 (chemin de Saint-Jacques\/Jakobsweg n\u00b0 4). Six sculptures m\u00e9talliques de l&#8217;artiste d&#8217;Obwald Andr\u00e9 Bucher vous invitent \u00e0 contempler cinq visions de Nicolas de Fl\u00fce, et une exp\u00e9rience de [&hellip;]<\/p>\n","protected":false},"author":3,"featured_media":1545,"parent":9608,"menu_order":290,"comment_status":"closed","ping_status":"closed","template":"","meta":{"_acf_changed":false,"footnotes":""},"acf":[],"_links":{"self":[{"href":"https:\/\/bruderklaus.com\/fr\/wp-json\/wp\/v2\/pages\/9425"}],"collection":[{"href":"https:\/\/bruderklaus.com\/fr\/wp-json\/wp\/v2\/pages"}],"about":[{"href":"https:\/\/bruderklaus.com\/fr\/wp-json\/wp\/v2\/types\/page"}],"author":[{"embeddable":true,"href":"https:\/\/bruderklaus.com\/fr\/wp-json\/wp\/v2\/users\/3"}],"replies":[{"embeddable":true,"href":"https:\/\/bruderklaus.com\/fr\/wp-json\/wp\/v2\/comments?post=9425"}],"version-history":[{"count":2,"href":"https:\/\/bruderklaus.com\/fr\/wp-json\/wp\/v2\/pages\/9425\/revisions"}],"predecessor-version":[{"id":9427,"href":"https:\/\/bruderklaus.com\/fr\/wp-json\/wp\/v2\/pages\/9425\/revisions\/9427"}],"up":[{"embeddable":true,"href":"https:\/\/bruderklaus.com\/fr\/wp-json\/wp\/v2\/pages\/9608"}],"wp:featuredmedia":[{"embeddable":true,"href":"https:\/\/bruderklaus.com\/fr\/wp-json\/wp\/v2\/media\/1545"}],"wp:attachment":[{"href":"https:\/\/bruderklaus.com\/fr\/wp-json\/wp\/v2\/media?parent=9425"}],"curies":[{"name":"wp","href":"https:\/\/api.w.org\/{rel}","templated":true}]}}