{"id":9421,"date":"2021-01-26T21:42:56","date_gmt":"2021-01-26T21:42:56","guid":{"rendered":"https:\/\/bruderklaus.com\/sachseln\/"},"modified":"2021-04-23T17:22:21","modified_gmt":"2021-04-23T15:22:21","slug":"sachseln","status":"publish","type":"page","link":"https:\/\/bruderklaus.com\/fr\/orte-informationen\/sachseln\/","title":{"rendered":"Sachseln"},"content":{"rendered":"\n<h2 class=\"wp-block-heading\"><strong>Lieu de p\u00e8lerinage de Sachseln<\/strong><\/h2>\n\n\n\n<p><strong>Sachseln est un lieu de p\u00e8lerinage r\u00e9put\u00e9 et une destination de vacances reposante au bord du lac de Sarnen, avec un large \u00e9ventail d&#8217;activit\u00e9s de loisirs sur le lac et dans les montagnes.<\/strong><\/p>\n\n\n\n<p>Gr\u00e2ce \u00e0 sa situation centrale, Sachseln est un point de d\u00e9part id\u00e9al pour des excursions par le col du Br\u00fcnig vers Interlaken, ainsi que vers Lucerne et le lac des Quatre-Cantons. Les montagnes d&#8217;excursion Pilatus, Rigi, Titlis, l&#8217;Oberland bernois et la r\u00e9gion de la Jungfrau vous invitent \u00e0 l&#8217;exploration.<\/p>\n\n\n\n<p>Saviez-vous que le centre spirituel, le <strong>Ranft<\/strong> de Fr\u00e8re Nicolas, ainsi que le centre g\u00e9ographique de la Suisse, <strong>l&#8217;\u00c4lggialp<\/strong>, sont situ\u00e9s dans la commune de Sachseln?<\/p>\n\n\n\n<p>Les stations de sports d&#8217;hiver voisines de Melchsee-Frutt, Meiringen-Hasliberg et Engelberg offrent des pistes id\u00e9ales pour les skieurs, les snowboarders et les lugeurs. En hiver, les randonneurs et les skieurs de fond profitent des sentiers et des pistes de ski de fond dans la r\u00e9gion de Langis, au-dessus de Sarnen.<\/p>\n","protected":false},"excerpt":{"rendered":"<p>Lieu de p\u00e8lerinage de Sachseln Sachseln est un lieu de p\u00e8lerinage r\u00e9put\u00e9 et une destination de vacances reposante au bord du lac de Sarnen, avec un large \u00e9ventail d&#8217;activit\u00e9s de loisirs sur le lac et dans les montagnes. Gr\u00e2ce \u00e0 sa situation centrale, Sachseln est un point de d\u00e9part id\u00e9al pour des excursions par le [&hellip;]<\/p>\n","protected":false},"author":3,"featured_media":3301,"parent":9444,"menu_order":10,"comment_status":"closed","ping_status":"closed","template":"","meta":{"_acf_changed":false,"footnotes":""},"acf":[],"_links":{"self":[{"href":"https:\/\/bruderklaus.com\/fr\/wp-json\/wp\/v2\/pages\/9421"}],"collection":[{"href":"https:\/\/bruderklaus.com\/fr\/wp-json\/wp\/v2\/pages"}],"about":[{"href":"https:\/\/bruderklaus.com\/fr\/wp-json\/wp\/v2\/types\/page"}],"author":[{"embeddable":true,"href":"https:\/\/bruderklaus.com\/fr\/wp-json\/wp\/v2\/users\/3"}],"replies":[{"embeddable":true,"href":"https:\/\/bruderklaus.com\/fr\/wp-json\/wp\/v2\/comments?post=9421"}],"version-history":[{"count":1,"href":"https:\/\/bruderklaus.com\/fr\/wp-json\/wp\/v2\/pages\/9421\/revisions"}],"predecessor-version":[{"id":9423,"href":"https:\/\/bruderklaus.com\/fr\/wp-json\/wp\/v2\/pages\/9421\/revisions\/9423"}],"up":[{"embeddable":true,"href":"https:\/\/bruderklaus.com\/fr\/wp-json\/wp\/v2\/pages\/9444"}],"wp:featuredmedia":[{"embeddable":true,"href":"https:\/\/bruderklaus.com\/fr\/wp-json\/wp\/v2\/media\/3301"}],"wp:attachment":[{"href":"https:\/\/bruderklaus.com\/fr\/wp-json\/wp\/v2\/media?parent=9421"}],"curies":[{"name":"wp","href":"https:\/\/api.w.org\/{rel}","templated":true}]}}