{"id":9416,"date":"2021-03-15T21:33:57","date_gmt":"2021-03-15T21:33:57","guid":{"rendered":"https:\/\/bruderklaus.com\/melchtal\/"},"modified":"2021-05-18T17:05:41","modified_gmt":"2021-05-18T15:05:41","slug":"melchtal","status":"publish","type":"page","link":"https:\/\/bruderklaus.com\/fr\/orte-informationen\/weitere-orte\/melchtal\/","title":{"rendered":"Melchtal"},"content":{"rendered":"\n<h2 class=\"wp-block-heading\"><strong>\u00c9glise de p\u00e8lerinage de Melchtal<\/strong><\/h2>\n\n\n\n<div class=\"wp-block-columns is-layout-flex wp-container-core-columns-layout-1 wp-block-columns-is-layout-flex\">\n<div class=\"wp-block-column is-layout-flow wp-block-column-is-layout-flow\" style=\"flex-basis:33.33%\">\n<figure class=\"wp-block-image size-large\"><img decoding=\"async\" width=\"1024\" height=\"681\" src=\"https:\/\/bruderklaus.com\/wp-content\/uploads\/2021\/03\/Kloster_Melchtal_Orgel-1024x681.jpg\" alt=\"\" class=\"wp-image-3913\" srcset=\"https:\/\/bruderklaus.com\/wp-content\/uploads\/2021\/03\/Kloster_Melchtal_Orgel-1024x681.jpg 1024w, https:\/\/bruderklaus.com\/wp-content\/uploads\/2021\/03\/Kloster_Melchtal_Orgel-300x199.jpg 300w, https:\/\/bruderklaus.com\/wp-content\/uploads\/2021\/03\/Kloster_Melchtal_Orgel-768x511.jpg 768w, https:\/\/bruderklaus.com\/wp-content\/uploads\/2021\/03\/Kloster_Melchtal_Orgel-1536x1021.jpg 1536w, https:\/\/bruderklaus.com\/wp-content\/uploads\/2021\/03\/Kloster_Melchtal_Orgel.jpg 2048w, https:\/\/bruderklaus.com\/wp-content\/uploads\/2021\/03\/Kloster_Melchtal_Orgel-600x399.jpg 600w\" sizes=\"(max-width: 1024px) 100vw, 1024px\" \/><\/figure>\n<\/div>\n\n\n\n<div class=\"wp-block-column is-layout-flow wp-block-column-is-layout-flow\" style=\"flex-basis:66.66%\">\n<p>L&#8217;origine de la v\u00e9n\u00e9ration de la M\u00e8re de Dieu \u00e0 Melchtal remonte au Fr\u00e8re Nicolas. La premi\u00e8re statue de la Vierge de la chapelle du Ranft est arriv\u00e9e \u00e0 Melchtal lors d&#8217;une procession solennelle vers 1761. Les peintures du plafond de la chapelle de la Gr\u00e2ce en t\u00e9moignent. On y trouve \u00e9galement une relique du saint du Ranft.<\/p>\n\n\n<p><a class=\"c-btn-main\"  href=\"https:\/\/2021.bruderklaus.com\/produkt\/pfarr-und-wallfahrtskirche-melchtal\/\">\u00c9glise de p\u00e8lerinage de Melchtal<\/a><\/p><\/div>\n<\/div>\n\n\n<p><a class=\"c-btn-main\"  href=\"https:\/\/2021.bruderklaus.com\/orte-informationen\/pilgerwege\/\">Routes<\/a><\/p>","protected":false},"excerpt":{"rendered":"<p>\u00c9glise de p\u00e8lerinage de Melchtal L&#8217;origine de la v\u00e9n\u00e9ration de la M\u00e8re de Dieu \u00e0 Melchtal remonte au Fr\u00e8re Nicolas. La premi\u00e8re statue de la Vierge de la chapelle du Ranft est arriv\u00e9e \u00e0 Melchtal lors d&#8217;une procession solennelle vers 1761. Les peintures du plafond de la chapelle de la Gr\u00e2ce en t\u00e9moignent. On y [&hellip;]<\/p>\n","protected":false},"author":3,"featured_media":3919,"parent":9680,"menu_order":5,"comment_status":"closed","ping_status":"closed","template":"","meta":{"_acf_changed":false,"footnotes":""},"acf":[],"_links":{"self":[{"href":"https:\/\/bruderklaus.com\/fr\/wp-json\/wp\/v2\/pages\/9416"}],"collection":[{"href":"https:\/\/bruderklaus.com\/fr\/wp-json\/wp\/v2\/pages"}],"about":[{"href":"https:\/\/bruderklaus.com\/fr\/wp-json\/wp\/v2\/types\/page"}],"author":[{"embeddable":true,"href":"https:\/\/bruderklaus.com\/fr\/wp-json\/wp\/v2\/users\/3"}],"replies":[{"embeddable":true,"href":"https:\/\/bruderklaus.com\/fr\/wp-json\/wp\/v2\/comments?post=9416"}],"version-history":[{"count":3,"href":"https:\/\/bruderklaus.com\/fr\/wp-json\/wp\/v2\/pages\/9416\/revisions"}],"predecessor-version":[{"id":10619,"href":"https:\/\/bruderklaus.com\/fr\/wp-json\/wp\/v2\/pages\/9416\/revisions\/10619"}],"up":[{"embeddable":true,"href":"https:\/\/bruderklaus.com\/fr\/wp-json\/wp\/v2\/pages\/9680"}],"wp:featuredmedia":[{"embeddable":true,"href":"https:\/\/bruderklaus.com\/fr\/wp-json\/wp\/v2\/media\/3919"}],"wp:attachment":[{"href":"https:\/\/bruderklaus.com\/fr\/wp-json\/wp\/v2\/media?parent=9416"}],"curies":[{"name":"wp","href":"https:\/\/api.w.org\/{rel}","templated":true}]}}