{"id":9377,"date":"2021-01-26T21:42:56","date_gmt":"2021-01-26T21:42:56","guid":{"rendered":"https:\/\/bruderklaus.com\/ranft\/untere-ranftkapelle\/"},"modified":"2021-04-23T16:02:34","modified_gmt":"2021-04-23T14:02:34","slug":"untere-ranftkapelle","status":"publish","type":"page","link":"https:\/\/bruderklaus.com\/fr\/orte-informationen\/ranft\/untere-ranftkapelle\/","title":{"rendered":"Chapelle inf\u00e9rieure"},"content":{"rendered":"\n<h2 class=\"wp-block-heading\"><strong>La chapelle inf\u00e9rieure du Ranft<\/strong><\/h2>\n\n\n\n<figure class=\"wp-block-image size-large\"><img decoding=\"async\" width=\"1024\" height=\"685\" src=\"https:\/\/bruderklaus.com\/wp-content\/uploads\/2021\/03\/untere-kapelledsc_0109-3-1024x685-1.jpg\" alt=\"\" class=\"wp-image-1550\" srcset=\"https:\/\/bruderklaus.com\/wp-content\/uploads\/2021\/03\/untere-kapelledsc_0109-3-1024x685-1.jpg 1024w, https:\/\/bruderklaus.com\/wp-content\/uploads\/2021\/03\/untere-kapelledsc_0109-3-1024x685-1-300x201.jpg 300w, https:\/\/bruderklaus.com\/wp-content\/uploads\/2021\/03\/untere-kapelledsc_0109-3-1024x685-1-768x514.jpg 768w, https:\/\/bruderklaus.com\/wp-content\/uploads\/2021\/03\/untere-kapelledsc_0109-3-1024x685-1-600x401.jpg 600w\" sizes=\"(max-width: 1024px) 100vw, 1024px\" \/><\/figure>\n\n\n\n<div class=\"wp-block-columns is-layout-flex wp-container-core-columns-layout-1 wp-block-columns-is-layout-flex\">\n<div class=\"wp-block-column is-layout-flow wp-block-column-is-layout-flow\" style=\"flex-basis:25%\"><\/div>\n\n\n\n<div class=\"wp-block-column is-layout-flow wp-block-column-is-layout-flow\" style=\"flex-basis:50%\"><\/div>\n\n\n\n<div class=\"wp-block-column is-layout-flow wp-block-column-is-layout-flow\" style=\"flex-basis:25%\"><\/div>\n<\/div>\n\n\n\n<div class=\"wp-block-columns is-layout-flex wp-container-core-columns-layout-2 wp-block-columns-is-layout-flex\">\n<div class=\"wp-block-column is-layout-flow wp-block-column-is-layout-flow\" style=\"flex-basis:33.33%\">\n<figure class=\"wp-block-image size-large\"><img decoding=\"async\" width=\"1024\" height=\"805\" src=\"https:\/\/bruderklaus.com\/wp-content\/uploads\/2021\/03\/orte_ranft_untere-kapelle_innen00006711-1024x805.jpg\" alt=\"\" class=\"wp-image-1864\" srcset=\"https:\/\/bruderklaus.com\/wp-content\/uploads\/2021\/03\/orte_ranft_untere-kapelle_innen00006711-1024x805.jpg 1024w, https:\/\/bruderklaus.com\/wp-content\/uploads\/2021\/03\/orte_ranft_untere-kapelle_innen00006711-300x236.jpg 300w, https:\/\/bruderklaus.com\/wp-content\/uploads\/2021\/03\/orte_ranft_untere-kapelle_innen00006711-768x604.jpg 768w, https:\/\/bruderklaus.com\/wp-content\/uploads\/2021\/03\/orte_ranft_untere-kapelle_innen00006711-1536x1208.jpg 1536w, https:\/\/bruderklaus.com\/wp-content\/uploads\/2021\/03\/orte_ranft_untere-kapelle_innen00006711.jpg 2048w, https:\/\/bruderklaus.com\/wp-content\/uploads\/2021\/03\/orte_ranft_untere-kapelle_innen00006711-600x472.jpg 600w\" sizes=\"(max-width: 1024px) 100vw, 1024px\" \/><\/figure>\n<\/div>\n\n\n\n<div class=\"wp-block-column is-layout-flow wp-block-column-is-layout-flow\" style=\"flex-basis:66.66%\">\n<p>Apr\u00e8s la mort de Fr\u00e8re Nicolas, l\u2019affluence des p\u00e8lerins augmenta. En 1501, cette plus grande<\/p>\n\n\n\n<p>chapelle fut construite et en 1504 \u2013 comme la chapelle sup\u00e9rieure \u2013 elle fut consacr\u00e9e \u00e0 Marie, m\u00e8re de Dieu et \u00e0 Marie de Magdala de la Sainte Croix et aux 10 000 martyrs. La chapelle est l\u2019un des plus beaux exemples de l\u2019art architectural du gothique tardif et offre une riche ornementation de fresques.<\/p>\n\n\n\n<p>Les peintures murales du ch\u0153ur remontent \u00e0 l\u2019\u00e9poque de la construction. Aux parois lat\u00e9rales, on peut admirer des sc\u00e8nes de la vie de Fr\u00e8re Nicolas et de la Passion du Christ du d\u00e9but du 16i\u00e8me si\u00e8cle.<\/p>\n<\/div>\n<\/div>\n\n\n\n<div class=\"wp-block-columns is-layout-flex wp-container-core-columns-layout-3 wp-block-columns-is-layout-flex\">\n<div class=\"wp-block-column is-layout-flow wp-block-column-is-layout-flow\">\n<hr class=\"wp-block-separator\"\/>\n<\/div>\n<\/div>\n\n\n\n<div class=\"wp-block-columns is-layout-flex wp-container-core-columns-layout-4 wp-block-columns-is-layout-flex\">\n<div class=\"wp-block-column is-layout-flow wp-block-column-is-layout-flow\" style=\"flex-basis:33.33%\">\n<figure class=\"wp-block-image size-large\"><img decoding=\"async\" width=\"500\" height=\"409\" src=\"https:\/\/bruderklaus.com\/wp-content\/uploads\/2021\/03\/Ranft_untere-Kapelle_Fresko-000346-\u00a9-Bruder-Klaus-Sachseln.jpg\" alt=\"\" class=\"wp-image-3235\" srcset=\"https:\/\/bruderklaus.com\/wp-content\/uploads\/2021\/03\/Ranft_untere-Kapelle_Fresko-000346-\u00a9-Bruder-Klaus-Sachseln.jpg 500w, https:\/\/bruderklaus.com\/wp-content\/uploads\/2021\/03\/Ranft_untere-Kapelle_Fresko-000346-\u00a9-Bruder-Klaus-Sachseln-300x245.jpg 300w\" sizes=\"(max-width: 500px) 100vw, 500px\" \/><\/figure>\n<\/div>\n\n\n\n<div class=\"wp-block-column is-layout-flow wp-block-column-is-layout-flow\" style=\"flex-basis:66.66%\">\n<p>Le mur du fond est orn\u00e9 d&#8217;une peinture votive monumentale dans la tradition des ex-votos peints. Il montre superficiellement comment la Suisse a \u00e9t\u00e9 \u00e9pargn\u00e9e pendant la Premi\u00e8re Guerre mondiale gr\u00e2ce \u00e0 l&#8217;intercession du Fr\u00e8re Nicolas.<\/p>\n\n\n\n<p>Conception: Robert Durrer<br>Mise en \u0153uvre: Robert Durrer, Albert Hinter, Hans von Matt<br>au nom de l&#8217;Association catholique suisse du peuple<\/p>\n<\/div>\n<\/div>\n\n\n\n<div class=\"wp-block-columns is-layout-flex wp-container-core-columns-layout-5 wp-block-columns-is-layout-flex\"><\/div>\n","protected":false},"excerpt":{"rendered":"<p>La chapelle inf\u00e9rieure du Ranft Apr\u00e8s la mort de Fr\u00e8re Nicolas, l\u2019affluence des p\u00e8lerins augmenta. En 1501, cette plus grande chapelle fut construite et en 1504 \u2013 comme la chapelle sup\u00e9rieure \u2013 elle fut consacr\u00e9e \u00e0 Marie, m\u00e8re de Dieu et \u00e0 Marie de Magdala de la Sainte Croix et aux 10 000 martyrs. La [&hellip;]<\/p>\n","protected":false},"author":3,"featured_media":2334,"parent":9180,"menu_order":225,"comment_status":"closed","ping_status":"closed","template":"","meta":{"_acf_changed":false,"footnotes":""},"acf":[],"_links":{"self":[{"href":"https:\/\/bruderklaus.com\/fr\/wp-json\/wp\/v2\/pages\/9377"}],"collection":[{"href":"https:\/\/bruderklaus.com\/fr\/wp-json\/wp\/v2\/pages"}],"about":[{"href":"https:\/\/bruderklaus.com\/fr\/wp-json\/wp\/v2\/types\/page"}],"author":[{"embeddable":true,"href":"https:\/\/bruderklaus.com\/fr\/wp-json\/wp\/v2\/users\/3"}],"replies":[{"embeddable":true,"href":"https:\/\/bruderklaus.com\/fr\/wp-json\/wp\/v2\/comments?post=9377"}],"version-history":[{"count":2,"href":"https:\/\/bruderklaus.com\/fr\/wp-json\/wp\/v2\/pages\/9377\/revisions"}],"predecessor-version":[{"id":9380,"href":"https:\/\/bruderklaus.com\/fr\/wp-json\/wp\/v2\/pages\/9377\/revisions\/9380"}],"up":[{"embeddable":true,"href":"https:\/\/bruderklaus.com\/fr\/wp-json\/wp\/v2\/pages\/9180"}],"wp:featuredmedia":[{"embeddable":true,"href":"https:\/\/bruderklaus.com\/fr\/wp-json\/wp\/v2\/media\/2334"}],"wp:attachment":[{"href":"https:\/\/bruderklaus.com\/fr\/wp-json\/wp\/v2\/media?parent=9377"}],"curies":[{"name":"wp","href":"https:\/\/api.w.org\/{rel}","templated":true}]}}