{"id":9373,"date":"2021-01-26T21:42:56","date_gmt":"2021-01-26T21:42:56","guid":{"rendered":"https:\/\/bruderklaus.com\/ranft\/ranftmobil\/"},"modified":"2021-06-22T15:33:22","modified_gmt":"2021-06-22T13:33:22","slug":"ranftmobil","status":"publish","type":"page","link":"https:\/\/bruderklaus.com\/fr\/orte-informationen\/ranft\/ranftmobil\/","title":{"rendered":"Ranft-Mobil"},"content":{"rendered":"\n<div class=\"wp-block-group is-layout-flow wp-block-group-is-layout-flow\"><div class=\"wp-block-group__inner-container\">\n<h2 class=\"wp-block-heading\" id=\"vehicule-electrique-accompagne\"><strong><strong><strong>V\u00e9hicule \u00e9lectrique accompagn\u00e9<\/strong><\/strong><\/strong><\/h2>\n\n\n\n<div class=\"wp-block-columns is-layout-flex wp-container-core-columns-layout-1 wp-block-columns-is-layout-flex\">\n<div class=\"wp-block-column is-layout-flow wp-block-column-is-layout-flow\" style=\"flex-basis:33.33%\">\n<figure class=\"wp-block-image size-large\"><img decoding=\"async\" width=\"1024\" height=\"966\" src=\"https:\/\/bruderklaus.com\/wp-content\/uploads\/2021\/03\/img_2363-rm2-aufwrts-beim-kreuz_geschn1-1024x966.jpg\" alt=\"\" class=\"wp-image-2254\" srcset=\"https:\/\/bruderklaus.com\/wp-content\/uploads\/2021\/03\/img_2363-rm2-aufwrts-beim-kreuz_geschn1-1024x966.jpg 1024w, https:\/\/bruderklaus.com\/wp-content\/uploads\/2021\/03\/img_2363-rm2-aufwrts-beim-kreuz_geschn1-300x283.jpg 300w, https:\/\/bruderklaus.com\/wp-content\/uploads\/2021\/03\/img_2363-rm2-aufwrts-beim-kreuz_geschn1-768x725.jpg 768w, https:\/\/bruderklaus.com\/wp-content\/uploads\/2021\/03\/img_2363-rm2-aufwrts-beim-kreuz_geschn1-1536x1450.jpg 1536w, https:\/\/bruderklaus.com\/wp-content\/uploads\/2021\/03\/img_2363-rm2-aufwrts-beim-kreuz_geschn1.jpg 2048w, https:\/\/bruderklaus.com\/wp-content\/uploads\/2021\/03\/img_2363-rm2-aufwrts-beim-kreuz_geschn1-600x566.jpg 600w\" sizes=\"(max-width: 1024px) 100vw, 1024px\" \/><\/figure>\n<\/div>\n\n\n\n<div class=\"wp-block-column is-layout-flow wp-block-column-is-layout-flow\" style=\"flex-basis:66.66%\">\n<p><strong>Ranft-Mobil<\/strong><\/p>\n\n\n\n<p>V\u00e9hicule \u00e9lectrique accompagn\u00e9 pour les personnes qui ne peuvent pas se rendre au Ranft par leurs propres moyens. <\/p>\n\n\n\n<p>Participation aux frais, r\u00e9servation \u00e0 l&#8217;avance. +41 41 670 30 30, <br>ranft-mobil.ch<\/p>\n\n\n\n<p><a href=\"https:\/\/ranft-mobil.ch\/index.php\">Inscription<\/a><\/p>\n<\/div>\n<\/div>\n<\/div><\/div>\n","protected":false},"excerpt":{"rendered":"","protected":false},"author":3,"featured_media":3494,"parent":9180,"menu_order":299,"comment_status":"closed","ping_status":"closed","template":"","meta":{"_acf_changed":false,"footnotes":""},"acf":[],"_links":{"self":[{"href":"https:\/\/bruderklaus.com\/fr\/wp-json\/wp\/v2\/pages\/9373"}],"collection":[{"href":"https:\/\/bruderklaus.com\/fr\/wp-json\/wp\/v2\/pages"}],"about":[{"href":"https:\/\/bruderklaus.com\/fr\/wp-json\/wp\/v2\/types\/page"}],"author":[{"embeddable":true,"href":"https:\/\/bruderklaus.com\/fr\/wp-json\/wp\/v2\/users\/3"}],"replies":[{"embeddable":true,"href":"https:\/\/bruderklaus.com\/fr\/wp-json\/wp\/v2\/comments?post=9373"}],"version-history":[{"count":2,"href":"https:\/\/bruderklaus.com\/fr\/wp-json\/wp\/v2\/pages\/9373\/revisions"}],"predecessor-version":[{"id":11470,"href":"https:\/\/bruderklaus.com\/fr\/wp-json\/wp\/v2\/pages\/9373\/revisions\/11470"}],"up":[{"embeddable":true,"href":"https:\/\/bruderklaus.com\/fr\/wp-json\/wp\/v2\/pages\/9180"}],"wp:featuredmedia":[{"embeddable":true,"href":"https:\/\/bruderklaus.com\/fr\/wp-json\/wp\/v2\/media\/3494"}],"wp:attachment":[{"href":"https:\/\/bruderklaus.com\/fr\/wp-json\/wp\/v2\/media?parent=9373"}],"curies":[{"name":"wp","href":"https:\/\/api.w.org\/{rel}","templated":true}]}}