{"id":9353,"date":"2021-01-26T21:42:56","date_gmt":"2021-01-26T21:42:56","guid":{"rendered":"https:\/\/bruderklaus.com\/ranft\/einsiedelei-obere-ranftkapelle-und-zelle\/"},"modified":"2021-04-23T15:16:25","modified_gmt":"2021-04-23T13:16:25","slug":"einsiedelei-obere-ranftkapelle-und-zelle","status":"publish","type":"page","link":"https:\/\/bruderklaus.com\/fr\/orte-informationen\/ranft\/einsiedelei-obere-ranftkapelle-und-zelle\/","title":{"rendered":"Aspiration \u00e0 la Paix"},"content":{"rendered":"\n<figure class=\"wp-block-image size-large\"><img decoding=\"async\" width=\"1024\" height=\"454\" src=\"https:\/\/bruderklaus.com\/wp-content\/uploads\/2021\/03\/03-bruder-klaus-statue-11-1024x454.jpg\" alt=\"\" class=\"wp-image-2098\" srcset=\"https:\/\/bruderklaus.com\/wp-content\/uploads\/2021\/03\/03-bruder-klaus-statue-11-1024x454.jpg 1024w, https:\/\/bruderklaus.com\/wp-content\/uploads\/2021\/03\/03-bruder-klaus-statue-11.jpg 2000w, https:\/\/bruderklaus.com\/wp-content\/uploads\/2021\/03\/03-bruder-klaus-statue-11-300x133.jpg 300w, https:\/\/bruderklaus.com\/wp-content\/uploads\/2021\/03\/03-bruder-klaus-statue-11-768x340.jpg 768w, https:\/\/bruderklaus.com\/wp-content\/uploads\/2021\/03\/03-bruder-klaus-statue-11-1536x680.jpg 1536w, https:\/\/bruderklaus.com\/wp-content\/uploads\/2021\/03\/03-bruder-klaus-statue-11-600x266.jpg 600w\" sizes=\"(max-width: 1024px) 100vw, 1024px\" \/><\/figure>\n\n\n\n<p><\/p>\n\n\n\n<h2 class=\"wp-block-heading\"><strong>Ranft \u2013 Aspiration \u00e0 la Paix<\/strong><\/h2>\n\n\n\n<p><\/p>\n\n\n\n<p><strong>Un lieu tr\u00e8s proche et en m\u00eame temps lointain, indissociablement li\u00e9 \u00e0 Fr\u00e8re Nicolas.<br>Le Ranft est un lieu de silence, d\u2019inspiration et de pri\u00e8re, une oasis de paix et de recueillement.<br>Un lieu g\u00e9ographiquement r\u00e9el ainsi qu&#8217;un un lieu spirituel.<\/strong><\/p>\n\n\n\n<p>Le Ranft n&#8217;est pas facile \u00e0 atteindre. Non sans une descente et une mont\u00e9e plut\u00f4t raide. Le Ranft comprend les deux chapelles, l&#8217;ermitage, la nature sauvage, la Melchaa, la for\u00eat, des rochers et Fr\u00e8re Nicolas.<\/p>\n\n\n\n<p>Le Ranft repr\u00e9sente \u00e9galement la rupture dans la biographie de Nicolas de Fl\u00fce, sa d\u00e9cision de vivre une vie diff\u00e9rente &#8211; en dialogue avec Dieu.<\/p>\n\n\n\n<p>C&#8217;est l\u00e0 qu&#8217;il a v\u00e9cu de 1467 \u00e0 sa mort, le 21 mars 1487, en tant qu&#8217;ermite, mystique et conseiller Fr\u00e8re Nicolas. Ici, il a pri\u00e9, je\u00fbn\u00e9 et r\u00e9fl\u00e9chi. C&#8217;est ici que Fr\u00e8re Nicolas de Fl\u00fce est devenu un pacificateur.<\/p>\n\n\n\n<div class=\"wp-block-media-text alignwide is-stacked-on-mobile is-vertically-aligned-top is-image-fill block-box-wrap gebete-block has-color-26-background-color has-background\"><figure class=\"wp-block-media-text__media\" style=\"background-image:url(https:\/\/bruderklaus.com\/wp-content\/uploads\/2021\/04\/1452-2372-bearbeitet-684x1024.jpeg);background-position:50% 50%\"><img decoding=\"async\" width=\"684\" height=\"1024\" src=\"https:\/\/bruderklaus.com\/wp-content\/uploads\/2021\/04\/1452-2372-bearbeitet-684x1024.jpeg\" alt=\"\" class=\"wp-image-9134 size-full\" srcset=\"https:\/\/bruderklaus.com\/wp-content\/uploads\/2021\/04\/1452-2372-bearbeitet-684x1024.jpeg 684w, https:\/\/bruderklaus.com\/wp-content\/uploads\/2021\/04\/1452-2372-bearbeitet-1025x1536.jpeg 1025w, https:\/\/bruderklaus.com\/wp-content\/uploads\/2021\/04\/1452-2372-bearbeitet-600x899.jpeg 600w, https:\/\/bruderklaus.com\/wp-content\/uploads\/2021\/04\/1452-2372-bearbeitet.jpeg 1068w, https:\/\/bruderklaus.com\/wp-content\/uploads\/2021\/04\/1452-2372-bearbeitet-200x300.jpeg 200w, https:\/\/bruderklaus.com\/wp-content\/uploads\/2021\/04\/1452-2372-bearbeitet-768x1151.jpeg 768w\" sizes=\"(max-width: 684px) 100vw, 684px\" \/><\/figure><div class=\"wp-block-media-text__content\">\n<h2 class=\"wp-block-heading\">Der Ort<\/h2>\n\n\n\n<p>Beim Gang in die Tiefe<br>ein Rauschen, ein Rascheln, ein Wehen,<br>der Wald tut sich auf und im engen Tal<br>stehen beredt die h\u00f6lzerne Zelle,<br>die weissen Kapellen mit Ziegeld\u00e4chern,<br>schmalen Fenstern und Kreuzen.<br>Das Weite des Oben,<br>die Stille im Rauschen,<br>die Klarheit der Stille:<br>Alles erf\u00fcllt den Besucher<br>mit einem stummen Aha.<br>W\u00f6rter reichen nicht aus,<br>verwehen, zerplatzen, verl\u00f6schen.<br>Nicht so: das Wort!<br>Nicht so: der Ort!<\/p>\n<\/div><\/div>\n\n\n\n<div class=\"wp-block-columns is-layout-flex wp-container-core-columns-layout-1 wp-block-columns-is-layout-flex\">\n<div class=\"wp-block-column is-layout-flow wp-block-column-is-layout-flow\">\n<p>Po\u00e8me d\u2019Otto H\u00f6schle: \u00abRanft. Achtzehn poetische Betrachtungen zu Bruder Klaus\u00bb, IL-Verlag Bale, 2016<\/p>\n\n\n\n<p><br>Beaucoup d\u2019\u00e9glises et de lieux de spiritualit\u00e9, loin du Ranft d\u2019Obwald, prennent en compte de besoin de silence, et offrent des espaces de ressourcement. Il n\u2019est pas rare que ces endroits portent le nom de \u00abRanft\u00bb et soient \u00e0 leur mani\u00e8re en lien avec Fr\u00e8re Nicolas.<\/p>\n<\/div>\n<\/div>\n","protected":false},"excerpt":{"rendered":"<p>Ranft \u2013 Aspiration \u00e0 la Paix Un lieu tr\u00e8s proche et en m\u00eame temps lointain, indissociablement li\u00e9 \u00e0 Fr\u00e8re Nicolas.Le Ranft est un lieu de silence, d\u2019inspiration et de pri\u00e8re, une oasis de paix et de recueillement.Un lieu g\u00e9ographiquement r\u00e9el ainsi qu&#8217;un un lieu spirituel. Le Ranft n&#8217;est pas facile \u00e0 atteindre. Non sans une [&hellip;]<\/p>\n","protected":false},"author":3,"featured_media":2376,"parent":9180,"menu_order":199,"comment_status":"closed","ping_status":"closed","template":"","meta":{"_acf_changed":false,"footnotes":""},"acf":[],"_links":{"self":[{"href":"https:\/\/bruderklaus.com\/fr\/wp-json\/wp\/v2\/pages\/9353"}],"collection":[{"href":"https:\/\/bruderklaus.com\/fr\/wp-json\/wp\/v2\/pages"}],"about":[{"href":"https:\/\/bruderklaus.com\/fr\/wp-json\/wp\/v2\/types\/page"}],"author":[{"embeddable":true,"href":"https:\/\/bruderklaus.com\/fr\/wp-json\/wp\/v2\/users\/3"}],"replies":[{"embeddable":true,"href":"https:\/\/bruderklaus.com\/fr\/wp-json\/wp\/v2\/comments?post=9353"}],"version-history":[{"count":2,"href":"https:\/\/bruderklaus.com\/fr\/wp-json\/wp\/v2\/pages\/9353\/revisions"}],"predecessor-version":[{"id":9356,"href":"https:\/\/bruderklaus.com\/fr\/wp-json\/wp\/v2\/pages\/9353\/revisions\/9356"}],"up":[{"embeddable":true,"href":"https:\/\/bruderklaus.com\/fr\/wp-json\/wp\/v2\/pages\/9180"}],"wp:featuredmedia":[{"embeddable":true,"href":"https:\/\/bruderklaus.com\/fr\/wp-json\/wp\/v2\/media\/2376"}],"wp:attachment":[{"href":"https:\/\/bruderklaus.com\/fr\/wp-json\/wp\/v2\/media?parent=9353"}],"curies":[{"name":"wp","href":"https:\/\/api.w.org\/{rel}","templated":true}]}}