{"id":9338,"date":"2021-01-26T21:42:56","date_gmt":"2021-01-26T21:42:56","guid":{"rendered":"https:\/\/bruderklaus.com\/pilgergottesdienste\/"},"modified":"2022-07-25T15:55:11","modified_gmt":"2022-07-25T13:55:11","slug":"pilgergottesdienste","status":"publish","type":"page","link":"https:\/\/bruderklaus.com\/fr\/orte-informationen\/sachseln\/pilgergottesdienste\/","title":{"rendered":"Services aux p\u00e8lerins"},"content":{"rendered":"\n<h2 class=\"wp-block-heading\"><strong>Services aux paroisses et aux p\u00e8lerins<\/strong><\/h2>\n\n\n\n<p><br>Vous \u00eates cordialement invit\u00e9s \u00e0 participer aux c\u00e9l\u00e9brations des services paroissiaux \u00e0 Sachseln, \u00e0 Fl\u00fceli et \u00e0 Ranft.<br>Heures et lieux de service: <a href=\"https:\/\/bruderklaus.com\/agenda\/\">Agenda<\/a><\/p>\n\n\n\n<div class=\"wp-block-columns is-layout-flex wp-container-core-columns-layout-1 wp-block-columns-is-layout-flex\">\n<div class=\"wp-block-column is-layout-flow wp-block-column-is-layout-flow\">\n<hr class=\"wp-block-separator has-css-opacity\"\/>\n\n\n\n<h2 class=\"wp-block-heading\">Aum\u00f4nerie du p\u00e8lerinage<\/h2>\n\n\n\n<p>L&#8217;aum\u00f4nier se tient volontiers \u00e0 disposition pour les services religieux, les renseignements, les entretiens et le sacrement de la confession. <br><a href=\"https:\/\/bruderklaus.com\/fr\/kontakt\/seelsorge\/\">Contact<\/a><\/p>\n\n\n\n<p>On le trouve g\u00e9n\u00e9ralement d&#8217;avril \u00e0 octobre le vendredi au Ranft et le dimanche dans et autour de l&#8217;\u00e9glise paroissiale et de p\u00e8lerinage de Sachseln.<\/p>\n<\/div>\n<\/div>\n\n\n\n<hr class=\"wp-block-separator has-alpha-channel-opacity\"\/>\n\n\n\n<h2 class=\"wp-block-heading\"><strong>R\u00e9servation de services aux p\u00e8lerins<\/strong><\/h2>\n\n\n\n<p>Les \u00e9glises et chapelles sont \u00e0 la disposition des groupes de p\u00e8lerins pour leurs propres services, d\u00e9votions, impulsions, temps de pri\u00e8re, etc. Pour les groupes ne disposant pas de leur propre pr\u00eatre, l&#8217;aum\u00f4nier est disponible si possible.<\/p>\n\n\n<p><a class=\"c-btn-main\"  href=\"https:\/\/bruderklaus.com\/fr\/wallfahrt\/\">Bureau des p\u00e8lerins<\/a><\/p>\n\n\n<div class=\"wp-block-columns is-layout-flex wp-container-core-columns-layout-2 wp-block-columns-is-layout-flex\">\n<div class=\"wp-block-column is-layout-flow wp-block-column-is-layout-flow\">\n<hr class=\"wp-block-separator has-css-opacity\"\/>\n<\/div>\n<\/div>\n\n\n\n<div class=\"wp-block-columns is-layout-flex wp-container-core-columns-layout-3 wp-block-columns-is-layout-flex\">\n<div class=\"wp-block-column is-layout-flow wp-block-column-is-layout-flow\">\n<h2 class=\"wp-block-heading\"><strong>\u00c9glises et chapelles du lieu de p\u00e8lerinag<\/strong>e<\/h2>\n<\/div>\n<\/div>\n\n\n\n<div class=\"wp-block-columns is-layout-flex wp-container-core-columns-layout-7 wp-block-columns-is-layout-flex\">\n<div class=\"wp-block-column is-layout-flow wp-block-column-is-layout-flow\">\n<div class=\"wp-block-columns is-layout-flex wp-container-core-columns-layout-4 wp-block-columns-is-layout-flex\">\n<div class=\"wp-block-column is-layout-flow wp-block-column-is-layout-flow\" style=\"flex-basis:33.33%\">\n<figure class=\"wp-block-image size-large\"><img decoding=\"async\" width=\"1024\" height=\"826\" src=\"https:\/\/bruderklaus.com\/wp-content\/uploads\/2021\/03\/orte_sachseln_pfarrkirche_innen000045-1-1024x826.jpg\" alt=\"\" class=\"wp-image-795\" srcset=\"https:\/\/bruderklaus.com\/wp-content\/uploads\/2021\/03\/orte_sachseln_pfarrkirche_innen000045-1-1024x826.jpg 1024w, https:\/\/bruderklaus.com\/wp-content\/uploads\/2021\/03\/orte_sachseln_pfarrkirche_innen000045-1-300x242.jpg 300w, https:\/\/bruderklaus.com\/wp-content\/uploads\/2021\/03\/orte_sachseln_pfarrkirche_innen000045-1-768x620.jpg 768w, https:\/\/bruderklaus.com\/wp-content\/uploads\/2021\/03\/orte_sachseln_pfarrkirche_innen000045-1-1536x1239.jpg 1536w, https:\/\/bruderklaus.com\/wp-content\/uploads\/2021\/03\/orte_sachseln_pfarrkirche_innen000045-1-600x484.jpg 600w, https:\/\/bruderklaus.com\/wp-content\/uploads\/2021\/03\/orte_sachseln_pfarrkirche_innen000045-1.jpg 2048w\" sizes=\"(max-width: 1024px) 100vw, 1024px\" \/><\/figure>\n<\/div>\n\n\n\n<div class=\"wp-block-column is-layout-flow wp-block-column-is-layout-flow\" style=\"flex-basis:66.66%\">\n<p><strong>\u00c9glise paroissiale et de p\u00e8lerinage de Sachseln<\/strong><\/p>\n\n\n\n<p>L&#8217;\u00e9glise paroissiale et de p\u00e8lerinage abrite la tombe de Fr\u00e8re Nicolas depuis 1679. Le tableau de m\u00e9ditation et l&#8217;habit originaux du saint peuvent \u00eatre trouv\u00e9s ici.<\/p>\n\n\n\n<p>Capacit\u00e9: 500 personnes \/ orgue disponible<\/p>\n<\/div>\n<\/div>\n\n\n\n<hr class=\"wp-block-separator has-css-opacity is-style-default\"\/>\n\n\n\n<div class=\"wp-block-columns is-layout-flex wp-container-core-columns-layout-5 wp-block-columns-is-layout-flex\">\n<div class=\"wp-block-column is-layout-flow wp-block-column-is-layout-flow\" style=\"flex-basis:33.33%\">\n<figure class=\"wp-block-image size-large\"><img decoding=\"async\" src=\"https:\/\/bruderklaus.com\/wp-content\/uploads\/2021\/03\/20180905_085623_v1-1024x634.jpg\" alt=\"\" class=\"wp-image-1088\"\/><\/figure>\n<\/div>\n\n\n\n<div class=\"wp-block-column is-layout-flow wp-block-column-is-layout-flow\" style=\"flex-basis:66.66%\">\n<p><strong>Chapelle du tombeau de Sachseln<\/strong><\/p>\n\n\n\n<p>La premi\u00e8re s\u00e9pulture de Fr\u00e8re Nicolas se trouvait dans l&#8217;actuelle chapelle du tombeau. La chapelle est rattach\u00e9e \u00e0 l&#8217;\u00e9glise paroissiale et de p\u00e8lerinage de Sachseln.<\/p>\n\n\n\n<p>Capacit\u00e9: 50 personnes \/ sans orgue<\/p>\n<\/div>\n<\/div>\n\n\n\n<hr class=\"wp-block-separator has-css-opacity is-style-default\"\/>\n\n\n\n<div class=\"wp-block-columns is-layout-flex wp-container-core-columns-layout-6 wp-block-columns-is-layout-flex\">\n<div class=\"wp-block-column is-layout-flow wp-block-column-is-layout-flow\" style=\"flex-basis:33.33%\">\n<figure class=\"wp-block-image size-large\"><img decoding=\"async\" src=\"https:\/\/bruderklaus.com\/wp-content\/uploads\/2021\/03\/6073_Flueeli_Kapelle-Karl-Borromaeus_geschn-1-1024x822.jpg\" alt=\"\" class=\"wp-image-2482\"\/><\/figure>\n<\/div>\n\n\n\n<div class=\"wp-block-column is-layout-flow wp-block-column-is-layout-flow\" style=\"flex-basis:66.66%\">\n<p><strong>Chapelle de Fl\u00fceli<\/strong><\/p>\n\n\n\n<p>La chapelle Fl\u00fceli se dresse sur le rocher (Fluo) qui a donn\u00e9 son nom au village et \u00e0 Nicolas de Fl\u00fce. La chapelle a \u00e9t\u00e9 consacr\u00e9e \u00e0 Charles Borrom\u00e9e en 1618.<\/p>\n\n\n\n<p>Capacit\u00e9: 120 personnes \/ orgue disponible<\/p>\n<\/div>\n<\/div>\n<\/div>\n<\/div>\n\n\n\n<hr class=\"wp-block-separator has-css-opacity is-style-default\"\/>\n\n\n\n<div class=\"wp-block-columns is-layout-flex wp-container-core-columns-layout-8 wp-block-columns-is-layout-flex\">\n<div class=\"wp-block-column is-layout-flow wp-block-column-is-layout-flow\" style=\"flex-basis:33.33%\">\n<figure class=\"wp-block-image size-large\"><img decoding=\"async\" width=\"1024\" height=\"768\" src=\"https:\/\/bruderklaus.com\/wp-content\/uploads\/2021\/03\/Feierplatz-1-\u00a9-Bruder-Klaus-Sachseln.jpg\" alt=\"\" class=\"wp-image-1237\" srcset=\"https:\/\/bruderklaus.com\/wp-content\/uploads\/2021\/03\/Feierplatz-1-\u00a9-Bruder-Klaus-Sachseln.jpg 1024w, https:\/\/bruderklaus.com\/wp-content\/uploads\/2021\/03\/Feierplatz-1-\u00a9-Bruder-Klaus-Sachseln-300x225.jpg 300w, https:\/\/bruderklaus.com\/wp-content\/uploads\/2021\/03\/Feierplatz-1-\u00a9-Bruder-Klaus-Sachseln-768x576.jpg 768w, https:\/\/bruderklaus.com\/wp-content\/uploads\/2021\/03\/Feierplatz-1-\u00a9-Bruder-Klaus-Sachseln-600x450.jpg 600w\" sizes=\"(max-width: 1024px) 100vw, 1024px\" \/><\/figure>\n<\/div>\n\n\n\n<div class=\"wp-block-column is-layout-flow wp-block-column-is-layout-flow\" style=\"flex-basis:66.66%\">\n<p><strong>Place des f\u00eates de Fl\u00fceli<\/strong><\/p>\n\n\n\n<p>La place de f\u00eates au pied du rocher du Fl\u00fceli (sous la chapelle du Fl\u00fceli) con\u00e7u pour la canonisation du Fr\u00e8re Nicolas en 1947.<\/p>\n\n\n\n<p>Capacit\u00e9: environ 1 000 personnes \/ nombre limit\u00e9 de bancs et de chaises pliantes \/ la zone de l&#8217;autel est couverte.<\/p>\n<\/div>\n<\/div>\n\n\n\n<hr class=\"wp-block-separator has-css-opacity is-style-default\"\/>\n\n\n\n<div class=\"wp-block-columns is-layout-flex wp-container-core-columns-layout-9 wp-block-columns-is-layout-flex\">\n<div class=\"wp-block-column is-layout-flow wp-block-column-is-layout-flow\" style=\"flex-basis:33.33%\">\n<figure class=\"wp-block-image size-large\"><img decoding=\"async\" src=\"https:\/\/bruderklaus.com\/wp-content\/uploads\/2021\/03\/obere-ranftkapelle-innenraum1-1024x824.jpg\" alt=\"\" class=\"wp-image-1871\"\/><\/figure>\n<\/div>\n\n\n\n<div class=\"wp-block-column is-layout-flow wp-block-column-is-layout-flow\" style=\"flex-basis:66.66%\">\n<p><strong>Chapelle sup\u00e9rieure du Ranft<\/strong><\/p>\n\n\n\n<p>La chapelle sup\u00e9rieure du Ranft est reli\u00e9e \u00e0 la cellule d&#8217;ermite de Fr\u00e8re Nicolas. Fr\u00e8re Nicolas a v\u00e9cu ici pendant pr\u00e8s de vingt ans jusqu\u2019\u00e0 sa mort en 1487.<\/p>\n\n\n\n<p>Capacit\u00e9: 50 personnes \/ pas d&#8217;orgue disponible \/ pas de r\u00e9servation possible le dimanche<\/p>\n<\/div>\n<\/div>\n\n\n\n<hr class=\"wp-block-separator has-css-opacity\"\/>\n\n\n\n<div class=\"wp-block-columns is-layout-flex wp-container-core-columns-layout-10 wp-block-columns-is-layout-flex\">\n<div class=\"wp-block-column is-layout-flow wp-block-column-is-layout-flow\" style=\"flex-basis:33.33%\">\n<figure class=\"wp-block-image size-large\"><img decoding=\"async\" width=\"1024\" height=\"680\" src=\"https:\/\/bruderklaus.com\/wp-content\/uploads\/2021\/03\/ranft-glise-infrieure-51-1024x680.jpg\" alt=\"\" class=\"wp-image-1856\" srcset=\"https:\/\/bruderklaus.com\/wp-content\/uploads\/2021\/03\/ranft-glise-infrieure-51-1024x680.jpg 1024w, https:\/\/bruderklaus.com\/wp-content\/uploads\/2021\/03\/ranft-glise-infrieure-51-300x199.jpg 300w, https:\/\/bruderklaus.com\/wp-content\/uploads\/2021\/03\/ranft-glise-infrieure-51-768x510.jpg 768w, https:\/\/bruderklaus.com\/wp-content\/uploads\/2021\/03\/ranft-glise-infrieure-51-1536x1020.jpg 1536w, https:\/\/bruderklaus.com\/wp-content\/uploads\/2021\/03\/ranft-glise-infrieure-51-600x398.jpg 600w, https:\/\/bruderklaus.com\/wp-content\/uploads\/2021\/03\/ranft-glise-infrieure-51.jpg 2048w\" sizes=\"(max-width: 1024px) 100vw, 1024px\" \/><\/figure>\n<\/div>\n\n\n\n<div class=\"wp-block-column is-layout-flow wp-block-column-is-layout-flow\" style=\"flex-basis:66.66%\">\n<p><strong>Chapelle inf\u00e9rieure du Ranft<\/strong><\/p>\n\n\n\n<p>Apr\u00e8s la mort de Fr\u00e8re Nicolas, l\u2019affluence des p\u00e8lerins augmenta. En 1501, la plus grande chapelle inf\u00e9rieure du Ranft fut construite en 1501. C&#8217;est un joyau du gothique tardif, consacr\u00e9 en 1504.<\/p>\n\n\n\n<p>Capacit\u00e9: 140 personnes \/ pas d&#8217;orgue disponible<\/p>\n<\/div>\n<\/div>\n\n\n\n<hr class=\"wp-block-separator has-css-opacity\"\/>\n\n\n\n<div class=\"wp-block-columns is-layout-flex wp-container-core-columns-layout-11 wp-block-columns-is-layout-flex\">\n<div class=\"wp-block-column is-layout-flow wp-block-column-is-layout-flow\" style=\"flex-basis:33.33%\">\n<figure class=\"wp-block-image size-large\"><img decoding=\"async\" width=\"1024\" height=\"683\" src=\"https:\/\/bruderklaus.com\/wp-content\/uploads\/2021\/03\/Alp-Chlisterli-Kapelle-\u00a9-Bruder-Klaus-Sachseln-1-1024x683.jpg\" alt=\"\" class=\"wp-image-1557\" srcset=\"https:\/\/bruderklaus.com\/wp-content\/uploads\/2021\/03\/Alp-Chlisterli-Kapelle-\u00a9-Bruder-Klaus-Sachseln-1-1024x683.jpg 1024w, https:\/\/bruderklaus.com\/wp-content\/uploads\/2021\/03\/Alp-Chlisterli-Kapelle-\u00a9-Bruder-Klaus-Sachseln-1-300x200.jpg 300w, https:\/\/bruderklaus.com\/wp-content\/uploads\/2021\/03\/Alp-Chlisterli-Kapelle-\u00a9-Bruder-Klaus-Sachseln-1-768x512.jpg 768w, https:\/\/bruderklaus.com\/wp-content\/uploads\/2021\/03\/Alp-Chlisterli-Kapelle-\u00a9-Bruder-Klaus-Sachseln-1-1536x1025.jpg 1536w, https:\/\/bruderklaus.com\/wp-content\/uploads\/2021\/03\/Alp-Chlisterli-Kapelle-\u00a9-Bruder-Klaus-Sachseln-1-600x400.jpg 600w, https:\/\/bruderklaus.com\/wp-content\/uploads\/2021\/03\/Alp-Chlisterli-Kapelle-\u00a9-Bruder-Klaus-Sachseln-1.jpg 2048w\" sizes=\"(max-width: 1024px) 100vw, 1024px\" \/><\/figure>\n<\/div>\n\n\n\n<div class=\"wp-block-column is-layout-flow wp-block-column-is-layout-flow\" style=\"flex-basis:66.66%\">\n<p><strong>Chapelle de montagne Alp Chlisterli<\/strong><\/p>\n\n\n\n<p>La simple chapelle sur l&#8217;alpage Chlisterli comm\u00e9more Nicolas de Fl\u00fce, qui se cacha ici apr\u00e8s son retour de Liestal avant de se rendre au Ranft.<\/p>\n\n\n\n<p>Capacit\u00e9 : 6 personnes (int\u00e9rieur) \/ pas de branchement \u00e9lectrique<\/p>\n<\/div>\n<\/div>\n\n\n\n<hr class=\"wp-block-separator has-css-opacity\"\/>\n\n\n\n<p>Pour les services de p\u00e8lerinage dans les environs (Melchtal, St. Niklausen, Stalden etc.), le bureau des p\u00e8lerinages vous donne des contacts.<\/p>\n","protected":false},"excerpt":{"rendered":"<p>Services aux paroisses et aux p\u00e8lerins Vous \u00eates cordialement invit\u00e9s \u00e0 participer aux c\u00e9l\u00e9brations des services paroissiaux \u00e0 Sachseln, \u00e0 Fl\u00fceli et \u00e0 Ranft.Heures et lieux de service: Agenda Aum\u00f4nerie du p\u00e8lerinage L&#8217;aum\u00f4nier se tient volontiers \u00e0 disposition pour les services religieux, les renseignements, les entretiens et le sacrement de la confession. Contact On le [&hellip;]<\/p>\n","protected":false},"author":3,"featured_media":1187,"parent":9421,"menu_order":80,"comment_status":"closed","ping_status":"closed","template":"","meta":{"_acf_changed":false,"footnotes":""},"acf":[],"_links":{"self":[{"href":"https:\/\/bruderklaus.com\/fr\/wp-json\/wp\/v2\/pages\/9338"}],"collection":[{"href":"https:\/\/bruderklaus.com\/fr\/wp-json\/wp\/v2\/pages"}],"about":[{"href":"https:\/\/bruderklaus.com\/fr\/wp-json\/wp\/v2\/types\/page"}],"author":[{"embeddable":true,"href":"https:\/\/bruderklaus.com\/fr\/wp-json\/wp\/v2\/users\/3"}],"replies":[{"embeddable":true,"href":"https:\/\/bruderklaus.com\/fr\/wp-json\/wp\/v2\/comments?post=9338"}],"version-history":[{"count":5,"href":"https:\/\/bruderklaus.com\/fr\/wp-json\/wp\/v2\/pages\/9338\/revisions"}],"predecessor-version":[{"id":16409,"href":"https:\/\/bruderklaus.com\/fr\/wp-json\/wp\/v2\/pages\/9338\/revisions\/16409"}],"up":[{"embeddable":true,"href":"https:\/\/bruderklaus.com\/fr\/wp-json\/wp\/v2\/pages\/9421"}],"wp:featuredmedia":[{"embeddable":true,"href":"https:\/\/bruderklaus.com\/fr\/wp-json\/wp\/v2\/media\/1187"}],"wp:attachment":[{"href":"https:\/\/bruderklaus.com\/fr\/wp-json\/wp\/v2\/media?parent=9338"}],"curies":[{"name":"wp","href":"https:\/\/api.w.org\/{rel}","templated":true}]}}