{"id":9331,"date":"2021-03-15T20:56:39","date_gmt":"2021-03-15T20:56:39","guid":{"rendered":"https:\/\/bruderklaus.com\/kerns\/"},"modified":"2021-04-23T14:37:34","modified_gmt":"2021-04-23T12:37:34","slug":"kerns","status":"publish","type":"page","link":"https:\/\/bruderklaus.com\/fr\/orte-informationen\/weitere-orte\/kerns\/","title":{"rendered":"Kerns"},"content":{"rendered":"\n<h2 class=\"wp-block-heading\"><strong>\u00c9glise paroissiale de Kerns<\/strong><\/h2>\n\n\n\n<div class=\"wp-block-columns is-layout-flex wp-container-core-columns-layout-1 wp-block-columns-is-layout-flex\">\n<div class=\"wp-block-column is-layout-flow wp-block-column-is-layout-flow\" style=\"flex-basis:33.33%\">\n<figure class=\"wp-block-image size-large\"><img decoding=\"async\" width=\"768\" height=\"1024\" src=\"https:\/\/bruderklaus.com\/wp-content\/uploads\/2021\/03\/Kerns-0011-768x1024.jpg\" alt=\"\" class=\"wp-image-3845\" srcset=\"https:\/\/bruderklaus.com\/wp-content\/uploads\/2021\/03\/Kerns-0011-768x1024.jpg 768w, https:\/\/bruderklaus.com\/wp-content\/uploads\/2021\/03\/Kerns-0011-225x300.jpg 225w, https:\/\/bruderklaus.com\/wp-content\/uploads\/2021\/03\/Kerns-0011-1152x1536.jpg 1152w, https:\/\/bruderklaus.com\/wp-content\/uploads\/2021\/03\/Kerns-0011-600x800.jpg 600w, https:\/\/bruderklaus.com\/wp-content\/uploads\/2021\/03\/Kerns-0011.jpg 1200w\" sizes=\"(max-width: 768px) 100vw, 768px\" \/><\/figure>\n<\/div>\n\n\n\n<div class=\"wp-block-column is-layout-flow wp-block-column-is-layout-flow\" style=\"flex-basis:66.66%\">\n<p>Nicolas de Fl\u00fce a \u00e9t\u00e9 baptis\u00e9 dans l&#8217;\u00e9glise paroissiale de Kerns en 1417.<\/p>\n\n\n\n<p>Les fonts baptismaux sont partiellement conserv\u00e9s (\u00e0 l&#8217;int\u00e9rieur de l&#8217;\u00e9glise).<\/p>\n\n\n\n<p>L&#8217;\u00e9glise actuelle a \u00e9t\u00e9 construite par le ma\u00eetre d&#8217;\u0153uvre Jakob Singer en 1768, en l&#8217;honneur des saints Galles, Marie-Madeleine et de la Sainte-Croix.<\/p>\n\n\n\n<p>Apr\u00e8s un incendie en 1813, le ch\u0153ur et la tour ont \u00e9t\u00e9 reconstruits dans le style classique. Dans la niche du pignon au-dessus du portail principal se trouve une statue surdimensionn\u00e9e de Nicolas de Fl\u00fce par Franz Abart.<\/p>\n<\/div>\n<\/div>\n\n\n\n<div class=\"wp-block-columns is-layout-flex wp-container-core-columns-layout-2 wp-block-columns-is-layout-flex\">\n<div class=\"wp-block-column is-layout-flow wp-block-column-is-layout-flow\">\n<figure class=\"wp-block-image size-large\"><img decoding=\"async\" width=\"1024\" height=\"680\" src=\"https:\/\/bruderklaus.com\/wp-content\/uploads\/2021\/03\/Kerns-eglise-et-baptistere-de-Nicolas-05-1-1024x680.jpg\" alt=\"\" class=\"wp-image-4218\" srcset=\"https:\/\/bruderklaus.com\/wp-content\/uploads\/2021\/03\/Kerns-eglise-et-baptistere-de-Nicolas-05-1-1024x680.jpg 1024w, https:\/\/bruderklaus.com\/wp-content\/uploads\/2021\/03\/Kerns-eglise-et-baptistere-de-Nicolas-05-1.jpg 2560w, https:\/\/bruderklaus.com\/wp-content\/uploads\/2021\/03\/Kerns-eglise-et-baptistere-de-Nicolas-05-1-300x199.jpg 300w, https:\/\/bruderklaus.com\/wp-content\/uploads\/2021\/03\/Kerns-eglise-et-baptistere-de-Nicolas-05-1-768x510.jpg 768w, https:\/\/bruderklaus.com\/wp-content\/uploads\/2021\/03\/Kerns-eglise-et-baptistere-de-Nicolas-05-1-scaled.jpg 2048w\" sizes=\"(max-width: 1024px) 100vw, 1024px\" \/><\/figure>\n<\/div>\n\n\n\n<div class=\"wp-block-column is-layout-flow wp-block-column-is-layout-flow\">\n<figure class=\"wp-block-image size-large\"><img decoding=\"async\" width=\"1000\" height=\"666\" src=\"https:\/\/bruderklaus.com\/wp-content\/uploads\/2021\/04\/Skizze-Taufstein.jpg\" alt=\"\" class=\"wp-image-8379\" srcset=\"https:\/\/bruderklaus.com\/wp-content\/uploads\/2021\/04\/Skizze-Taufstein.jpg 1000w, https:\/\/bruderklaus.com\/wp-content\/uploads\/2021\/04\/Skizze-Taufstein-300x200.jpg 300w, https:\/\/bruderklaus.com\/wp-content\/uploads\/2021\/04\/Skizze-Taufstein-768x511.jpg 768w, https:\/\/bruderklaus.com\/wp-content\/uploads\/2021\/04\/Skizze-Taufstein-600x400.jpg 600w\" sizes=\"(max-width: 1000px) 100vw, 1000px\" \/><\/figure>\n<\/div>\n\n\n\n<div class=\"wp-block-column is-layout-flow wp-block-column-is-layout-flow\">\n<figure class=\"wp-block-image size-large\"><img decoding=\"async\" width=\"1024\" height=\"683\" src=\"https:\/\/bruderklaus.com\/wp-content\/uploads\/2021\/03\/Pfarrkirche-Kerns_Taufstein-Bruder-Klaus-1024x683.jpg\" alt=\"\" class=\"wp-image-4334\" srcset=\"https:\/\/bruderklaus.com\/wp-content\/uploads\/2021\/03\/Pfarrkirche-Kerns_Taufstein-Bruder-Klaus-1024x683.jpg 1024w, https:\/\/bruderklaus.com\/wp-content\/uploads\/2021\/03\/Pfarrkirche-Kerns_Taufstein-Bruder-Klaus.jpg 2560w, https:\/\/bruderklaus.com\/wp-content\/uploads\/2021\/03\/Pfarrkirche-Kerns_Taufstein-Bruder-Klaus-300x200.jpg 300w, https:\/\/bruderklaus.com\/wp-content\/uploads\/2021\/03\/Pfarrkirche-Kerns_Taufstein-Bruder-Klaus-768x512.jpg 768w, https:\/\/bruderklaus.com\/wp-content\/uploads\/2021\/03\/Pfarrkirche-Kerns_Taufstein-Bruder-Klaus-scaled.jpg 2048w\" sizes=\"(max-width: 1024px) 100vw, 1024px\" \/><\/figure>\n<\/div>\n<\/div>\n","protected":false},"excerpt":{"rendered":"<p>\u00c9glise paroissiale de Kerns Nicolas de Fl\u00fce a \u00e9t\u00e9 baptis\u00e9 dans l&#8217;\u00e9glise paroissiale de Kerns en 1417. Les fonts baptismaux sont partiellement conserv\u00e9s (\u00e0 l&#8217;int\u00e9rieur de l&#8217;\u00e9glise). L&#8217;\u00e9glise actuelle a \u00e9t\u00e9 construite par le ma\u00eetre d&#8217;\u0153uvre Jakob Singer en 1768, en l&#8217;honneur des saints Galles, Marie-Madeleine et de la Sainte-Croix. Apr\u00e8s un incendie en 1813, [&hellip;]<\/p>\n","protected":false},"author":3,"featured_media":3840,"parent":9680,"menu_order":2,"comment_status":"closed","ping_status":"closed","template":"","meta":{"_acf_changed":false,"footnotes":""},"acf":[],"_links":{"self":[{"href":"https:\/\/bruderklaus.com\/fr\/wp-json\/wp\/v2\/pages\/9331"}],"collection":[{"href":"https:\/\/bruderklaus.com\/fr\/wp-json\/wp\/v2\/pages"}],"about":[{"href":"https:\/\/bruderklaus.com\/fr\/wp-json\/wp\/v2\/types\/page"}],"author":[{"embeddable":true,"href":"https:\/\/bruderklaus.com\/fr\/wp-json\/wp\/v2\/users\/3"}],"replies":[{"embeddable":true,"href":"https:\/\/bruderklaus.com\/fr\/wp-json\/wp\/v2\/comments?post=9331"}],"version-history":[{"count":1,"href":"https:\/\/bruderklaus.com\/fr\/wp-json\/wp\/v2\/pages\/9331\/revisions"}],"predecessor-version":[{"id":9332,"href":"https:\/\/bruderklaus.com\/fr\/wp-json\/wp\/v2\/pages\/9331\/revisions\/9332"}],"up":[{"embeddable":true,"href":"https:\/\/bruderklaus.com\/fr\/wp-json\/wp\/v2\/pages\/9680"}],"wp:featuredmedia":[{"embeddable":true,"href":"https:\/\/bruderklaus.com\/fr\/wp-json\/wp\/v2\/media\/3840"}],"wp:attachment":[{"href":"https:\/\/bruderklaus.com\/fr\/wp-json\/wp\/v2\/media?parent=9331"}],"curies":[{"name":"wp","href":"https:\/\/api.w.org\/{rel}","templated":true}]}}