{"id":9324,"date":"2021-03-15T21:09:57","date_gmt":"2021-03-15T21:09:57","guid":{"rendered":"https:\/\/bruderklaus.com\/stalden\/"},"modified":"2021-04-23T14:33:15","modified_gmt":"2021-04-23T12:33:15","slug":"stalden","status":"publish","type":"page","link":"https:\/\/bruderklaus.com\/fr\/orte-informationen\/weitere-orte\/stalden\/","title":{"rendered":"Stalden"},"content":{"rendered":"\n<h2 class=\"wp-block-heading\"><strong><strong>\u00c9glise paroissiale de Schwendi<\/strong><\/strong><\/h2>\n\n\n\n<div class=\"wp-block-columns is-layout-flex wp-container-core-columns-layout-1 wp-block-columns-is-layout-flex\">\n<div class=\"wp-block-column is-layout-flow wp-block-column-is-layout-flow\" style=\"flex-basis:33.33%\">\n<figure class=\"wp-block-image size-large\"><img decoding=\"async\" width=\"768\" height=\"1024\" src=\"https:\/\/bruderklaus.com\/wp-content\/uploads\/2021\/03\/Pfarrkirche-Schwendi-mit-Brunnen-1-768x1024.jpg\" alt=\"\" class=\"wp-image-4120\" srcset=\"https:\/\/bruderklaus.com\/wp-content\/uploads\/2021\/03\/Pfarrkirche-Schwendi-mit-Brunnen-1-768x1024.jpg 768w, https:\/\/bruderklaus.com\/wp-content\/uploads\/2021\/03\/Pfarrkirche-Schwendi-mit-Brunnen-1-225x300.jpg 225w, https:\/\/bruderklaus.com\/wp-content\/uploads\/2021\/03\/Pfarrkirche-Schwendi-mit-Brunnen-1-1152x1536.jpg 1152w, https:\/\/bruderklaus.com\/wp-content\/uploads\/2021\/03\/Pfarrkirche-Schwendi-mit-Brunnen-1.jpg 1536w, https:\/\/bruderklaus.com\/wp-content\/uploads\/2021\/03\/Pfarrkirche-Schwendi-mit-Brunnen-1-600x800.jpg 600w\" sizes=\"(max-width: 768px) 100vw, 768px\" \/><\/figure>\n<\/div>\n\n\n\n<div class=\"wp-block-column is-layout-flow wp-block-column-is-layout-flow\" style=\"flex-basis:66.66%\">\n<p>Doroth\u00e9e Wyss est probablement n\u00e9e vers 1430\/2 comme fille de conseiller dans le \u00abSchwendi\u00bb, \u00e0 Stalden au dessus de Sarnen. L&#8217;ann\u00e9e exacte de sa naissance n&#8217;est pas connue.<\/p>\n\n\n\n<p>1702: Pose de la premi\u00e8re pierre de l&#8217; \u00e9glise ancienne actuelle.<\/p>\n\n\n\n<p>Les tr\u00e9sors \u00e0 l&#8217;int\u00e9rieur sont le ma\u00eetre-autel, les autels lat\u00e9raux de l&#8217;ancienne \u00e9glise, le tabernacle, une Madone du gothique tardif et la sculpture en bois de Fr\u00e8re Nicolas et Doroth\u00e9e.<\/p>\n\n\n\n<p><\/p>\n\n\n\n<p>Devant l&#8217;\u00e9glise : statue de fontaine \u00abNicolas et Doroth\u00e9e\u00bb de Hugo Imfeld (1916-1993).<\/p>\n<\/div>\n<\/div>\n\n\n\n<div class=\"wp-block-columns is-layout-flex wp-container-core-columns-layout-2 wp-block-columns-is-layout-flex\">\n<div class=\"wp-block-column is-layout-flow wp-block-column-is-layout-flow\">\n<figure class=\"wp-block-image size-large\"><img decoding=\"async\" width=\"1024\" height=\"765\" src=\"https:\/\/bruderklaus.com\/wp-content\/uploads\/2021\/03\/Brunnen-Imfeld-2_geschn-1-1024x765.jpg\" alt=\"\" class=\"wp-image-4117\" srcset=\"https:\/\/bruderklaus.com\/wp-content\/uploads\/2021\/03\/Brunnen-Imfeld-2_geschn-1-1024x765.jpg 1024w, https:\/\/bruderklaus.com\/wp-content\/uploads\/2021\/03\/Brunnen-Imfeld-2_geschn-1-300x224.jpg 300w, https:\/\/bruderklaus.com\/wp-content\/uploads\/2021\/03\/Brunnen-Imfeld-2_geschn-1-768x574.jpg 768w, https:\/\/bruderklaus.com\/wp-content\/uploads\/2021\/03\/Brunnen-Imfeld-2_geschn-1-1536x1147.jpg 1536w, https:\/\/bruderklaus.com\/wp-content\/uploads\/2021\/03\/Brunnen-Imfeld-2_geschn-1.jpg 2048w, https:\/\/bruderklaus.com\/wp-content\/uploads\/2021\/03\/Brunnen-Imfeld-2_geschn-1-600x448.jpg 600w\" sizes=\"(max-width: 1024px) 100vw, 1024px\" \/><\/figure>\n\n\n\n<p><\/p>\n<\/div>\n\n\n\n<div class=\"wp-block-column is-layout-flow wp-block-column-is-layout-flow\">\n<figure class=\"wp-block-image size-large\"><img decoding=\"async\" width=\"1024\" height=\"768\" src=\"https:\/\/bruderklaus.com\/wp-content\/uploads\/2021\/03\/Pfarrkirche-Schwendi-neuer-Teil-Blick-zum-Altar-1024x768.jpg\" alt=\"\" class=\"wp-image-4086\" srcset=\"https:\/\/bruderklaus.com\/wp-content\/uploads\/2021\/03\/Pfarrkirche-Schwendi-neuer-Teil-Blick-zum-Altar-1024x768.jpg 1024w, https:\/\/bruderklaus.com\/wp-content\/uploads\/2021\/03\/Pfarrkirche-Schwendi-neuer-Teil-Blick-zum-Altar-300x225.jpg 300w, https:\/\/bruderklaus.com\/wp-content\/uploads\/2021\/03\/Pfarrkirche-Schwendi-neuer-Teil-Blick-zum-Altar-768x576.jpg 768w, https:\/\/bruderklaus.com\/wp-content\/uploads\/2021\/03\/Pfarrkirche-Schwendi-neuer-Teil-Blick-zum-Altar-1536x1152.jpg 1536w, https:\/\/bruderklaus.com\/wp-content\/uploads\/2021\/03\/Pfarrkirche-Schwendi-neuer-Teil-Blick-zum-Altar.jpg 2048w, https:\/\/bruderklaus.com\/wp-content\/uploads\/2021\/03\/Pfarrkirche-Schwendi-neuer-Teil-Blick-zum-Altar-600x450.jpg 600w\" sizes=\"(max-width: 1024px) 100vw, 1024px\" \/><\/figure>\n<\/div>\n\n\n\n<div class=\"wp-block-column is-layout-flow wp-block-column-is-layout-flow\">\n<figure class=\"wp-block-image size-large\"><img decoding=\"async\" width=\"1024\" height=\"768\" src=\"https:\/\/bruderklaus.com\/wp-content\/uploads\/2021\/03\/BK-Dorothea-vor-Pfarrhaus-2-1024x768.jpg\" alt=\"\" class=\"wp-image-4090\" srcset=\"https:\/\/bruderklaus.com\/wp-content\/uploads\/2021\/03\/BK-Dorothea-vor-Pfarrhaus-2-1024x768.jpg 1024w, https:\/\/bruderklaus.com\/wp-content\/uploads\/2021\/03\/BK-Dorothea-vor-Pfarrhaus-2-300x225.jpg 300w, https:\/\/bruderklaus.com\/wp-content\/uploads\/2021\/03\/BK-Dorothea-vor-Pfarrhaus-2-768x576.jpg 768w, https:\/\/bruderklaus.com\/wp-content\/uploads\/2021\/03\/BK-Dorothea-vor-Pfarrhaus-2-1536x1152.jpg 1536w, https:\/\/bruderklaus.com\/wp-content\/uploads\/2021\/03\/BK-Dorothea-vor-Pfarrhaus-2.jpg 2048w, https:\/\/bruderklaus.com\/wp-content\/uploads\/2021\/03\/BK-Dorothea-vor-Pfarrhaus-2-600x450.jpg 600w\" sizes=\"(max-width: 1024px) 100vw, 1024px\" \/><\/figure>\n<\/div>\n<\/div>\n\n\n\n<p><\/p>\n","protected":false},"excerpt":{"rendered":"<p>\u00c9glise paroissiale de Schwendi Doroth\u00e9e Wyss est probablement n\u00e9e vers 1430\/2 comme fille de conseiller dans le \u00abSchwendi\u00bb, \u00e0 Stalden au dessus de Sarnen. L&#8217;ann\u00e9e exacte de sa naissance n&#8217;est pas connue. 1702: Pose de la premi\u00e8re pierre de l&#8217; \u00e9glise ancienne actuelle. Les tr\u00e9sors \u00e0 l&#8217;int\u00e9rieur sont le ma\u00eetre-autel, les autels lat\u00e9raux de l&#8217;ancienne [&hellip;]<\/p>\n","protected":false},"author":3,"featured_media":3856,"parent":9680,"menu_order":3,"comment_status":"closed","ping_status":"closed","template":"","meta":{"_acf_changed":false,"footnotes":""},"acf":[],"_links":{"self":[{"href":"https:\/\/bruderklaus.com\/fr\/wp-json\/wp\/v2\/pages\/9324"}],"collection":[{"href":"https:\/\/bruderklaus.com\/fr\/wp-json\/wp\/v2\/pages"}],"about":[{"href":"https:\/\/bruderklaus.com\/fr\/wp-json\/wp\/v2\/types\/page"}],"author":[{"embeddable":true,"href":"https:\/\/bruderklaus.com\/fr\/wp-json\/wp\/v2\/users\/3"}],"replies":[{"embeddable":true,"href":"https:\/\/bruderklaus.com\/fr\/wp-json\/wp\/v2\/comments?post=9324"}],"version-history":[{"count":1,"href":"https:\/\/bruderklaus.com\/fr\/wp-json\/wp\/v2\/pages\/9324\/revisions"}],"predecessor-version":[{"id":9326,"href":"https:\/\/bruderklaus.com\/fr\/wp-json\/wp\/v2\/pages\/9324\/revisions\/9326"}],"up":[{"embeddable":true,"href":"https:\/\/bruderklaus.com\/fr\/wp-json\/wp\/v2\/pages\/9680"}],"wp:featuredmedia":[{"embeddable":true,"href":"https:\/\/bruderklaus.com\/fr\/wp-json\/wp\/v2\/media\/3856"}],"wp:attachment":[{"href":"https:\/\/bruderklaus.com\/fr\/wp-json\/wp\/v2\/media?parent=9324"}],"curies":[{"name":"wp","href":"https:\/\/api.w.org\/{rel}","templated":true}]}}