{"id":9299,"date":"2021-03-23T13:48:09","date_gmt":"2021-03-23T13:48:09","guid":{"rendered":"https:\/\/bruderklaus.com\/ranft\/ob-ranftkapelle-einsiedelei\/"},"modified":"2021-04-23T12:13:58","modified_gmt":"2021-04-23T10:13:58","slug":"ob-ranftkapelle-einsiedelei","status":"publish","type":"page","link":"https:\/\/bruderklaus.com\/fr\/orte-informationen\/ranft\/ob-ranftkapelle-einsiedelei\/","title":{"rendered":"Chapelle sup\u00e9rieure\/cellule"},"content":{"rendered":"\n<div class=\"wp-block-columns is-layout-flex wp-container-core-columns-layout-1 wp-block-columns-is-layout-flex\">\n<div class=\"wp-block-column is-layout-flow wp-block-column-is-layout-flow\" style=\"flex-basis:33.33%\">\n<figure class=\"wp-block-image size-large\"><img decoding=\"async\" width=\"1024\" height=\"682\" src=\"https:\/\/bruderklaus.com\/wp-content\/uploads\/2021\/03\/obere-Ranftkapelle-mit-Zelle-\u00a9-Bruder-Klaus-Sachseln-1024x682.jpg\" alt=\"\" class=\"wp-image-2366\" srcset=\"https:\/\/bruderklaus.com\/wp-content\/uploads\/2021\/03\/obere-Ranftkapelle-mit-Zelle-\u00a9-Bruder-Klaus-Sachseln-1024x682.jpg 1024w, https:\/\/bruderklaus.com\/wp-content\/uploads\/2021\/03\/obere-Ranftkapelle-mit-Zelle-\u00a9-Bruder-Klaus-Sachseln-300x200.jpg 300w, https:\/\/bruderklaus.com\/wp-content\/uploads\/2021\/03\/obere-Ranftkapelle-mit-Zelle-\u00a9-Bruder-Klaus-Sachseln-768x512.jpg 768w, https:\/\/bruderklaus.com\/wp-content\/uploads\/2021\/03\/obere-Ranftkapelle-mit-Zelle-\u00a9-Bruder-Klaus-Sachseln-1536x1024.jpg 1536w, https:\/\/bruderklaus.com\/wp-content\/uploads\/2021\/03\/obere-Ranftkapelle-mit-Zelle-\u00a9-Bruder-Klaus-Sachseln.jpg 2048w, https:\/\/bruderklaus.com\/wp-content\/uploads\/2021\/03\/obere-Ranftkapelle-mit-Zelle-\u00a9-Bruder-Klaus-Sachseln-600x400.jpg 600w\" sizes=\"(max-width: 1024px) 100vw, 1024px\" \/><\/figure>\n<\/div>\n\n\n\n<div class=\"wp-block-column is-layout-flow wp-block-column-is-layout-flow\" style=\"flex-basis:66.66%\">\n<h2 class=\"wp-block-heading\">Chapelle sup\u00e9rieure du Ranft<\/h2>\n\n\n\n<p>Quatre rayons lumineux ont montr\u00e9 \u00e0 Nicolas de Fl\u00fce le chemin vers le Ranft. Il s\u2019y est \u00e9tabli enermite en 1467. Des amis et des voisins lui ont d\u2019abord construit une chapelle, puis une simple cellule. L\u2019\u00e9v\u00eaque auxiliaire de Constance, Thomas, consacra la chapelle en 1469. A cause de la pression de la pente, la chapelle a d\u00fb \u00eatre remplac\u00e9e et consacr\u00e9e \u00e0 nouveau \u00e0 la fin du 17<sup>i\u00e8me<\/sup> si\u00e8cle.<\/p>\n\n\n\n<p>Lors de la r\u00e9novation en 1986\/87, Alo\u00efs Spichtig am\u00e9nagea la sobre chapelle. Un cycle de panneaux tr\u00e8s expressifs de Balz Heimann sur la vie de Nicolas de Flue orne les murs de la chapelle.<\/p>\n<\/div>\n<\/div>\n\n\n\n<div class=\"wp-block-columns is-layout-flex wp-container-core-columns-layout-2 wp-block-columns-is-layout-flex\">\n<div class=\"wp-block-column is-layout-flow wp-block-column-is-layout-flow\"><\/div>\n<\/div>\n\n\n\n<div class=\"wp-block-columns is-layout-flex wp-container-core-columns-layout-3 wp-block-columns-is-layout-flex\">\n<div class=\"wp-block-column is-layout-flow wp-block-column-is-layout-flow\">\n<figure class=\"wp-block-image size-large\"><img decoding=\"async\" width=\"1024\" height=\"683\" src=\"https:\/\/bruderklaus.com\/wp-content\/uploads\/2021\/03\/Ranft_ob.-Kapelle_SL_DSC08022-3-1024x683.jpg\" alt=\"\" class=\"wp-image-2408\" srcset=\"https:\/\/bruderklaus.com\/wp-content\/uploads\/2021\/03\/Ranft_ob.-Kapelle_SL_DSC08022-3-1024x683.jpg 1024w, https:\/\/bruderklaus.com\/wp-content\/uploads\/2021\/03\/Ranft_ob.-Kapelle_SL_DSC08022-3-300x200.jpg 300w, https:\/\/bruderklaus.com\/wp-content\/uploads\/2021\/03\/Ranft_ob.-Kapelle_SL_DSC08022-3-768x512.jpg 768w, https:\/\/bruderklaus.com\/wp-content\/uploads\/2021\/03\/Ranft_ob.-Kapelle_SL_DSC08022-3-1536x1024.jpg 1536w, https:\/\/bruderklaus.com\/wp-content\/uploads\/2021\/03\/Ranft_ob.-Kapelle_SL_DSC08022-3.jpg 2048w, https:\/\/bruderklaus.com\/wp-content\/uploads\/2021\/03\/Ranft_ob.-Kapelle_SL_DSC08022-3-600x400.jpg 600w\" sizes=\"(max-width: 1024px) 100vw, 1024px\" \/><\/figure>\n<\/div>\n\n\n\n<div class=\"wp-block-column is-layout-flow wp-block-column-is-layout-flow\">\n<figure class=\"wp-block-image size-large\"><img decoding=\"async\" width=\"1024\" height=\"683\" src=\"https:\/\/bruderklaus.com\/wp-content\/uploads\/2021\/03\/Ranft_ob.-Kapelle_SL_DSC08022-6-1024x683.jpg\" alt=\"\" class=\"wp-image-2411\" srcset=\"https:\/\/bruderklaus.com\/wp-content\/uploads\/2021\/03\/Ranft_ob.-Kapelle_SL_DSC08022-6-1024x683.jpg 1024w, https:\/\/bruderklaus.com\/wp-content\/uploads\/2021\/03\/Ranft_ob.-Kapelle_SL_DSC08022-6-300x200.jpg 300w, https:\/\/bruderklaus.com\/wp-content\/uploads\/2021\/03\/Ranft_ob.-Kapelle_SL_DSC08022-6-768x512.jpg 768w, https:\/\/bruderklaus.com\/wp-content\/uploads\/2021\/03\/Ranft_ob.-Kapelle_SL_DSC08022-6-1536x1024.jpg 1536w, https:\/\/bruderklaus.com\/wp-content\/uploads\/2021\/03\/Ranft_ob.-Kapelle_SL_DSC08022-6.jpg 2048w, https:\/\/bruderklaus.com\/wp-content\/uploads\/2021\/03\/Ranft_ob.-Kapelle_SL_DSC08022-6-600x400.jpg 600w\" sizes=\"(max-width: 1024px) 100vw, 1024px\" \/><\/figure>\n<\/div>\n\n\n\n<div class=\"wp-block-column is-layout-flow wp-block-column-is-layout-flow\">\n<figure class=\"wp-block-image size-large\"><img decoding=\"async\" width=\"1024\" height=\"683\" src=\"https:\/\/bruderklaus.com\/wp-content\/uploads\/2021\/03\/Ranft_ob.-Kapelle_SL_DSC08022-1-1024x683.jpg\" alt=\"\" class=\"wp-image-2399\" srcset=\"https:\/\/bruderklaus.com\/wp-content\/uploads\/2021\/03\/Ranft_ob.-Kapelle_SL_DSC08022-1-1024x683.jpg 1024w, https:\/\/bruderklaus.com\/wp-content\/uploads\/2021\/03\/Ranft_ob.-Kapelle_SL_DSC08022-1-300x200.jpg 300w, https:\/\/bruderklaus.com\/wp-content\/uploads\/2021\/03\/Ranft_ob.-Kapelle_SL_DSC08022-1-768x512.jpg 768w, https:\/\/bruderklaus.com\/wp-content\/uploads\/2021\/03\/Ranft_ob.-Kapelle_SL_DSC08022-1-1536x1024.jpg 1536w, https:\/\/bruderklaus.com\/wp-content\/uploads\/2021\/03\/Ranft_ob.-Kapelle_SL_DSC08022-1.jpg 2048w, https:\/\/bruderklaus.com\/wp-content\/uploads\/2021\/03\/Ranft_ob.-Kapelle_SL_DSC08022-1-600x400.jpg 600w\" sizes=\"(max-width: 1024px) 100vw, 1024px\" \/><\/figure>\n<\/div>\n<\/div>\n\n\n\n<div class=\"wp-block-columns is-layout-flex wp-container-core-columns-layout-4 wp-block-columns-is-layout-flex\"><\/div>\n\n\n\n<div class=\"wp-block-columns is-layout-flex wp-container-core-columns-layout-5 wp-block-columns-is-layout-flex\">\n<div class=\"wp-block-column is-layout-flow wp-block-column-is-layout-flow\" style=\"flex-basis:33.33%\">\n<figure class=\"wp-block-image size-large\"><img decoding=\"async\" width=\"1024\" height=\"691\" src=\"https:\/\/bruderklaus.com\/wp-content\/uploads\/2021\/03\/Zelle-1-1024x691.jpg\" alt=\"\" class=\"wp-image-5435\" srcset=\"https:\/\/bruderklaus.com\/wp-content\/uploads\/2021\/03\/Zelle-1-1024x691.jpg 1024w, https:\/\/bruderklaus.com\/wp-content\/uploads\/2021\/03\/Zelle-1.jpg 2560w, https:\/\/bruderklaus.com\/wp-content\/uploads\/2021\/03\/Zelle-1-300x202.jpg 300w, https:\/\/bruderklaus.com\/wp-content\/uploads\/2021\/03\/Zelle-1-768x518.jpg 768w, https:\/\/bruderklaus.com\/wp-content\/uploads\/2021\/03\/Zelle-1-scaled.jpg 2048w\" sizes=\"(max-width: 1024px) 100vw, 1024px\" \/><\/figure>\n\n\n\n<p><\/p>\n<\/div>\n\n\n\n<div class=\"wp-block-column is-layout-flow wp-block-column-is-layout-flow\" style=\"flex-basis:66.66%\">\n<h2 class=\"wp-block-heading\">La cellule de l\u2019ermitage<\/h2>\n\n\n\n<p>La cellule adoss\u00e9e \u00e0 la chapelle correspond encore \u00e0 l\u2019original dans sa forme et ses mat\u00e9riaux. C\u2019est ici qu\u2019a v\u00e9cu Nicolas de Fl\u00fce en ermite pendant vingt ans et jusqu\u2019\u00e0 sa mort le 21 mars 1487.<\/p>\n\n\n\n<p>Sa cellule a deux fen\u00eatres. L\u2019une, dirig\u00e9e vers l\u2019autel, porte le regard vers Dieu. L\u2019autre va vers l\u2019ext\u00e9rieur, ouverte au monde. Au Ranft, Fr\u00e8re Nicolas est devenu un conseiller recherch\u00e9, un m\u00e9diateur et un pacificateur.<\/p>\n<\/div>\n<\/div>\n\n\n\n<div class=\"wp-block-columns is-layout-flex wp-container-core-columns-layout-6 wp-block-columns-is-layout-flex\">\n<div class=\"wp-block-column is-layout-flow wp-block-column-is-layout-flow\">\n<figure class=\"wp-block-image size-large\"><img decoding=\"async\" width=\"1024\" height=\"683\" src=\"https:\/\/bruderklaus.com\/wp-content\/uploads\/2021\/03\/Ranft_ob.-Kapelle_Kerzli_SL_DSC08033-1024x683.jpg\" alt=\"\" class=\"wp-image-2420\" srcset=\"https:\/\/bruderklaus.com\/wp-content\/uploads\/2021\/03\/Ranft_ob.-Kapelle_Kerzli_SL_DSC08033-1024x683.jpg 1024w, https:\/\/bruderklaus.com\/wp-content\/uploads\/2021\/03\/Ranft_ob.-Kapelle_Kerzli_SL_DSC08033-300x200.jpg 300w, https:\/\/bruderklaus.com\/wp-content\/uploads\/2021\/03\/Ranft_ob.-Kapelle_Kerzli_SL_DSC08033-768x512.jpg 768w, https:\/\/bruderklaus.com\/wp-content\/uploads\/2021\/03\/Ranft_ob.-Kapelle_Kerzli_SL_DSC08033-1536x1024.jpg 1536w, https:\/\/bruderklaus.com\/wp-content\/uploads\/2021\/03\/Ranft_ob.-Kapelle_Kerzli_SL_DSC08033.jpg 2048w, https:\/\/bruderklaus.com\/wp-content\/uploads\/2021\/03\/Ranft_ob.-Kapelle_Kerzli_SL_DSC08033-600x400.jpg 600w\" sizes=\"(max-width: 1024px) 100vw, 1024px\" \/><\/figure>\n<\/div>\n\n\n\n<div class=\"wp-block-column is-layout-flow wp-block-column-is-layout-flow\">\n<figure class=\"wp-block-image size-large\"><img decoding=\"async\" width=\"1024\" height=\"683\" src=\"https:\/\/bruderklaus.com\/wp-content\/uploads\/2021\/03\/orte_ranft_ob.ranftkapelle_bruder-klaus-ranft_35648882826_o1-1024x683.jpg\" alt=\"\" class=\"wp-image-1831\" srcset=\"https:\/\/bruderklaus.com\/wp-content\/uploads\/2021\/03\/orte_ranft_ob.ranftkapelle_bruder-klaus-ranft_35648882826_o1-1024x683.jpg 1024w, https:\/\/bruderklaus.com\/wp-content\/uploads\/2021\/03\/orte_ranft_ob.ranftkapelle_bruder-klaus-ranft_35648882826_o1.jpg 1280w, https:\/\/bruderklaus.com\/wp-content\/uploads\/2021\/03\/orte_ranft_ob.ranftkapelle_bruder-klaus-ranft_35648882826_o1-300x200.jpg 300w, https:\/\/bruderklaus.com\/wp-content\/uploads\/2021\/03\/orte_ranft_ob.ranftkapelle_bruder-klaus-ranft_35648882826_o1-768x512.jpg 768w, https:\/\/bruderklaus.com\/wp-content\/uploads\/2021\/03\/orte_ranft_ob.ranftkapelle_bruder-klaus-ranft_35648882826_o1-600x400.jpg 600w\" sizes=\"(max-width: 1024px) 100vw, 1024px\" \/><\/figure>\n<\/div>\n\n\n\n<div class=\"wp-block-column is-layout-flow wp-block-column-is-layout-flow\">\n<figure class=\"wp-block-image size-large\"><img decoding=\"async\" width=\"1024\" height=\"683\" src=\"https:\/\/bruderklaus.com\/wp-content\/uploads\/2021\/03\/orte_ranft_zelle_bruder-klaus-ranft_34879184783_o1-1024x683.jpg\" alt=\"\" class=\"wp-image-1891\" srcset=\"https:\/\/bruderklaus.com\/wp-content\/uploads\/2021\/03\/orte_ranft_zelle_bruder-klaus-ranft_34879184783_o1-1024x683.jpg 1024w, https:\/\/bruderklaus.com\/wp-content\/uploads\/2021\/03\/orte_ranft_zelle_bruder-klaus-ranft_34879184783_o1.jpg 1280w, https:\/\/bruderklaus.com\/wp-content\/uploads\/2021\/03\/orte_ranft_zelle_bruder-klaus-ranft_34879184783_o1-300x200.jpg 300w, https:\/\/bruderklaus.com\/wp-content\/uploads\/2021\/03\/orte_ranft_zelle_bruder-klaus-ranft_34879184783_o1-768x512.jpg 768w, https:\/\/bruderklaus.com\/wp-content\/uploads\/2021\/03\/orte_ranft_zelle_bruder-klaus-ranft_34879184783_o1-600x400.jpg 600w\" sizes=\"(max-width: 1024px) 100vw, 1024px\" \/><\/figure>\n<\/div>\n<\/div>\n","protected":false},"excerpt":{"rendered":"<p>Chapelle sup\u00e9rieure du Ranft Quatre rayons lumineux ont montr\u00e9 \u00e0 Nicolas de Fl\u00fce le chemin vers le Ranft. Il s\u2019y est \u00e9tabli enermite en 1467. Des amis et des voisins lui ont d\u2019abord construit une chapelle, puis une simple cellule. L\u2019\u00e9v\u00eaque auxiliaire de Constance, Thomas, consacra la chapelle en 1469. A cause de la pression [&hellip;]<\/p>\n","protected":false},"author":7,"featured_media":1874,"parent":9180,"menu_order":220,"comment_status":"closed","ping_status":"closed","template":"","meta":{"_acf_changed":false,"footnotes":""},"acf":[],"_links":{"self":[{"href":"https:\/\/bruderklaus.com\/fr\/wp-json\/wp\/v2\/pages\/9299"}],"collection":[{"href":"https:\/\/bruderklaus.com\/fr\/wp-json\/wp\/v2\/pages"}],"about":[{"href":"https:\/\/bruderklaus.com\/fr\/wp-json\/wp\/v2\/types\/page"}],"author":[{"embeddable":true,"href":"https:\/\/bruderklaus.com\/fr\/wp-json\/wp\/v2\/users\/7"}],"replies":[{"embeddable":true,"href":"https:\/\/bruderklaus.com\/fr\/wp-json\/wp\/v2\/comments?post=9299"}],"version-history":[{"count":4,"href":"https:\/\/bruderklaus.com\/fr\/wp-json\/wp\/v2\/pages\/9299\/revisions"}],"predecessor-version":[{"id":9310,"href":"https:\/\/bruderklaus.com\/fr\/wp-json\/wp\/v2\/pages\/9299\/revisions\/9310"}],"up":[{"embeddable":true,"href":"https:\/\/bruderklaus.com\/fr\/wp-json\/wp\/v2\/pages\/9180"}],"wp:featuredmedia":[{"embeddable":true,"href":"https:\/\/bruderklaus.com\/fr\/wp-json\/wp\/v2\/media\/1874"}],"wp:attachment":[{"href":"https:\/\/bruderklaus.com\/fr\/wp-json\/wp\/v2\/media?parent=9299"}],"curies":[{"name":"wp","href":"https:\/\/api.w.org\/{rel}","templated":true}]}}