{"id":9259,"date":"2021-03-15T21:25:09","date_gmt":"2021-03-15T21:25:09","guid":{"rendered":"https:\/\/bruderklaus.com\/moesli\/"},"modified":"2022-04-24T16:14:04","modified_gmt":"2022-04-24T14:14:04","slug":"moesli","status":"publish","type":"page","link":"https:\/\/bruderklaus.com\/fr\/orte-informationen\/weitere-orte\/moesli\/","title":{"rendered":"Chapelle M\u00f6sli"},"content":{"rendered":"\n<h2 class=\"wp-block-heading\"><strong>Chapelle M\u00f6sli<\/strong> du Fr\u00e8re Ulrich<\/h2>\n\n\n\n<div class=\"wp-block-columns is-layout-flex wp-container-core-columns-layout-1 wp-block-columns-is-layout-flex\">\n<div class=\"wp-block-column is-layout-flow wp-block-column-is-layout-flow\" style=\"flex-basis:33.33%\">\n<figure class=\"wp-block-image size-large\"><img decoding=\"async\" src=\"https:\/\/bruderklaus.com\/wp-content\/uploads\/2021\/03\/Moesli-2_Bild-Evi-R.-1024x765.jpg\" alt=\"\" class=\"wp-image-3884\"\/><\/figure>\n<\/div>\n\n\n\n<div class=\"wp-block-column is-layout-flow wp-block-column-is-layout-flow\" style=\"flex-basis:66.66%\">\n<p>La chapelle de&nbsp;M\u00f6sli est l&#8217;un des b\u00e2timents les plus remarquables de la fin du Moyen \u00c2ge \u00e0 Unterwalden. Le Fr\u00e8re Ulrich, pr\u00eatre de Memmingen, s&#8217;est install\u00e9 du c\u00f4t\u00e9 du Ranft en 1469 avec le consentement de Fr\u00e8re Nicolas. La chapelle a \u00e9t\u00e9 construite en 1484. \u00c0 l&#8217;int\u00e9rieur: cycle de fresques du XVIe si\u00e8cle et panneaux du XVIIIe si\u00e8cle avec des repr\u00e9sentations de la vie de Fr\u00e8re Ulrich, ainsi que l&#8217;une des premi\u00e8res illustrations pr\u00e9sum\u00e9es de Doroth\u00e9e Wyss.<\/p>\n\n\n\n<p>La chapelle de M\u00f6sli, construite par le Fr\u00e8re Ulrich en 1484, a \u00e9t\u00e9 ensuite consacr\u00e9e en l&#8217;honneur des saints Barth\u00e9lemy, Michel et Anna.<\/p>\n\n\n<p><a class=\"c-btn-main\"  href=\"https:\/\/2021.bruderklaus.com\/produkt\/kapelle-st-niklausen-und-kapelle-moesli\/\">Kapelle St. Niklausen und Kapelle M\u00f6sli<\/a><\/p><\/div>\n<\/div>\n\n\n\n<div class=\"wp-block-columns is-layout-flex wp-container-core-columns-layout-2 wp-block-columns-is-layout-flex\">\n<div class=\"wp-block-column is-layout-flow wp-block-column-is-layout-flow\">\n<figure class=\"wp-block-image size-large\"><img decoding=\"async\" src=\"https:\/\/bruderklaus.com\/wp-content\/uploads\/2021\/03\/Dorothee_moesli_4-866x1024.jpg\" alt=\"\" class=\"wp-image-3896\"\/><\/figure>\n\n\n\n<p><\/p>\n<\/div>\n\n\n\n<div class=\"wp-block-column is-layout-flow wp-block-column-is-layout-flow\">\n<figure class=\"wp-block-image size-large is-resized\"><img decoding=\"async\" src=\"https:\/\/bruderklaus.com\/wp-content\/uploads\/2021\/03\/Moesli_Kapelle_innen000069-1013x1024.jpg\" alt=\"\" class=\"wp-image-3890\" width=\"352\" height=\"355\"\/><\/figure>\n<\/div>\n\n\n\n<div class=\"wp-block-column is-layout-flow wp-block-column-is-layout-flow\">\n<figure class=\"wp-block-image size-large\"><img decoding=\"async\" src=\"https:\/\/bruderklaus.com\/wp-content\/uploads\/2021\/03\/Moesli_Kapelle_Fresko-BK-BrUlrich000070-892x1024.jpg\" alt=\"\" class=\"wp-image-3893\"\/><\/figure>\n<\/div>\n<\/div>\n\n\n<p><a class=\"c-btn-main\"  href=\"https:\/\/bruderklaus.com\/fr\/orte-informationen\/pilgerwege\/sarnen-flueeli-sachseln\/\">Autour de Fl\u00fceli-Ranft<\/a><\/p>","protected":false},"excerpt":{"rendered":"<p>Chapelle M\u00f6sli du Fr\u00e8re Ulrich La chapelle de&nbsp;M\u00f6sli est l&#8217;un des b\u00e2timents les plus remarquables de la fin du Moyen \u00c2ge \u00e0 Unterwalden. Le Fr\u00e8re Ulrich, pr\u00eatre de Memmingen, s&#8217;est install\u00e9 du c\u00f4t\u00e9 du Ranft en 1469 avec le consentement de Fr\u00e8re Nicolas. La chapelle a \u00e9t\u00e9 construite en 1484. \u00c0 l&#8217;int\u00e9rieur: cycle de fresques [&hellip;]<\/p>\n","protected":false},"author":3,"featured_media":3901,"parent":9680,"menu_order":1,"comment_status":"closed","ping_status":"closed","template":"","meta":{"_acf_changed":false,"footnotes":""},"acf":[],"_links":{"self":[{"href":"https:\/\/bruderklaus.com\/fr\/wp-json\/wp\/v2\/pages\/9259"}],"collection":[{"href":"https:\/\/bruderklaus.com\/fr\/wp-json\/wp\/v2\/pages"}],"about":[{"href":"https:\/\/bruderklaus.com\/fr\/wp-json\/wp\/v2\/types\/page"}],"author":[{"embeddable":true,"href":"https:\/\/bruderklaus.com\/fr\/wp-json\/wp\/v2\/users\/3"}],"replies":[{"embeddable":true,"href":"https:\/\/bruderklaus.com\/fr\/wp-json\/wp\/v2\/comments?post=9259"}],"version-history":[{"count":4,"href":"https:\/\/bruderklaus.com\/fr\/wp-json\/wp\/v2\/pages\/9259\/revisions"}],"predecessor-version":[{"id":15848,"href":"https:\/\/bruderklaus.com\/fr\/wp-json\/wp\/v2\/pages\/9259\/revisions\/15848"}],"up":[{"embeddable":true,"href":"https:\/\/bruderklaus.com\/fr\/wp-json\/wp\/v2\/pages\/9680"}],"wp:featuredmedia":[{"embeddable":true,"href":"https:\/\/bruderklaus.com\/fr\/wp-json\/wp\/v2\/media\/3901"}],"wp:attachment":[{"href":"https:\/\/bruderklaus.com\/fr\/wp-json\/wp\/v2\/media?parent=9259"}],"curies":[{"name":"wp","href":"https:\/\/api.w.org\/{rel}","templated":true}]}}